{"id":8084,"date":"2021-05-06T10:45:56","date_gmt":"2021-05-06T08:45:56","guid":{"rendered":"http:\/\/wp.colordruck.net\/approvisionnement\/"},"modified":"2024-06-11T12:23:50","modified_gmt":"2024-06-11T10:23:50","slug":"approvisionnement","status":"publish","type":"page","link":"https:\/\/www.colordruck.net\/fr\/approvisionnement\/","title":{"rendered":"Approvisionnement"},"content":{"rendered":"<p><div class=\"fusion-fullwidth fullwidth-box fusion-builder-row-1 fusion-flex-container nonhundred-percent-fullwidth non-hundred-percent-height-scrolling\" style=\"--awb-border-radius-top-left:0px;--awb-border-radius-top-right:0px;--awb-border-radius-bottom-right:0px;--awb-border-radius-bottom-left:0px;--awb-padding-bottom:0px;--awb-margin-bottom:0px;--awb-flex-wrap:wrap;\" ><div class=\"fusion-builder-row fusion-row fusion-flex-align-items-flex-start fusion-flex-content-wrap\" style=\"max-width:1248px;margin-left: calc(-4% \/ 2 );margin-right: calc(-4% \/ 2 );\"><div class=\"fusion-layout-column fusion_builder_column fusion-builder-column-0 fusion_builder_column_1_1 1_1 fusion-flex-column\" style=\"--awb-bg-size:cover;--awb-width-large:100%;--awb-margin-top-large:20px;--awb-spacing-right-large:1.92%;--awb-margin-bottom-large:20px;--awb-spacing-left-large:1.92%;--awb-width-medium:100%;--awb-order-medium:0;--awb-spacing-right-medium:1.92%;--awb-spacing-left-medium:1.92%;--awb-width-small:100%;--awb-order-small:0;--awb-spacing-right-small:1.92%;--awb-spacing-left-small:1.92%;\"><div class=\"fusion-column-wrapper fusion-column-has-shadow fusion-flex-justify-content-flex-start fusion-content-layout-column\"><div class=\"fusion-text fusion-text-1 awb-text-cols fusion-text-columns-2\" style=\"--awb-columns:2;--awb-column-spacing:50px;--awb-column-min-width:450px;\"><p style=\"text-align: justify;\">Nos principes d&rsquo;entreprise durable et notre responsabilit\u00e9 conform\u00e9ment aux certifications les plus \u00e9lev\u00e9es se refl\u00e8tent aussi directement dans notre politique d&rsquo;achat. Nous attendons de nos partenaires commerciaux qu&rsquo;ils agissent de mani\u00e8re durable, flexible et coop\u00e9rative dans une m\u00eame mesure, afin de pouvoir mettre en \u0153uvre les pr\u00e9occupations \u00e9conomiques, \u00e9cologiques et sociales de mani\u00e8re globale.<\/p>\n<\/div><\/div><\/div><\/div><\/div><div class=\"fusion-fullwidth fullwidth-box fusion-builder-row-2 fusion-flex-container nonhundred-percent-fullwidth non-hundred-percent-height-scrolling\" style=\"--awb-border-radius-top-left:0px;--awb-border-radius-top-right:0px;--awb-border-radius-bottom-right:0px;--awb-border-radius-bottom-left:0px;--awb-padding-top:0px;--awb-margin-top:20px;--awb-flex-wrap:wrap;\" ><div class=\"fusion-builder-row fusion-row fusion-flex-align-items-flex-start fusion-flex-content-wrap\" style=\"max-width:1248px;margin-left: calc(-4% \/ 2 );margin-right: calc(-4% \/ 2 );\"><div class=\"fusion-layout-column fusion_builder_column fusion-builder-column-1 fusion_builder_column_1_1 1_1 fusion-flex-column\" style=\"--awb-bg-size:cover;--awb-width-large:100%;--awb-margin-top-large:20px;--awb-spacing-right-large:1.92%;--awb-margin-bottom-large:20px;--awb-spacing-left-large:1.92%;--awb-width-medium:100%;--awb-order-medium:0;--awb-spacing-right-medium:1.92%;--awb-spacing-left-medium:1.92%;--awb-width-small:100%;--awb-order-small:0;--awb-spacing-right-small:1.92%;--awb-spacing-left-small:1.92%;\"><div class=\"fusion-column-wrapper fusion-column-has-shadow fusion-flex-justify-content-flex-start fusion-content-layout-column\"><div class=\"fusion-title title fusion-title-1 fusion-sep-none fusion-title-text fusion-title-size-two\"><h2 class=\"fusion-title-heading title-heading-left fusion-responsive-typography-calculated\" style=\"margin:0;--fontSize:40;line-height:1.2;\">Nos produits d&rsquo;approvisionnement.<\/h2><\/div><div class=\"accordian fusion-accordian\" style=\"--awb-border-size:1px;--awb-icon-size:16px;--awb-content-font-size:18px;--awb-icon-alignment:left;--awb-hover-color:var(--awb-color2);--awb-border-color:#e2e2e2;--awb-background-color:#ffffff;--awb-divider-color:#848484;--awb-divider-hover-color:#848484;--awb-icon-color:#ffffff;--awb-title-color:#002a5c;--awb-content-color:#002a5c;--awb-icon-box-color:#002a5c;--awb-toggle-hover-accent-color:#4eaf46;--awb-title-font-family:Arial, Helvetica, sans-serif;--awb-title-font-weight:700;--awb-title-font-style:normal;--awb-title-font-size:24px;--awb-title-letter-spacing:-0.016px;--awb-title-line-height:1.42;--awb-content-font-family:Arial, Helvetica, sans-serif;--awb-content-font-style:normal;--awb-content-font-weight:400;\"><div class=\"panel-group fusion-toggle-icon-boxed\" id=\"accordion-8084-1\"><div class=\"fusion-panel panel-default panel-3f673388b3957ba81 fusion-toggle-has-divider\" style=\"--awb-title-color:#002a5c;--awb-content-color:#002a5c;\"><div class=\"panel-heading\"><h4 class=\"panel-title toggle\" id=\"toggle_3f673388b3957ba81\"><a aria-expanded=\"false\" aria-controls=\"3f673388b3957ba81\" role=\"button\" data-toggle=\"collapse\" data-parent=\"#accordion-8084-1\" data-target=\"#3f673388b3957ba81\" href=\"#3f673388b3957ba81\"><span class=\"fusion-toggle-icon-wrapper\" aria-hidden=\"true\"><i class=\"fa-fusion-box active-icon awb-icon-minus\" aria-hidden=\"true\"><\/i><i class=\"fa-fusion-box inactive-icon awb-icon-plus\" aria-hidden=\"true\"><\/i><\/span><span class=\"fusion-toggle-heading\">Encres d&apos;impression<\/span><\/a><\/h4><\/div><div id=\"3f673388b3957ba81\" class=\"panel-collapse collapse \" aria-labelledby=\"toggle_3f673388b3957ba81\"><div class=\"panel-body toggle-content fusion-clearfix\">\n<ul>\n<li>Offset feuille \u00e0 feuille conventionnel \/ faible migration<\/li>\n<li>\u00c9chelle \/ couleurs de base pour le syst\u00e8me de m\u00e9lange<\/li>\n<\/ul>\n<div ><a class=\"fusion-button button-flat fusion-button-default-size button-default fusion-button-default button-1 fusion-button-default-span fusion-button-default-type\" target=\"_blank\" rel=\"noopener noreferrer\" href=\"https:\/\/www.colordruck.net\/wp-content\/uploads\/2023\/01\/RL_Farben-und-Lacke.pdf\"><span class=\"fusion-button-text awb-button__text awb-button__text--default\">Directives de qualit\u00e9<\/span><\/a><\/div>\n<\/div><\/div><\/div><div class=\"fusion-panel panel-default panel-7bb6111d856de6830 fusion-toggle-has-divider\" style=\"--awb-title-color:#002a5c;--awb-content-color:#002a5c;\"><div class=\"panel-heading\"><h4 class=\"panel-title toggle\" id=\"toggle_7bb6111d856de6830\"><a aria-expanded=\"false\" aria-controls=\"7bb6111d856de6830\" role=\"button\" data-toggle=\"collapse\" data-parent=\"#accordion-8084-1\" data-target=\"#7bb6111d856de6830\" href=\"#7bb6111d856de6830\"><span class=\"fusion-toggle-icon-wrapper\" aria-hidden=\"true\"><i class=\"fa-fusion-box active-icon awb-icon-minus\" aria-hidden=\"true\"><\/i><i class=\"fa-fusion-box inactive-icon awb-icon-plus\" aria-hidden=\"true\"><\/i><\/span><span class=\"fusion-toggle-heading\">Aides \u00e0 l&apos;impression<\/span><\/a><\/h4><\/div><div id=\"7bb6111d856de6830\" class=\"panel-collapse collapse \" aria-labelledby=\"toggle_7bb6111d856de6830\"><div class=\"panel-body toggle-content fusion-clearfix\">\n<ul>\n<li>Produits chimiques d\u2019impression<\/li>\n<li>Plaques d\u2019impression : CTP \/ Flexo<\/li>\n<li>Couvertures d\u2019impression<\/li>\n<\/ul>\n<div ><a class=\"fusion-button button-flat fusion-button-default-size button-default fusion-button-default button-2 fusion-button-default-span fusion-button-default-type\" target=\"_blank\" rel=\"noopener noreferrer\" href=\"https:\/\/www.colordruck.net\/wp-content\/uploads\/2023\/01\/RL_Farben-und-Lacke.pdf\"><span class=\"fusion-button-text awb-button__text awb-button__text--default\">Directives de qualit\u00e9<\/span><\/a><\/div>\n<\/div><\/div><\/div><div class=\"fusion-panel panel-default panel-4671a9b16f8511ea8 fusion-toggle-has-divider\" style=\"--awb-title-color:#002a5c;--awb-content-color:#002a5c;\"><div class=\"panel-heading\"><h4 class=\"panel-title toggle\" id=\"toggle_4671a9b16f8511ea8\"><a aria-expanded=\"false\" aria-controls=\"4671a9b16f8511ea8\" role=\"button\" data-toggle=\"collapse\" data-parent=\"#accordion-8084-1\" data-target=\"#4671a9b16f8511ea8\" href=\"#4671a9b16f8511ea8\"><span class=\"fusion-toggle-icon-wrapper\" aria-hidden=\"true\"><i class=\"fa-fusion-box active-icon awb-icon-minus\" aria-hidden=\"true\"><\/i><i class=\"fa-fusion-box inactive-icon awb-icon-plus\" aria-hidden=\"true\"><\/i><\/span><span class=\"fusion-toggle-heading\">Bo\u00eete pliante en carton ondul\u00e9<\/span><\/a><\/h4><\/div><div id=\"4671a9b16f8511ea8\" class=\"panel-collapse collapse \" aria-labelledby=\"toggle_4671a9b16f8511ea8\"><div class=\"panel-body toggle-content fusion-clearfix\">\n<ul>\n<li>Fefco 0200 \/ 0201 \/ Emballages d\u00e9coup\u00e9s \u00e0 l\u2019emporte-pi\u00e8ce<\/li>\n<li>Carton ondul\u00e9 simple et double paroi<\/li>\n<\/ul>\n<div ><a class=\"fusion-button button-flat fusion-button-default-size button-default fusion-button-default button-3 fusion-button-default-span fusion-button-default-type\" target=\"_self\" href=\"https:\/\/www.colordruck.net\/wp-content\/uploads\/2024\/06\/RL_Wellkisten-Stand-11.06.2024.pdf\"><span class=\"fusion-button-text awb-button__text awb-button__text--default\">Directives de qualit\u00e9<\/span><\/a><\/div>\n<\/div><\/div><\/div><div class=\"fusion-panel panel-default panel-ceefe43085d7b39d0 fusion-toggle-has-divider\" style=\"--awb-title-color:#002a5c;--awb-content-color:#002a5c;\"><div class=\"panel-heading\"><h4 class=\"panel-title toggle\" id=\"toggle_ceefe43085d7b39d0\"><a aria-expanded=\"false\" aria-controls=\"ceefe43085d7b39d0\" role=\"button\" data-toggle=\"collapse\" data-parent=\"#accordion-8084-1\" data-target=\"#ceefe43085d7b39d0\" href=\"#ceefe43085d7b39d0\"><span class=\"fusion-toggle-icon-wrapper\" aria-hidden=\"true\"><i class=\"fa-fusion-box active-icon awb-icon-minus\" aria-hidden=\"true\"><\/i><i class=\"fa-fusion-box inactive-icon awb-icon-plus\" aria-hidden=\"true\"><\/i><\/span><span class=\"fusion-toggle-heading\">Film et papier pour fen\u00eatres + PE<\/span><\/a><\/h4><\/div><div id=\"ceefe43085d7b39d0\" class=\"panel-collapse collapse \" aria-labelledby=\"toggle_ceefe43085d7b39d0\"><div class=\"panel-body toggle-content fusion-clearfix\">\n<p><strong>Pour le support de fen\u00eatre :<\/strong><br \/>\ncristal clair \/ s\u00e9curit\u00e9 alimentaire en rouleaux \u00e9troits<\/p>\n<p>&nbsp;<\/p>\n<ul>\n<li>PET Film de polyester<\/li>\n<li>PP Film de polypropyl\u00e8ne<\/li>\n<li>PVC film de chlorure de polyvinyle<\/li>\n<\/ul>\n<p><strong>Pour les sacs int\u00e9rieurs :<\/strong><\/p>\n<ul>\n<li>Papier kraft blanc avec rev\u00eatement PE<\/li>\n<li>Papier kraft blanc avec rev\u00eatement PE et aluminium<\/li>\n<\/ul>\n<div ><a class=\"fusion-button button-flat fusion-button-default-size button-default fusion-button-default button-4 fusion-button-default-span fusion-button-default-type\" target=\"_blank\" rel=\"noopener noreferrer\" href=\"https:\/\/www.colordruck.net\/wp-content\/uploads\/2023\/01\/RL_Fensterfolien-und-Papierrollenanlieferungen.pdf\"><span class=\"fusion-button-text awb-button__text awb-button__text--default\">Directives de qualit\u00e9<\/span><\/a><\/div>\n<\/div><\/div><\/div><div class=\"fusion-panel panel-default panel-2cdea605a33a5a74d fusion-toggle-has-divider\" style=\"--awb-title-color:#002a5c;--awb-content-color:#002a5c;\"><div class=\"panel-heading\"><h4 class=\"panel-title toggle\" id=\"toggle_2cdea605a33a5a74d\"><a aria-expanded=\"false\" aria-controls=\"2cdea605a33a5a74d\" role=\"button\" data-toggle=\"collapse\" data-parent=\"#accordion-8084-1\" data-target=\"#2cdea605a33a5a74d\" href=\"#2cdea605a33a5a74d\"><span class=\"fusion-toggle-icon-wrapper\" aria-hidden=\"true\"><i class=\"fa-fusion-box active-icon awb-icon-minus\" aria-hidden=\"true\"><\/i><i class=\"fa-fusion-box inactive-icon awb-icon-plus\" aria-hidden=\"true\"><\/i><\/span><span class=\"fusion-toggle-heading\">Estampage \u00e0 chaud<\/span><\/a><\/h4><\/div><div id=\"2cdea605a33a5a74d\" class=\"panel-collapse collapse \" aria-labelledby=\"toggle_2cdea605a33a5a74d\"><div class=\"panel-body toggle-content fusion-clearfix\">\n<ul>\n<li>Feuilles pour l&rsquo;estampage \u00e0 chaud<\/li>\n<\/ul>\n<p>&nbsp;<div ><a class=\"fusion-button button-flat fusion-button-default-size button-default fusion-button-default button-5 fusion-button-default-span fusion-button-default-type\" target=\"_blank\" rel=\"noopener noreferrer\" href=\"https:\/\/www.colordruck.net\/wp-content\/uploads\/2023\/01\/RL_Folien-zur-Heissfolienpraegung.pdf\"><span class=\"fusion-button-text awb-button__text awb-button__text--default\">Directives de qualit\u00e9<\/span><\/a><\/div>\n<\/div><\/div><\/div><div class=\"fusion-panel panel-default panel-8d1809edeb24987c0 fusion-toggle-has-divider\" style=\"--awb-title-color:#002a5c;--awb-content-color:#002a5c;\"><div class=\"panel-heading\"><h4 class=\"panel-title toggle\" id=\"toggle_8d1809edeb24987c0\"><a aria-expanded=\"false\" aria-controls=\"8d1809edeb24987c0\" role=\"button\" data-toggle=\"collapse\" data-parent=\"#accordion-8084-1\" data-target=\"#8d1809edeb24987c0\" href=\"#8d1809edeb24987c0\"><span class=\"fusion-toggle-icon-wrapper\" aria-hidden=\"true\"><i class=\"fa-fusion-box active-icon awb-icon-minus\" aria-hidden=\"true\"><\/i><i class=\"fa-fusion-box inactive-icon awb-icon-plus\" aria-hidden=\"true\"><\/i><\/span><span class=\"fusion-toggle-heading\">Substrats Carton compact 230 - 650 g\/m\u00b2.<\/span><\/a><\/h4><\/div><div id=\"8d1809edeb24987c0\" class=\"panel-collapse collapse \" aria-labelledby=\"toggle_8d1809edeb24987c0\"><div class=\"panel-body toggle-content fusion-clearfix\">\n<ul>\n<li>Chromocard GC 1 \/ GC2<\/li>\n<li>Chromoduplex GD 2<\/li>\n<li>Tableau de chromosulfate<\/li>\n<li>Chromotriplex GT 2<\/li>\n<li>Tableau gris<\/li>\n<li>Panneau avec rev\u00eatement PE<\/li>\n<li>Carton kraft<\/li>\n<li>Panneau de cellulose GN4<\/li>\n<li><\/li>\n<\/ul>\n<div ><a class=\"fusion-button button-flat fusion-button-default-size button-default fusion-button-default button-6 fusion-button-default-span fusion-button-default-type\" style=\"--button_margin-bottom:10px;\" target=\"_blank\" rel=\"noopener noreferrer\" href=\"https:\/\/www.colordruck.net\/wp-content\/uploads\/2023\/01\/RL_Kartonlieferanten.pdf\"><span class=\"fusion-button-text awb-button__text awb-button__text--default\">Directives de qualit\u00e9<\/span><\/a><\/div><div ><a class=\"fusion-button button-flat fusion-button-default-size button-default fusion-button-default button-7 fusion-button-default-span fusion-button-default-type\" style=\"--button_margin-bottom:10px;\" target=\"_blank\" rel=\"noopener noreferrer\" href=\"https:\/\/www.colordruck.net\/wp-content\/uploads\/2021\/05\/FFI-VDP-Technische-Richtlinie-Qualitaetsmerkmale-fuer-Faltschachtelkarton.pdf\"><span class=\"fusion-button-text awb-button__text awb-button__text--default\">Caract\u00e9ristiques de qualit\u00e9 du carton pour bo\u00eetes pliantes &#8211; guide technique<\/span><\/a><\/div><div ><a class=\"fusion-button button-flat fusion-button-default-size button-default fusion-button-default button-8 fusion-button-default-span fusion-button-default-type\" target=\"_blank\" rel=\"noopener noreferrer\" href=\"https:\/\/www.colordruck.net\/wp-content\/uploads\/2021\/05\/FFI_Technische_Richtlinie_Gute_Rillbarkeit_Stand_August_2018.pdf\"><span class=\"fusion-button-text awb-button__text awb-button__text--default\">Bonne cr\u00e9asbilit\u00e9 &#8211; directive technique<\/span><\/a><\/div>\n<\/div><\/div><\/div><div class=\"fusion-panel panel-default panel-63adee805e5df338e fusion-toggle-has-divider\" style=\"--awb-title-color:#002a5c;--awb-content-color:#002a5c;\"><div class=\"panel-heading\"><h4 class=\"panel-title toggle\" id=\"toggle_63adee805e5df338e\"><a aria-expanded=\"false\" aria-controls=\"63adee805e5df338e\" role=\"button\" data-toggle=\"collapse\" data-parent=\"#accordion-8084-1\" data-target=\"#63adee805e5df338e\" href=\"#63adee805e5df338e\"><span class=\"fusion-toggle-icon-wrapper\" aria-hidden=\"true\"><i class=\"fa-fusion-box active-icon awb-icon-minus\" aria-hidden=\"true\"><\/i><i class=\"fa-fusion-box inactive-icon awb-icon-plus\" aria-hidden=\"true\"><\/i><\/span><span class=\"fusion-toggle-heading\">Vernis<\/span><\/a><\/h4><\/div><div id=\"63adee805e5df338e\" class=\"panel-collapse collapse \" aria-labelledby=\"toggle_63adee805e5df338e\"><div class=\"panel-body toggle-content fusion-clearfix\">\n<p><strong>Rev\u00eatements de dispersion :<\/strong><\/p>\n<p>&nbsp;<\/p>\n<ul>\n<li>Barri\u00e8re<\/li>\n<li>Blister<\/li>\n<li>Brillant<\/li>\n<li>Brillant<\/li>\n<li>Matt<\/li>\n<li>Rev\u00eatements \u00e0 effets<\/li>\n<\/ul>\n<p><strong>Vernis UV :<br \/>\n<\/strong><\/p>\n<ul>\n<li>Brillant<\/li>\n<li>Matt<\/li>\n<li>gaufrable<\/li>\n<li>Rev\u00eatements \u00e0 effets<\/li>\n<\/ul>\n<div ><a class=\"fusion-button button-flat fusion-button-default-size button-default fusion-button-default button-9 fusion-button-default-span fusion-button-default-type\" target=\"_blank\" rel=\"noopener noreferrer\" href=\"https:\/\/www.colordruck.net\/wp-content\/uploads\/2023\/01\/RL_Farben-und-Lacke.pdf\"><span class=\"fusion-button-text awb-button__text awb-button__text--default\">Directives de qualit\u00e9<\/span><\/a><\/div>\n<\/div><\/div><\/div><div class=\"fusion-panel panel-default panel-bfa65ba80bc75e7a5 fusion-toggle-has-divider\" style=\"--awb-title-color:#002a5c;--awb-content-color:#002a5c;\"><div class=\"panel-heading\"><h4 class=\"panel-title toggle\" id=\"toggle_bfa65ba80bc75e7a5\"><a aria-expanded=\"false\" aria-controls=\"bfa65ba80bc75e7a5\" role=\"button\" data-toggle=\"collapse\" data-parent=\"#accordion-8084-1\" data-target=\"#bfa65ba80bc75e7a5\" href=\"#bfa65ba80bc75e7a5\"><span class=\"fusion-toggle-icon-wrapper\" aria-hidden=\"true\"><i class=\"fa-fusion-box active-icon awb-icon-minus\" aria-hidden=\"true\"><\/i><i class=\"fa-fusion-box inactive-icon awb-icon-plus\" aria-hidden=\"true\"><\/i><\/span><span class=\"fusion-toggle-heading\">Colles<\/span><\/a><\/h4><\/div><div id=\"bfa65ba80bc75e7a5\" class=\"panel-collapse collapse \" aria-labelledby=\"toggle_bfa65ba80bc75e7a5\"><div class=\"panel-body toggle-content fusion-clearfix\">\n<ul>\n<li>pour les disques de colle<\/li>\n<li>pour les syst\u00e8mes de buse<\/li>\n<li>pour le carton rev\u00eatu de PE<\/li>\n<li>pour le carton couch\u00e9 UV<\/li>\n<li>pour carton recouvert de cellophane<\/li>\n<li><\/li>\n<\/ul>\n<div ><a class=\"fusion-button button-flat fusion-button-default-size button-default fusion-button-default button-10 fusion-button-default-span fusion-button-default-type\" target=\"_blank\" rel=\"noopener noreferrer\" href=\"https:\/\/www.colordruck.net\/wp-content\/uploads\/2023\/01\/RL_Leimanlieferungen.pdf\"><span class=\"fusion-button-text awb-button__text awb-button__text--default\">Directives de qualit\u00e9<\/span><\/a><\/div>\n<\/div><\/div><\/div><div class=\"fusion-panel panel-default panel-109d42f2c5fd84d5d fusion-toggle-has-divider\" style=\"--awb-title-color:#002a5c;--awb-content-color:#002a5c;\"><div class=\"panel-heading\"><h4 class=\"panel-title toggle\" id=\"toggle_109d42f2c5fd84d5d\"><a aria-expanded=\"false\" aria-controls=\"109d42f2c5fd84d5d\" role=\"button\" data-toggle=\"collapse\" data-parent=\"#accordion-8084-1\" data-target=\"#109d42f2c5fd84d5d\" href=\"#109d42f2c5fd84d5d\"><span class=\"fusion-toggle-icon-wrapper\" aria-hidden=\"true\"><i class=\"fa-fusion-box active-icon awb-icon-minus\" aria-hidden=\"true\"><\/i><i class=\"fa-fusion-box inactive-icon awb-icon-plus\" aria-hidden=\"true\"><\/i><\/span><span class=\"fusion-toggle-heading\">Fabrication sous contrat<\/span><\/a><\/h4><\/div><div id=\"109d42f2c5fd84d5d\" class=\"panel-collapse collapse \" aria-labelledby=\"toggle_109d42f2c5fd84d5d\"><div class=\"panel-body toggle-content fusion-clearfix\">\n<ul>\n<li>pour l&rsquo;impression contractuelle<\/li>\n<li>pour le d\u00e9coupage et le collage \u00e0 fa\u00e7on<\/li>\n<li>pour la finition<\/li>\n<\/ul>\n<p>&nbsp;<div ><a class=\"fusion-button button-flat fusion-button-default-size button-default fusion-button-default button-11 fusion-button-default-span fusion-button-default-type\" target=\"_blank\" rel=\"noopener noreferrer\" href=\"https:\/\/www.colordruck.net\/wp-content\/uploads\/2023\/01\/RL_Lohnfertiger.pdf\"><span class=\"fusion-button-text awb-button__text awb-button__text--default\">Directives de qualit\u00e9<\/span><\/a><\/div>\n<\/div><\/div><\/div><div class=\"fusion-panel panel-default panel-9474dba86ea465973 fusion-toggle-has-divider\" style=\"--awb-title-color:#002a5c;--awb-content-color:#002a5c;\"><div class=\"panel-heading\"><h4 class=\"panel-title toggle\" id=\"toggle_9474dba86ea465973\"><a aria-expanded=\"false\" aria-controls=\"9474dba86ea465973\" role=\"button\" data-toggle=\"collapse\" data-parent=\"#accordion-8084-1\" data-target=\"#9474dba86ea465973\" href=\"#9474dba86ea465973\"><span class=\"fusion-toggle-icon-wrapper\" aria-hidden=\"true\"><i class=\"fa-fusion-box active-icon awb-icon-minus\" aria-hidden=\"true\"><\/i><i class=\"fa-fusion-box inactive-icon awb-icon-plus\" aria-hidden=\"true\"><\/i><\/span><span class=\"fusion-toggle-heading\">Fournisseurs d&apos;outils de poin\u00e7onnage et de gaufrage<\/span><\/a><\/h4><\/div><div id=\"9474dba86ea465973\" class=\"panel-collapse collapse \" aria-labelledby=\"toggle_9474dba86ea465973\"><div class=\"panel-body toggle-content fusion-clearfix\">\n<ul>\n<li>Outils d\u2019estampage<\/li>\n<li>Outils de d\u00e9nudage<\/li>\n<li>Gaufrage aveugle en braille \/ gaufrage \u00e9lev\u00e9<\/li>\n<li>Rainures de poin\u00e7onnage<\/li>\n<li>Estampage \u00e0 chaud<\/li>\n<li><\/li>\n<\/ul>\n<div ><a class=\"fusion-button button-flat fusion-button-default-size button-default fusion-button-default button-12 fusion-button-default-span fusion-button-default-type\" target=\"_blank\" rel=\"noopener noreferrer\" href=\"https:\/\/www.colordruck.net\/wp-content\/uploads\/2023\/01\/RL_Stanzwerkzeug-und-Heissfolienpraegewerkzueug.pdf\"><span class=\"fusion-button-text awb-button__text awb-button__text--default\">Directives de qualit\u00e9<\/span><\/a><\/div>\n<\/div><\/div><\/div><\/div><\/div><\/div><\/div><div class=\"fusion-layout-column fusion_builder_column fusion-builder-column-2 fusion_builder_column_1_1 1_1 fusion-flex-column\" style=\"--awb-bg-size:cover;--awb-width-large:100%;--awb-margin-top-large:20px;--awb-spacing-right-large:1.92%;--awb-margin-bottom-large:20px;--awb-spacing-left-large:1.92%;--awb-width-medium:100%;--awb-order-medium:0;--awb-spacing-right-medium:1.92%;--awb-spacing-left-medium:1.92%;--awb-width-small:100%;--awb-order-small:0;--awb-spacing-right-small:1.92%;--awb-spacing-left-small:1.92%;\"><div class=\"fusion-column-wrapper fusion-column-has-shadow fusion-flex-justify-content-flex-start fusion-content-layout-column\"><div class=\"fusion-text fusion-text-2 awb-text-cols fusion-text-columns-2\" style=\"--awb-columns:2;--awb-column-spacing:50px;--awb-column-min-width:450px;\"><p>Veuillez prendre note de nos conditions g\u00e9n\u00e9rales d&rsquo;achat.<\/p>\n<\/div><div ><a class=\"fusion-button button-flat fusion-button-default-size button-default fusion-button-default button-13 fusion-button-default-span fusion-button-default-type\" style=\"--button_margin-top:10px;\" target=\"_blank\" rel=\"noopener noreferrer\" href=\"https:\/\/www.colordruck.net\/wp-content\/uploads\/2021\/05\/colordruck-Einkaufs-_und_Auftragsbedingungen_-_Stand_01.04.2012_DE.pdf\"><span class=\"fusion-button-text awb-button__text awb-button__text--default\">Conditions g\u00e9n\u00e9rales d&rsquo;achat<\/span><\/a><\/div><\/div><\/div><\/div><\/div><\/p>\n","protected":false},"excerpt":{"rendered":"","protected":false},"author":2,"featured_media":0,"parent":0,"menu_order":0,"comment_status":"closed","ping_status":"closed","template":"","meta":{"footnotes":""},"class_list":["post-8084","page","type-page","status-publish","hentry"],"_links":{"self":[{"href":"https:\/\/www.colordruck.net\/fr\/wp-json\/wp\/v2\/pages\/8084","targetHints":{"allow":["GET"]}}],"collection":[{"href":"https:\/\/www.colordruck.net\/fr\/wp-json\/wp\/v2\/pages"}],"about":[{"href":"https:\/\/www.colordruck.net\/fr\/wp-json\/wp\/v2\/types\/page"}],"author":[{"embeddable":true,"href":"https:\/\/www.colordruck.net\/fr\/wp-json\/wp\/v2\/users\/2"}],"replies":[{"embeddable":true,"href":"https:\/\/www.colordruck.net\/fr\/wp-json\/wp\/v2\/comments?post=8084"}],"version-history":[{"count":8,"href":"https:\/\/www.colordruck.net\/fr\/wp-json\/wp\/v2\/pages\/8084\/revisions"}],"predecessor-version":[{"id":17449,"href":"https:\/\/www.colordruck.net\/fr\/wp-json\/wp\/v2\/pages\/8084\/revisions\/17449"}],"wp:attachment":[{"href":"https:\/\/www.colordruck.net\/fr\/wp-json\/wp\/v2\/media?parent=8084"}],"curies":[{"name":"wp","href":"https:\/\/api.w.org\/{rel}","templated":true}]}}