{"id":7531,"date":"2021-05-05T08:41:36","date_gmt":"2021-05-05T06:41:36","guid":{"rendered":"http:\/\/wp.colordruck.net\/prestations\/secteurs\/alimentation\/"},"modified":"2021-05-05T08:47:40","modified_gmt":"2021-05-05T06:47:40","slug":"alimentation","status":"publish","type":"page","link":"https:\/\/www.colordruck.net\/fr\/produits\/secteurs\/alimentation\/","title":{"rendered":"Alimentation"},"content":{"rendered":"<p><div class=\"fusion-fullwidth fullwidth-box fusion-builder-row-1 fusion-flex-container nonhundred-percent-fullwidth non-hundred-percent-height-scrolling\" style=\"--awb-border-radius-top-left:0px;--awb-border-radius-top-right:0px;--awb-border-radius-bottom-right:0px;--awb-border-radius-bottom-left:0px;--awb-flex-wrap:wrap;\" ><div class=\"fusion-builder-row fusion-row fusion-flex-align-items-flex-start fusion-flex-content-wrap\" style=\"max-width:1248px;margin-left: calc(-4% \/ 2 );margin-right: calc(-4% \/ 2 );\"><div class=\"fusion-layout-column fusion_builder_column fusion-builder-column-0 fusion_builder_column_1_1 1_1 fusion-flex-column\" style=\"--awb-bg-size:cover;--awb-width-large:100%;--awb-margin-top-large:20px;--awb-spacing-right-large:1.92%;--awb-margin-bottom-large:20px;--awb-spacing-left-large:1.92%;--awb-width-medium:100%;--awb-order-medium:0;--awb-spacing-right-medium:1.92%;--awb-spacing-left-medium:1.92%;--awb-width-small:100%;--awb-order-small:0;--awb-spacing-right-small:1.92%;--awb-spacing-left-small:1.92%;\"><div class=\"fusion-column-wrapper fusion-column-has-shadow fusion-flex-justify-content-flex-start fusion-content-layout-column\"><div class=\"fusion-text fusion-text-1 awb-text-cols fusion-text-columns-2\" style=\"--awb-columns:2;--awb-column-spacing:50px;--awb-column-min-width:450px;\"><p style=\"text-align: justify;\">L&rsquo;industrie alimentaire se caract\u00e9rise par un d\u00e9veloppement extr\u00eamement dynamique. Les consommateurs modifient rapidement leurs habitudes alimentaires et sont tr\u00e8s sensibles aux questions environnementales.<\/p>\n<p style=\"text-align: justify;\">Plus de 90 % des aliments qui arrivent sur le march\u00e9 en Europe occidentale sont emball\u00e9s. Les pr\u00e9occupations des fabricants, des d\u00e9taillants et des consommateurs jouent toutes un r\u00f4le aussi important les unes que les autres pour r\u00e9pondre aux exigences croissantes d&rsquo;une politique d&#8217;emballage durable. Il existe une demande pour des emballages alimentaires tendance, faciles \u00e0 manipuler et rentables.<\/p>\n<p style=\"text-align: justify;\">En tant que partenaire innovant et fiable de l&rsquo;industrie alimentaire, nous pouvons r\u00e9agir rapidement et avec souplesse aux changements du march\u00e9. Nous comprenons les nouvelles circonstances comme des d\u00e9fis, que nous traitons et r\u00e9solvons individuellement pour vous. Qu&rsquo;il s&rsquo;agisse d&#8217;emballages standard, de conceptions sp\u00e9ciales ou de solutions particuli\u00e8res, nous offrons un service complet, de l&rsquo;id\u00e9e \u00e0 la solution compl\u00e8te emball\u00e9e, en douceur, \u00e0 partir d&rsquo;une source unique.<\/p>\n<p style=\"text-align: justify;\">Pour que vos emballages alimentaires marquent des points sur le point de vente gr\u00e2ce \u00e0 une conception d&#8217;emballage brillante, nous fournissons \u00e9galement des conseils complets sur le choix du mat\u00e9riel d&rsquo;impression appropri\u00e9 et des finitions possibles.<\/p>\n<p style=\"text-align: justify;\">Notre gestion de l&rsquo;hygi\u00e8ne certifi\u00e9e <a href=\"http:\/\/wp.colordruck.net\/wp-content\/uploads\/2021\/04\/BRC_Pack6-2020-08-21-deutsch-gueltig-bis-26.08.2021.pdf\"><strong>BRC<\/strong> (Global Standard for Packaging and Packaging Materials)<\/a> vous garantit le plus haut niveau de s\u00e9curit\u00e9.<\/p>\n<\/div><\/div><\/div><\/div><\/div><div class=\"fusion-fullwidth fullwidth-box fusion-builder-row-2 fusion-flex-container nonhundred-percent-fullwidth non-hundred-percent-height-scrolling\" style=\"--awb-border-radius-top-left:0px;--awb-border-radius-top-right:0px;--awb-border-radius-bottom-right:0px;--awb-border-radius-bottom-left:0px;--awb-padding-top:0px;--awb-flex-wrap:wrap;\" ><div class=\"fusion-builder-row fusion-row fusion-flex-align-items-flex-start fusion-flex-content-wrap\" style=\"max-width:1248px;margin-left: calc(-4% \/ 2 );margin-right: calc(-4% \/ 2 );\"><div class=\"fusion-layout-column fusion_builder_column fusion-builder-column-1 fusion_builder_column_1_3 1_3 fusion-flex-column\" style=\"--awb-padding-top:25px;--awb-padding-right:25px;--awb-padding-bottom:25px;--awb-padding-left:25px;--awb-overflow:hidden;--awb-bg-size:cover;--awb-border-color:rgba(198,198,198,0.41);--awb-border-top:1px;--awb-border-right:1px;--awb-border-bottom:1px;--awb-border-left:1px;--awb-border-style:solid;--awb-border-radius:8px 8px 8px 8px;--awb-width-large:33.333333333333%;--awb-margin-top-large:20px;--awb-spacing-right-large:5.76%;--awb-margin-bottom-large:20px;--awb-spacing-left-large:5.76%;--awb-width-medium:33.333333333333%;--awb-order-medium:0;--awb-spacing-right-medium:5.76%;--awb-spacing-left-medium:5.76%;--awb-width-small:100%;--awb-order-small:0;--awb-spacing-right-small:1.92%;--awb-spacing-left-small:1.92%;\"><div class=\"fusion-column-wrapper fusion-column-has-shadow fusion-flex-justify-content-flex-start fusion-content-layout-column\"><div class=\"fusion-text fusion-text-2\"><p><span style=\"color: #4eaf46;\"><strong>Bo\u00eetes pliantes<\/strong><\/span><\/p>\n<p>En plus de la protection compl\u00e8te du produit, la bo\u00eete pliante offre beaucoup d'espace pour les impressions, les informations sur le contenu, l'\u00e9tiquetage et la publicit\u00e9.<\/p>\n<\/div><\/div><\/div><div class=\"fusion-layout-column fusion_builder_column fusion-builder-column-2 fusion_builder_column_1_3 1_3 fusion-flex-column\" style=\"--awb-padding-top:25px;--awb-padding-right:25px;--awb-padding-bottom:25px;--awb-padding-left:25px;--awb-overflow:hidden;--awb-bg-size:cover;--awb-border-color:rgba(198,198,198,0.41);--awb-border-top:1px;--awb-border-right:1px;--awb-border-bottom:1px;--awb-border-left:1px;--awb-border-style:solid;--awb-border-radius:8px 8px 8px 8px;--awb-width-large:33.333333333333%;--awb-margin-top-large:20px;--awb-spacing-right-large:5.76%;--awb-margin-bottom-large:20px;--awb-spacing-left-large:5.76%;--awb-width-medium:33.333333333333%;--awb-order-medium:0;--awb-spacing-right-medium:5.76%;--awb-spacing-left-medium:5.76%;--awb-width-small:100%;--awb-order-small:0;--awb-spacing-right-small:1.92%;--awb-spacing-left-small:1.92%;\"><div class=\"fusion-column-wrapper fusion-column-has-shadow fusion-flex-justify-content-flex-start fusion-content-layout-column\"><div class=\"fusion-text fusion-text-3\"><p><span style=\"color: #4eaf46;\"><strong>Emballage \u00e0 couvercle<\/strong><\/span><\/p>\n<p>Emballage \u00e0 couvercle - compos\u00e9 d'un fond et d'un couvercle - impressionne par sa grande stabilit\u00e9 et sa tr\u00e8s bonne r\u00e9utilisabilit\u00e9.<\/p>\n<\/div><\/div><\/div><div class=\"fusion-layout-column fusion_builder_column fusion-builder-column-3 fusion_builder_column_1_3 1_3 fusion-flex-column\" style=\"--awb-padding-top:25px;--awb-padding-right:25px;--awb-padding-bottom:25px;--awb-padding-left:25px;--awb-overflow:hidden;--awb-bg-size:cover;--awb-border-color:rgba(198,198,198,0.41);--awb-border-top:1px;--awb-border-right:1px;--awb-border-bottom:1px;--awb-border-left:1px;--awb-border-style:solid;--awb-border-radius:8px 8px 8px 8px;--awb-width-large:33.333333333333%;--awb-margin-top-large:20px;--awb-spacing-right-large:5.76%;--awb-margin-bottom-large:20px;--awb-spacing-left-large:5.76%;--awb-width-medium:33.333333333333%;--awb-order-medium:0;--awb-spacing-right-medium:5.76%;--awb-spacing-left-medium:5.76%;--awb-width-small:100%;--awb-order-small:0;--awb-spacing-right-small:1.92%;--awb-spacing-left-small:1.92%;\"><div class=\"fusion-column-wrapper fusion-column-has-shadow fusion-flex-justify-content-flex-start fusion-content-layout-column\"><div class=\"fusion-text fusion-text-4\"><p><span style=\"color: #4eaf46;\"><strong>Emballage avec fen\u00eatre de visualisation<\/strong><\/span><\/p>\n<p>Gr\u00e2ce \u00e0 une fen\u00eatre de visualisation, vos produits sont parfaitement pr\u00e9sent\u00e9s. Un large \u00e9ventail de variantes peut \u00eatre r\u00e9alis\u00e9 - m\u00eame avec des plis dans les coins.<\/p>\n<\/div><\/div><\/div><div class=\"fusion-layout-column fusion_builder_column fusion-builder-column-4 fusion_builder_column_1_3 1_3 fusion-flex-column\" style=\"--awb-padding-top:25px;--awb-padding-right:25px;--awb-padding-bottom:25px;--awb-padding-left:25px;--awb-overflow:hidden;--awb-bg-size:cover;--awb-border-color:rgba(198,198,198,0.41);--awb-border-top:1px;--awb-border-right:1px;--awb-border-bottom:1px;--awb-border-left:1px;--awb-border-style:solid;--awb-border-radius:8px 8px 8px 8px;--awb-width-large:33.333333333333%;--awb-margin-top-large:20px;--awb-spacing-right-large:5.76%;--awb-margin-bottom-large:20px;--awb-spacing-left-large:5.76%;--awb-width-medium:33.333333333333%;--awb-order-medium:0;--awb-spacing-right-medium:5.76%;--awb-spacing-left-medium:5.76%;--awb-width-small:100%;--awb-order-small:0;--awb-spacing-right-small:1.92%;--awb-spacing-left-small:1.92%;\"><div class=\"fusion-column-wrapper fusion-column-has-shadow fusion-flex-justify-content-flex-start fusion-content-layout-column\"><div class=\"fusion-text fusion-text-5\"><p><span style=\"color: #4eaf46;\"><strong>Emballage avec sac int\u00e9rieur<\/strong><\/span><\/p>\n<p>Un sac int\u00e9rieur convient parfaitement aux poudres et aux granul\u00e9s. Le sac prot\u00e8ge le produit de mani\u00e8re optimale contre les influences ext\u00e9rieures.<\/p>\n<\/div><\/div><\/div><div class=\"fusion-layout-column fusion_builder_column fusion-builder-column-5 fusion_builder_column_1_3 1_3 fusion-flex-column\" style=\"--awb-padding-top:25px;--awb-padding-right:25px;--awb-padding-bottom:25px;--awb-padding-left:25px;--awb-overflow:hidden;--awb-bg-size:cover;--awb-border-color:rgba(198,198,198,0.41);--awb-border-top:1px;--awb-border-right:1px;--awb-border-bottom:1px;--awb-border-left:1px;--awb-border-style:solid;--awb-border-radius:8px 8px 8px 8px;--awb-width-large:33.333333333333%;--awb-margin-top-large:20px;--awb-spacing-right-large:5.76%;--awb-margin-bottom-large:20px;--awb-spacing-left-large:5.76%;--awb-width-medium:33.333333333333%;--awb-order-medium:0;--awb-spacing-right-medium:5.76%;--awb-spacing-left-medium:5.76%;--awb-width-small:100%;--awb-order-small:0;--awb-spacing-right-small:1.92%;--awb-spacing-left-small:1.92%;\"><div class=\"fusion-column-wrapper fusion-column-has-shadow fusion-flex-justify-content-flex-start fusion-content-layout-column\"><div class=\"fusion-text fusion-text-6\"><p><span style=\"color: #4eaf46;\"><strong>Solutions pour les bouteilles<\/strong><\/span><\/p>\n<p>Qu'il s'agisse d'un simple mini-emballage, de plateaux pratiques pour les packs de six ou d'un emballage de haute qualit\u00e9 pour les vins mousseux ou les liqueurs, nous fabriquons une large gamme de solutions d'emballage pour bouteilles \u00e0 l'\u00e9preuve du temps.<\/p>\n<\/div><\/div><\/div><div class=\"fusion-layout-column fusion_builder_column fusion-builder-column-6 fusion_builder_column_1_3 1_3 fusion-flex-column\" style=\"--awb-padding-top:25px;--awb-padding-right:25px;--awb-padding-bottom:25px;--awb-padding-left:25px;--awb-overflow:hidden;--awb-bg-size:cover;--awb-border-color:rgba(198,198,198,0.41);--awb-border-top:1px;--awb-border-right:1px;--awb-border-bottom:1px;--awb-border-left:1px;--awb-border-style:solid;--awb-border-radius:8px 8px 8px 8px;--awb-width-large:33.333333333333%;--awb-margin-top-large:20px;--awb-spacing-right-large:5.76%;--awb-margin-bottom-large:20px;--awb-spacing-left-large:5.76%;--awb-width-medium:33.333333333333%;--awb-order-medium:0;--awb-spacing-right-medium:5.76%;--awb-spacing-left-medium:5.76%;--awb-width-small:100%;--awb-order-small:0;--awb-spacing-right-small:1.92%;--awb-spacing-left-small:1.92%;\"><div class=\"fusion-column-wrapper fusion-column-has-shadow fusion-flex-justify-content-flex-start fusion-content-layout-column\"><div class=\"fusion-text fusion-text-7\"><p><span style=\"color: #4eaf46;\"><strong>Plus de solutions d'emballage<\/strong><\/span><\/p>\n<p>Obtenez un aper\u00e7u de notre gamme d'emballages polyvalents.<\/p>\n<\/div><div ><a class=\"fusion-button button-flat fusion-button-default-size button-default fusion-button-default button-1 fusion-button-default-span fusion-button-default-type\" target=\"_self\" href=\"http:\/\/wp.colordruck.net\/fr\/prestations\/emballages\/\"><span class=\"fusion-button-text awb-button__text awb-button__text--default\">Lire la suite<\/span><\/a><\/div><\/div><\/div><\/div><\/div><\/p>\n","protected":false},"excerpt":{"rendered":"","protected":false},"author":3,"featured_media":0,"parent":6952,"menu_order":0,"comment_status":"closed","ping_status":"closed","template":"100-width.php","meta":{"footnotes":""},"class_list":["post-7531","page","type-page","status-publish","hentry"],"_links":{"self":[{"href":"https:\/\/www.colordruck.net\/fr\/wp-json\/wp\/v2\/pages\/7531","targetHints":{"allow":["GET"]}}],"collection":[{"href":"https:\/\/www.colordruck.net\/fr\/wp-json\/wp\/v2\/pages"}],"about":[{"href":"https:\/\/www.colordruck.net\/fr\/wp-json\/wp\/v2\/types\/page"}],"author":[{"embeddable":true,"href":"https:\/\/www.colordruck.net\/fr\/wp-json\/wp\/v2\/users\/3"}],"replies":[{"embeddable":true,"href":"https:\/\/www.colordruck.net\/fr\/wp-json\/wp\/v2\/comments?post=7531"}],"version-history":[{"count":7,"href":"https:\/\/www.colordruck.net\/fr\/wp-json\/wp\/v2\/pages\/7531\/revisions"}],"predecessor-version":[{"id":7542,"href":"https:\/\/www.colordruck.net\/fr\/wp-json\/wp\/v2\/pages\/7531\/revisions\/7542"}],"up":[{"embeddable":true,"href":"https:\/\/www.colordruck.net\/fr\/wp-json\/wp\/v2\/pages\/6952"}],"wp:attachment":[{"href":"https:\/\/www.colordruck.net\/fr\/wp-json\/wp\/v2\/media?parent=7531"}],"curies":[{"name":"wp","href":"https:\/\/api.w.org\/{rel}","templated":true}]}}