{"id":7192,"date":"2021-05-04T14:14:15","date_gmt":"2021-05-04T12:14:15","guid":{"rendered":"http:\/\/wp.colordruck.net\/entreprise\/certifications\/"},"modified":"2025-09-30T15:51:00","modified_gmt":"2025-09-30T13:51:00","slug":"certifications","status":"publish","type":"page","link":"https:\/\/www.colordruck.net\/fr\/entreprise\/certifications\/","title":{"rendered":"Certifications"},"content":{"rendered":"<div class=\"fusion-fullwidth fullwidth-box fusion-builder-row-1 fusion-flex-container nonhundred-percent-fullwidth non-hundred-percent-height-scrolling\" style=\"--awb-border-radius-top-left:0px;--awb-border-radius-top-right:0px;--awb-border-radius-bottom-right:0px;--awb-border-radius-bottom-left:0px;--awb-padding-top:60px;--awb-padding-top-medium:0px;--awb-padding-top-small:0px;--awb-flex-wrap:wrap;\" ><div class=\"fusion-builder-row fusion-row fusion-flex-align-items-center fusion-flex-content-wrap\" style=\"max-width:1248px;margin-left: calc(-4% \/ 2 );margin-right: calc(-4% \/ 2 );\"><div class=\"fusion-layout-column fusion_builder_column fusion-builder-column-0 fusion_builder_column_1_1 1_1 fusion-flex-column\" style=\"--awb-bg-size:cover;--awb-width-large:100%;--awb-margin-top-large:20px;--awb-spacing-right-large:3.84%;--awb-margin-bottom-large:30px;--awb-spacing-left-large:1.92%;--awb-width-medium:100%;--awb-order-medium:0;--awb-spacing-right-medium:3.84%;--awb-margin-bottom-medium:0px;--awb-spacing-left-medium:1.92%;--awb-width-small:100%;--awb-order-small:0;--awb-margin-top-small:0px;--awb-spacing-right-small:1.92%;--awb-spacing-left-small:1.92%;\"><div class=\"fusion-column-wrapper fusion-column-has-shadow fusion-flex-justify-content-flex-start fusion-content-layout-column\"><div class=\"fusion-text fusion-text-1 awb-text-cols fusion-text-columns-2\" style=\"--awb-columns:2;--awb-column-spacing:50px;--awb-column-min-width:450px;\"><p style=\"text-align: justify;\">Des syst\u00e8mes transparents constituent la base d&rsquo;une action r\u00e9ussie et de r\u00e9sultats efficaces. Nos certifications transmettent les plus hautes exigences de qualit\u00e9 et inspirent confiance \u00e0 nos clients. La qualit\u00e9 certifi\u00e9e n&rsquo;implique pas seulement une documentation et un contr\u00f4le cons\u00e9quents, mais refl\u00e8te \u00e9galement l&rsquo;am\u00e9lioration constante de la valeur et le d\u00e9veloppement de notre entreprise.<\/p>\n<\/div><\/div><\/div><div class=\"fusion-layout-column fusion_builder_column fusion-builder-column-1 fusion_builder_column_1_1 1_1 fusion-flex-column\" style=\"--awb-bg-size:cover;--awb-width-large:100%;--awb-margin-top-large:20px;--awb-spacing-right-large:1.92%;--awb-margin-bottom-large:20px;--awb-spacing-left-large:1.92%;--awb-width-medium:100%;--awb-order-medium:0;--awb-spacing-right-medium:1.92%;--awb-spacing-left-medium:1.92%;--awb-width-small:100%;--awb-order-small:0;--awb-spacing-right-small:1.92%;--awb-spacing-left-small:1.92%;\"><div class=\"fusion-column-wrapper fusion-column-has-shadow fusion-flex-justify-content-flex-start fusion-content-layout-column\"><div class=\"fusion-title title fusion-title-1 fusion-sep-none fusion-title-text fusion-title-size-two\"><h2 class=\"fusion-title-heading title-heading-left fusion-responsive-typography-calculated\" style=\"margin:0;--fontSize:40;line-height:1.2;\">Nos certifications<span style=\"color: #4eaf46;\">.<\/span><\/h2><\/div><div class=\"accordian fusion-accordian\" style=\"--awb-border-size:1px;--awb-icon-size:16px;--awb-content-font-size:18px;--awb-icon-alignment:left;--awb-hover-color:var(--awb-color2);--awb-border-color:#e2e2e2;--awb-background-color:#ffffff;--awb-divider-color:#848484;--awb-divider-hover-color:#848484;--awb-icon-color:#ffffff;--awb-title-color:#002a5c;--awb-content-color:#002a5c;--awb-icon-box-color:#002a5c;--awb-toggle-hover-accent-color:#4eaf46;--awb-title-font-family:Arial, Helvetica, sans-serif;--awb-title-font-weight:700;--awb-title-font-style:normal;--awb-title-font-size:24px;--awb-title-letter-spacing:-0.016px;--awb-title-line-height:1.42;--awb-content-font-family:Arial, Helvetica, sans-serif;--awb-content-font-style:normal;--awb-content-font-weight:400;\"><div class=\"panel-group fusion-toggle-icon-boxed\" id=\"accordion-7192-1\"><div class=\"fusion-panel panel-default panel-c402ff079c7808609 fusion-toggle-has-divider\" style=\"--awb-title-color:#002a5c;--awb-content-color:#002a5c;\"><div class=\"panel-heading\"><h4 class=\"panel-title toggle\" id=\"toggle_c402ff079c7808609\"><a aria-expanded=\"false\" aria-controls=\"c402ff079c7808609\" role=\"button\" data-toggle=\"collapse\" data-parent=\"#accordion-7192-1\" data-target=\"#c402ff079c7808609\" href=\"#c402ff079c7808609\"><span class=\"fusion-toggle-icon-wrapper\" aria-hidden=\"true\"><i class=\"fa-fusion-box active-icon awb-icon-minus\" aria-hidden=\"true\"><\/i><i class=\"fa-fusion-box inactive-icon awb-icon-plus\" aria-hidden=\"true\"><\/i><\/span><span class=\"fusion-toggle-heading\">Gestion de la qualit\u00e9 et de l&#039;environnement selon DIN EN ISO 9001 et 14001<\/span><\/a><\/h4><\/div><div id=\"c402ff079c7808609\" class=\"panel-collapse collapse \" aria-labelledby=\"toggle_c402ff079c7808609\"><div class=\"panel-body toggle-content fusion-clearfix\">\nLa norme ISO 9001 jette les bases du processus d&rsquo;am\u00e9lioration continue de notre syst\u00e8me de gestion de la qualit\u00e9 interne. L&rsquo;optimisation des processus est au premier plan. La transparence des structures et des processus de l&rsquo;entreprise est accrue : le taux d&rsquo;erreur ainsi que les co\u00fbts peuvent \u00eatre r\u00e9duits de mani\u00e8re ad\u00e9quate.<br \/>\nNotre syst\u00e8me de gestion environnementale ISO 14001 est une contribution essentielle \u00e0 la responsabilit\u00e9 environnementale de notre entreprise et atteste d&rsquo;un comportement \u00e0 la fois \u00e9conome en ressources et respectueux de l&rsquo;environnement.<div ><a class=\"fusion-button button-flat fusion-button-default-size button-default fusion-button-default button-1 fusion-button-default-span fusion-button-default-type\" style=\"--button_margin-top:10px;--button_margin-bottom:10px;\" target=\"_blank\" rel=\"noopener noreferrer\" href=\"https:\/\/www.colordruck.net\/wp-content\/uploads\/2023\/04\/UM-14001-franzoesisch-gueltig-bis-20.04.2026.pdf\"><span class=\"fusion-button-text awb-button__text awb-button__text--default\">ISO 14001 Certificat download<\/span><\/a><\/div>\n<div ><a class=\"fusion-button button-flat fusion-button-default-size button-default fusion-button-default button-2 fusion-button-default-span fusion-button-default-type\" style=\"--button_margin-top:10px;--button_margin-bottom:10px;\" target=\"_blank\" rel=\"noopener noreferrer\" href=\"https:\/\/www.colordruck.net\/wp-content\/uploads\/2023\/04\/QM-9001-franzoesisch-gueltig-bis-20.04.2026.pdf\"><span class=\"fusion-button-text awb-button__text awb-button__text--default\">ISO 9001 Certificat download<\/span><\/a><\/div>\n<\/div><\/div><\/div><div class=\"fusion-panel panel-default panel-5ed89b660a805c84e fusion-toggle-has-divider\" style=\"--awb-title-color:#002a5c;--awb-content-color:#002a5c;\"><div class=\"panel-heading\"><h4 class=\"panel-title toggle\" id=\"toggle_5ed89b660a805c84e\"><a aria-expanded=\"false\" aria-controls=\"5ed89b660a805c84e\" role=\"button\" data-toggle=\"collapse\" data-parent=\"#accordion-7192-1\" data-target=\"#5ed89b660a805c84e\" href=\"#5ed89b660a805c84e\"><span class=\"fusion-toggle-icon-wrapper\" aria-hidden=\"true\"><i class=\"fa-fusion-box active-icon awb-icon-minus\" aria-hidden=\"true\"><\/i><i class=\"fa-fusion-box inactive-icon awb-icon-plus\" aria-hidden=\"true\"><\/i><\/span><span class=\"fusion-toggle-heading\">BRC (Global Standards for Packaging and Packaging Materials)<\/span><\/a><\/h4><\/div><div id=\"5ed89b660a805c84e\" class=\"panel-collapse collapse \" aria-labelledby=\"toggle_5ed89b660a805c84e\"><div class=\"panel-body toggle-content fusion-clearfix\">\nNotre gestion de l&rsquo;hygi\u00e8ne repr\u00e9sente le niveau d&rsquo;hygi\u00e8ne le plus \u00e9lev\u00e9, tant pour la fabrication de l&#8217;emballage en soi que pour le secteur Packaging Service. L&rsquo;hygi\u00e8ne personnelle, les postes d&rsquo;hygi\u00e8ne et les contr\u00f4les microbiologiques effectu\u00e9s par des laboratoires externes garantissent une s\u00e9curit\u00e9 maximale pour vos produits.<div ><a class=\"fusion-button button-flat fusion-button-default-size button-default fusion-button-default button-3 fusion-button-default-span fusion-button-default-type\" target=\"_blank\" rel=\"noopener noreferrer\" href=\"https:\/\/www.colordruck.net\/wp-content\/uploads\/2025\/08\/BRC-Pack6-franz.-gueltig-bis-15.07.2026.pdf\"><span class=\"fusion-button-text awb-button__text awb-button__text--default\">T\u00e9l\u00e9charger le certificat<\/span><\/a><\/div>\n<\/div><\/div><\/div><div class=\"fusion-panel panel-default panel-7ce9aeeedf21a7f28 fusion-toggle-has-divider\" style=\"--awb-title-color:#002a5c;--awb-content-color:#002a5c;\"><div class=\"panel-heading\"><h4 class=\"panel-title toggle\" id=\"toggle_7ce9aeeedf21a7f28\"><a aria-expanded=\"false\" aria-controls=\"7ce9aeeedf21a7f28\" role=\"button\" data-toggle=\"collapse\" data-parent=\"#accordion-7192-1\" data-target=\"#7ce9aeeedf21a7f28\" href=\"#7ce9aeeedf21a7f28\"><span class=\"fusion-toggle-icon-wrapper\" aria-hidden=\"true\"><i class=\"fa-fusion-box active-icon awb-icon-minus\" aria-hidden=\"true\"><\/i><i class=\"fa-fusion-box inactive-icon awb-icon-plus\" aria-hidden=\"true\"><\/i><\/span><span class=\"fusion-toggle-heading\">Norme de processus Impression offset selon ISO 12647-2<\/span><\/a><\/h4><\/div><div id=\"7ce9aeeedf21a7f28\" class=\"panel-collapse collapse \" aria-labelledby=\"toggle_7ce9aeeedf21a7f28\"><div class=\"panel-body toggle-content fusion-clearfix\">\nLa qualit\u00e9 et la comp\u00e9tence prouv\u00e9es en mati\u00e8re de gestion des couleurs, de simulations d&rsquo;impression, de fabrication de formes d&rsquo;impression et d&rsquo;impression de tirages en offset \u00e0 feuilles sont certifi\u00e9es. Cela vous donne la s\u00e9curit\u00e9 en ce qui concerne le processus d&rsquo;impression et souligne notre comp\u00e9tence en mati\u00e8re d&rsquo;impression.<div ><a class=\"fusion-button button-flat fusion-button-default-size button-default fusion-button-default button-4 fusion-button-default-span fusion-button-default-type\" target=\"_blank\" rel=\"noopener noreferrer\" href=\"https:\/\/www.colordruck.net\/wp-content\/uploads\/2023\/12\/Zertifikat-ISO-12647-2_2013.pdf\"><span class=\"fusion-button-text awb-button__text awb-button__text--default\">T\u00e9l\u00e9charger le certificat<\/span><\/a><\/div>\n<\/div><\/div><\/div><div class=\"fusion-panel panel-default panel-a685697f540d122d5 fusion-toggle-has-divider\" style=\"--awb-title-color:#002a5c;--awb-content-color:#002a5c;\"><div class=\"panel-heading\"><h4 class=\"panel-title toggle\" id=\"toggle_a685697f540d122d5\"><a aria-expanded=\"false\" aria-controls=\"a685697f540d122d5\" role=\"button\" data-toggle=\"collapse\" data-parent=\"#accordion-7192-1\" data-target=\"#a685697f540d122d5\" href=\"#a685697f540d122d5\"><span class=\"fusion-toggle-icon-wrapper\" aria-hidden=\"true\"><i class=\"fa-fusion-box active-icon awb-icon-minus\" aria-hidden=\"true\"><\/i><i class=\"fa-fusion-box inactive-icon awb-icon-plus\" aria-hidden=\"true\"><\/i><\/span><span class=\"fusion-toggle-heading\">Emballages certifi\u00e9s FSC\u00ae et PEFC<\/span><\/a><\/h4><\/div><div id=\"a685697f540d122d5\" class=\"panel-collapse collapse \" aria-labelledby=\"toggle_a685697f540d122d5\"><div class=\"panel-body toggle-content fusion-clearfix\">\nAvec les deux certifications <strong>FSC\u00ae (Forest Stewardship Councils)<\/strong> et <strong>PEFC (Programme for the Endorsement of Forest Certification Schemes)<\/strong>, nous obtenons l&rsquo;autorisation d&rsquo;apposer le label FSC\u00ae et PEFC sur les produits de nos clients. Ainsi, le client reconna\u00eet au \u00ab point de vente \u00bb qu&rsquo;il ach\u00e8te un produit qui favorise la croissance de for\u00eats utilis\u00e9es de mani\u00e8re \u00e9cologique et socialement responsable. Les deux syst\u00e8mes de certification sont synonymes de gestion durable des for\u00eats. Ils poursuivent l&rsquo;objectif de la conservation et de l&rsquo;utilisation douce et judicieuse des for\u00eats. Le FSC\u00ae implique une promotion mondiale \u2013 chez PEFC, en revanche, la gestion des for\u00eats est contr\u00f4l\u00e9e et document\u00e9e au niveau r\u00e9gional.<div ><a class=\"fusion-button button-flat fusion-button-default-size button-default fusion-button-default button-5 fusion-button-default-span fusion-button-default-type\" style=\"--button_margin-top:10px;--button_margin-bottom:10px;\" target=\"_blank\" rel=\"noopener noreferrer\" href=\"https:\/\/www.colordruck.net\/wp-content\/uploads\/2022\/10\/FSC-fr-gueltig-bis-03.08.2027.pdf\"><span class=\"fusion-button-text awb-button__text awb-button__text--default\">T\u00e9l\u00e9charger le certificat FSC<\/span><\/a><\/div><div ><a class=\"fusion-button button-flat fusion-button-default-size button-default fusion-button-default button-6 fusion-button-default-span fusion-button-default-type\" style=\"--button_margin-top:10px;--button_margin-bottom:10px;\" target=\"_blank\" rel=\"noopener noreferrer\" href=\"https:\/\/www.colordruck.net\/wp-content\/uploads\/2022\/10\/PEFC-fr-gueltig-bis-03.08.2027.pdf\"><span class=\"fusion-button-text awb-button__text awb-button__text--default\">T\u00e9l\u00e9charger le certificat PEFC<\/span><\/a><\/div>\n<\/div><\/div><\/div><div class=\"fusion-panel panel-default panel-5fd072292b2426215 fusion-toggle-has-divider\" style=\"--awb-title-color:#002a5c;--awb-content-color:#002a5c;\"><div class=\"panel-heading\"><h4 class=\"panel-title toggle\" id=\"toggle_5fd072292b2426215\"><a aria-expanded=\"false\" aria-controls=\"5fd072292b2426215\" role=\"button\" data-toggle=\"collapse\" data-parent=\"#accordion-7192-1\" data-target=\"#5fd072292b2426215\" href=\"#5fd072292b2426215\"><span class=\"fusion-toggle-icon-wrapper\" aria-hidden=\"true\"><i class=\"fa-fusion-box active-icon awb-icon-minus\" aria-hidden=\"true\"><\/i><i class=\"fa-fusion-box inactive-icon awb-icon-plus\" aria-hidden=\"true\"><\/i><\/span><span class=\"fusion-toggle-heading\">R\u00e9audition selon la m\u00e9thode 5S<\/span><\/a><\/h4><\/div><div id=\"5fd072292b2426215\" class=\"panel-collapse collapse \" aria-labelledby=\"toggle_5fd072292b2426215\"><div class=\"panel-body toggle-content fusion-clearfix\">\nLa m\u00e9thode d&rsquo;organisation du lieu de travail 5S comprend la base fondamentale du Lean Management pour assurer la qualit\u00e9, l&rsquo;efficacit\u00e9, l&rsquo;efficience, la s\u00e9curit\u00e9, la propret\u00e9 et l&rsquo;ordre. En allemand, 5S est synonyme de tri (Sortieren), d&rsquo;ordre syst\u00e9matique (systematische Ordnung, de propret\u00e9 (Sauberkeit), de standardisation (Standardisierung), d&rsquo;autodiscipline (Selbstdisziplin) et d&rsquo;am\u00e9lioration constante (st\u00e4ndige Verbesserung). Avec la m\u00e9thode 5S, nous cr\u00e9ons des postes de travail optimis\u00e9s qui permettent une cr\u00e9ation de valeur \u00e9lev\u00e9e. Les recherches, les longs trajets de transport et les temps d&rsquo;attente peuvent \u00eatre \u00e9vit\u00e9s avec le syst\u00e8me 5S.<br \/>\nEn tant qu&rsquo;entreprise tourn\u00e9e vers l&rsquo;avenir, nous pensons et agissons de mani\u00e8re lean. Dans l&rsquo;esprit de \u00ab la qualit\u00e9 certifi\u00e9e cr\u00e9e la confiance \u00bb, nous avons int\u00e9gr\u00e9 depuis 2011 une m\u00e9thode de travail structur\u00e9e dans le cadre de la m\u00e9thode 5S afin de renforcer les facteurs de succ\u00e8s qui vont au-del\u00e0 de la gestion de la qualit\u00e9 de base. Afin de garantir et d&rsquo;am\u00e9liorer continuellement notre standard \u00e9lev\u00e9, des audits internes et un audit externe ont lieu plusieurs fois par an.<div ><a class=\"fusion-button button-flat fusion-button-default-size button-default fusion-button-default button-7 fusion-button-default-span fusion-button-default-type\" style=\"--button_margin-top:10px;--button_margin-bottom:10px;\" target=\"_blank\" rel=\"noopener noreferrer\" href=\"https:\/\/www.colordruck.net\/wp-content\/uploads\/2023\/04\/Kaizen-5S-Zertifikat-vom-27.04.2023.pdf\"><span class=\"fusion-button-text awb-button__text awb-button__text--default\">T\u00e9l\u00e9charger le certificat<\/span><\/a><\/div>\n<\/div><\/div><\/div><div class=\"fusion-panel panel-default panel-fd503947aaca80500 fusion-toggle-has-divider\" style=\"--awb-title-color:#002a5c;--awb-content-color:#002a5c;\"><div class=\"panel-heading\"><h4 class=\"panel-title toggle\" id=\"toggle_fd503947aaca80500\"><a aria-expanded=\"false\" aria-controls=\"fd503947aaca80500\" role=\"button\" data-toggle=\"collapse\" data-parent=\"#accordion-7192-1\" data-target=\"#fd503947aaca80500\" href=\"#fd503947aaca80500\"><span class=\"fusion-toggle-icon-wrapper\" aria-hidden=\"true\"><i class=\"fa-fusion-box active-icon awb-icon-minus\" aria-hidden=\"true\"><\/i><i class=\"fa-fusion-box inactive-icon awb-icon-plus\" aria-hidden=\"true\"><\/i><\/span><span class=\"fusion-toggle-heading\">Code de conduite BME<\/span><\/a><\/h4><\/div><div id=\"fd503947aaca80500\" class=\"panel-collapse collapse \" aria-labelledby=\"toggle_fd503947aaca80500\"><div class=\"panel-body toggle-content fusion-clearfix\">\nLe BME et ses membres reconnaissent leur responsabilit\u00e9 sociale. En particulier, toutes les parties impliqu\u00e9es dans le processus d&rsquo;approvisionnement, en tant qu&rsquo;interm\u00e9diaires entre leur propre entreprise et les fournisseurs sur les march\u00e9s d&rsquo;approvisionnement respectifs, ont une responsabilit\u00e9 vis-\u00e0-vis de leur propre entreprise, des clients et des fournisseurs, de l&rsquo;environnement et de la soci\u00e9t\u00e9. L&rsquo;action des entreprises comme celle de leurs collaborateurs s&rsquo;inspire notamment des valeurs d&rsquo;int\u00e9grit\u00e9 et d&rsquo;\u00e9quit\u00e9.<br \/>\nLa directive sur le comportement BME est un code volontaire qui vise \u00e0 renforcer l&rsquo;int\u00e9r\u00eat de l&rsquo;Association f\u00e9d\u00e9rale de la gestion des mat\u00e9riaux, des achats et de la logistique e. V. et de ses membres pour des principes d&rsquo;action \u00e9thiques \u00e9quitables, durables et responsables.<div ><a class=\"fusion-button button-flat fusion-button-default-size button-default fusion-button-default button-8 fusion-button-default-span fusion-button-default-type\" target=\"_blank\" rel=\"noopener noreferrer\" href=\"https:\/\/www.colordruck.net\/wp-content\/uploads\/2025\/08\/Code-of-Conduct-BME-gueltig-bis-31.12.2025-1.pdf\"><span class=\"fusion-button-text awb-button__text awb-button__text--default\">T\u00e9l\u00e9charger le certificat<\/span><\/a><\/div>\n<\/div><\/div><\/div><div class=\"fusion-panel panel-default panel-33c503bb3ecb7739e fusion-toggle-has-divider\" style=\"--awb-title-color:#002a5c;--awb-content-color:#002a5c;\"><div class=\"panel-heading\"><h4 class=\"panel-title toggle\" id=\"toggle_33c503bb3ecb7739e\"><a aria-expanded=\"false\" aria-controls=\"33c503bb3ecb7739e\" role=\"button\" data-toggle=\"collapse\" data-parent=\"#accordion-7192-1\" data-target=\"#33c503bb3ecb7739e\" href=\"#33c503bb3ecb7739e\"><span class=\"fusion-toggle-icon-wrapper\" aria-hidden=\"true\"><i class=\"fa-fusion-box active-icon awb-icon-minus\" aria-hidden=\"true\"><\/i><i class=\"fa-fusion-box inactive-icon awb-icon-plus\" aria-hidden=\"true\"><\/i><\/span><span class=\"fusion-toggle-heading\">Certificat d&#039;\u00e9lectricit\u00e9 verte<\/span><\/a><\/h4><\/div><div id=\"33c503bb3ecb7739e\" class=\"panel-collapse collapse \" aria-labelledby=\"toggle_33c503bb3ecb7739e\"><div class=\"panel-body toggle-content fusion-clearfix\">\nAvec notre certificat d&rsquo;\u00e9lectricit\u00e9 verte, nous garantissons que depuis le 1er janvier 2011, nous achetons de l&rsquo;\u00e9lectricit\u00e9 \u00e0 100 % issue de sources d&rsquo;\u00e9nergies renouvelables.<div ><a class=\"fusion-button button-flat fusion-button-default-size button-default fusion-button-default button-9 fusion-button-default-span fusion-button-default-type\" target=\"_blank\" rel=\"noopener noreferrer\" href=\"https:\/\/www.colordruck.net\/wp-content\/uploads\/2025\/08\/Gruener-Strom-gueltig-bis-31.10.2025.pdf\"><span class=\"fusion-button-text awb-button__text awb-button__text--default\">T\u00e9l\u00e9charger le certificat<\/span><\/a><\/div>\n<\/div><\/div><\/div><div class=\"fusion-panel panel-default panel-175ef6cbdb43da336 fusion-toggle-has-divider\" style=\"--awb-title-color:#002a5c;--awb-content-color:#002a5c;\"><div class=\"panel-heading\"><h4 class=\"panel-title toggle\" id=\"toggle_175ef6cbdb43da336\"><a aria-expanded=\"false\" aria-controls=\"175ef6cbdb43da336\" role=\"button\" data-toggle=\"collapse\" data-parent=\"#accordion-7192-1\" data-target=\"#175ef6cbdb43da336\" href=\"#175ef6cbdb43da336\"><span class=\"fusion-toggle-icon-wrapper\" aria-hidden=\"true\"><i class=\"fa-fusion-box active-icon awb-icon-minus\" aria-hidden=\"true\"><\/i><i class=\"fa-fusion-box inactive-icon awb-icon-plus\" aria-hidden=\"true\"><\/i><\/span><span class=\"fusion-toggle-heading\">Gestion de l&#039;\u00e9nergie selon DIN 16247-1<\/span><\/a><\/h4><\/div><div id=\"175ef6cbdb43da336\" class=\"panel-collapse collapse \" aria-labelledby=\"toggle_175ef6cbdb43da336\"><div class=\"panel-body toggle-content fusion-clearfix\">\nNous enregistrons et analysons toutes nos sources d&rsquo;\u00e9nergie utilis\u00e9es et optimisons en permanence la consommation d&rsquo;\u00e9nergie.<div ><a class=\"fusion-button button-flat fusion-button-default-size button-default fusion-button-default button-10 fusion-button-default-span fusion-button-default-type\" style=\"--button_margin-top:10px;--button_margin-bottom:10px;\" target=\"_blank\" rel=\"noopener noreferrer\" href=\"https:\/\/www.colordruck.net\/wp-content\/uploads\/2022\/12\/Energieaudit-nach-16247-1-Energieauditerklaerung_orea_6094530-Bescheinigung-29.07.2021.pdf\"><span class=\"fusion-button-text awb-button__text awb-button__text--default\">T\u00e9l\u00e9charger le certificat<\/span><\/a><\/div>\n<\/div><\/div><\/div><div class=\"fusion-panel panel-default panel-cf66e61f1b23beb24 fusion-toggle-has-divider\" style=\"--awb-title-color:#002a5c;--awb-content-color:#002a5c;\"><div class=\"panel-heading\"><h4 class=\"panel-title toggle\" id=\"toggle_cf66e61f1b23beb24\"><a aria-expanded=\"false\" aria-controls=\"cf66e61f1b23beb24\" role=\"button\" data-toggle=\"collapse\" data-parent=\"#accordion-7192-1\" data-target=\"#cf66e61f1b23beb24\" href=\"#cf66e61f1b23beb24\"><span class=\"fusion-toggle-icon-wrapper\" aria-hidden=\"true\"><i class=\"fa-fusion-box active-icon awb-icon-minus\" aria-hidden=\"true\"><\/i><i class=\"fa-fusion-box inactive-icon awb-icon-plus\" aria-hidden=\"true\"><\/i><\/span><span class=\"fusion-toggle-heading\">IFS Logistics<\/span><\/a><\/h4><\/div><div id=\"cf66e61f1b23beb24\" class=\"panel-collapse collapse \" aria-labelledby=\"toggle_cf66e61f1b23beb24\"><div class=\"panel-body toggle-content fusion-clearfix\">\nNous assurons le stockage et le transport d&#8217;emballages primaires et secondaires sous forme de films et de cartons pour l&rsquo;industrie alimentaire \u00e0 un niveau sup\u00e9rieur.<div ><a class=\"fusion-button button-flat fusion-button-default-size button-default fusion-button-default button-11 fusion-button-default-span fusion-button-default-type\" target=\"_blank\" rel=\"noopener noreferrer\" href=\"https:\/\/www.colordruck.net\/wp-content\/uploads\/2025\/08\/IFS-Logistik-Spedition-Fahrner-gueltig-bis-16.12.2026.pdf\"><span class=\"fusion-button-text awb-button__text awb-button__text--default\">T\u00e9l\u00e9charger le certificat<\/span><\/a><\/div>\n<\/div><\/div><\/div><div class=\"fusion-panel panel-default panel-c5adcd57231bb221e fusion-toggle-has-divider\" style=\"--awb-title-color:#002a5c;--awb-content-color:#002a5c;\"><div class=\"panel-heading\"><h4 class=\"panel-title toggle\" id=\"toggle_c5adcd57231bb221e\"><a aria-expanded=\"false\" aria-controls=\"c5adcd57231bb221e\" role=\"button\" data-toggle=\"collapse\" data-parent=\"#accordion-7192-1\" data-target=\"#c5adcd57231bb221e\" href=\"#c5adcd57231bb221e\"><span class=\"fusion-toggle-icon-wrapper\" aria-hidden=\"true\"><i class=\"fa-fusion-box active-icon awb-icon-minus\" aria-hidden=\"true\"><\/i><i class=\"fa-fusion-box inactive-icon awb-icon-plus\" aria-hidden=\"true\"><\/i><\/span><span class=\"fusion-toggle-heading\">Certificat BIO \/ DE-\u00d6KO-007<\/span><\/a><\/h4><\/div><div id=\"c5adcd57231bb221e\" class=\"panel-collapse collapse \" aria-labelledby=\"toggle_c5adcd57231bb221e\"><div class=\"panel-body toggle-content fusion-clearfix\">Avec la certification de la cha\u00eene de processus de confection conform\u00e9ment \u00e0 l&rsquo;article 35, paragraphe 1, du r\u00e8glement (UE) 2018\/848 relatif \u00e0 la production biologique et \u00e0 l&rsquo;\u00e9tiquetage des produits biologiques, il est prouv\u00e9 que colordruck Baiersbronn fait partie de la cha\u00eene d&rsquo;approvisionnement compl\u00e8te des produits biologiques. Il est ainsi devenu possible de confectionner \u00e9galement des produits biologiques. Avec la certification, la \u00ab\u00a0mesure de pr\u00e9caution pour \u00e9viter la pr\u00e9sence de produits et de substances non autoris\u00e9s\u00a0\u00bb est prouv\u00e9e ou, plus simplement, il est exclu que des produits non bio et des produits bio soient m\u00e9lang\u00e9s et\/ou \u00e9chang\u00e9s dans le cadre de la confection.<div ><a class=\"fusion-button button-flat fusion-button-default-size button-default fusion-button-default button-12 fusion-button-default-span fusion-button-default-type\" target=\"_self\" href=\"https:\/\/www.colordruck.net\/wp-content\/uploads\/2025\/09\/Zertifikat-gueltig-bis-31.01.2027.pdf\"><span class=\"fusion-button-text awb-button__text awb-button__text--default\">T\u00e9l\u00e9charger le certificat<\/span><\/a><\/div>\n<\/div><\/div><\/div><\/div><\/div><\/div><\/div><\/div><\/div>\n","protected":false},"excerpt":{"rendered":"","protected":false},"author":1,"featured_media":10093,"parent":7049,"menu_order":0,"comment_status":"closed","ping_status":"closed","template":"100-width.php","meta":{"footnotes":""},"class_list":["post-7192","page","type-page","status-publish","has-post-thumbnail","hentry"],"_links":{"self":[{"href":"https:\/\/www.colordruck.net\/fr\/wp-json\/wp\/v2\/pages\/7192","targetHints":{"allow":["GET"]}}],"collection":[{"href":"https:\/\/www.colordruck.net\/fr\/wp-json\/wp\/v2\/pages"}],"about":[{"href":"https:\/\/www.colordruck.net\/fr\/wp-json\/wp\/v2\/types\/page"}],"author":[{"embeddable":true,"href":"https:\/\/www.colordruck.net\/fr\/wp-json\/wp\/v2\/users\/1"}],"replies":[{"embeddable":true,"href":"https:\/\/www.colordruck.net\/fr\/wp-json\/wp\/v2\/comments?post=7192"}],"version-history":[{"count":48,"href":"https:\/\/www.colordruck.net\/fr\/wp-json\/wp\/v2\/pages\/7192\/revisions"}],"predecessor-version":[{"id":20014,"href":"https:\/\/www.colordruck.net\/fr\/wp-json\/wp\/v2\/pages\/7192\/revisions\/20014"}],"up":[{"embeddable":true,"href":"https:\/\/www.colordruck.net\/fr\/wp-json\/wp\/v2\/pages\/7049"}],"wp:featuredmedia":[{"embeddable":true,"href":"https:\/\/www.colordruck.net\/fr\/wp-json\/wp\/v2\/media\/10093"}],"wp:attachment":[{"href":"https:\/\/www.colordruck.net\/fr\/wp-json\/wp\/v2\/media?parent=7192"}],"curies":[{"name":"wp","href":"https:\/\/api.w.org\/{rel}","templated":true}]}}