{"id":7156,"date":"2021-05-04T13:52:31","date_gmt":"2021-05-04T11:52:31","guid":{"rendered":"http:\/\/wp.colordruck.net\/entreprise\/valeurs\/"},"modified":"2024-10-02T09:57:45","modified_gmt":"2024-10-02T07:57:45","slug":"valeurs-et-mission","status":"publish","type":"page","link":"https:\/\/www.colordruck.net\/fr\/entreprise\/valeurs-et-mission\/","title":{"rendered":"Valeurs et mission"},"content":{"rendered":"<div class=\"fusion-fullwidth fullwidth-box fusion-builder-row-1 fusion-flex-container nonhundred-percent-fullwidth non-hundred-percent-height-scrolling\" style=\"--awb-border-radius-top-left:0px;--awb-border-radius-top-right:0px;--awb-border-radius-bottom-right:0px;--awb-border-radius-bottom-left:0px;--awb-padding-top:60px;--awb-flex-wrap:wrap;\" ><div class=\"fusion-builder-row fusion-row fusion-flex-align-items-flex-start fusion-flex-content-wrap\" style=\"max-width:1248px;margin-left: calc(-4% \/ 2 );margin-right: calc(-4% \/ 2 );\"><div class=\"fusion-layout-column fusion_builder_column fusion-builder-column-0 fusion_builder_column_1_1 1_1 fusion-flex-column\" style=\"--awb-bg-size:cover;--awb-width-large:100%;--awb-margin-top-large:20px;--awb-spacing-right-large:1.92%;--awb-margin-bottom-large:20px;--awb-spacing-left-large:1.92%;--awb-width-medium:100%;--awb-order-medium:0;--awb-spacing-right-medium:1.92%;--awb-spacing-left-medium:1.92%;--awb-width-small:100%;--awb-order-small:0;--awb-spacing-right-small:1.92%;--awb-spacing-left-small:1.92%;\"><div class=\"fusion-column-wrapper fusion-column-has-shadow fusion-flex-justify-content-flex-start fusion-content-layout-column\"><div class=\"fusion-text fusion-text-1 awb-text-cols fusion-text-columns-2\" style=\"--awb-columns:2;--awb-column-spacing:50px;--awb-column-min-width:450px;\"><p style=\"text-align: justify;\">Dans l&rsquo;histoire de l&rsquo;entreprise colordruck Baiersbronn, les valeurs ont \u00e9t\u00e9 et sont toujours la base de nos d\u00e9cisions et de nos actions : une gestion durable, une flexibilit\u00e9 maximale et un partenariat \u00e9troit.<\/p>\n<p style=\"text-align: justify;\">Chez nous, ces valeurs ne sont pas seulement une priorit\u00e9 absolue, mais elles sont v\u00e9cues et entretenues au quotidien. Notre plus grand objectif est de prendre des mesures efficaces pour prendre en compte les aspects environnementaux, \u00e9conomiques et sociaux de la m\u00eame mani\u00e8re. Nous ne consid\u00e9rons pas notre syst\u00e8me de valeurs comme une construction rigide, mais comme une construction dynamique et \u00e9volutive qui se conditionne et se propulse mutuellement. Il d\u00e9termine fondamentalement notre identit\u00e9 et incarne ce qui nous d\u00e9finit et nous distingue clairement des autres entreprises. C&rsquo;est pr\u00e9cis\u00e9ment \u00e0 l&rsquo;heure de l&rsquo;\u00e9volution rapide de nos march\u00e9s et de nos technologies que nous pouvons nous appuyer sur des bases solides et exploiter des potentiels suppl\u00e9mentaires.<\/p>\n<\/div><\/div><\/div><div class=\"fusion-layout-column fusion_builder_column fusion-builder-column-1 fusion_builder_column_1_3 1_3 fusion-flex-column\" style=\"--awb-padding-right:30px;--awb-padding-bottom:16px;--awb-padding-left:30px;--awb-overflow:hidden;--awb-bg-color:rgba(198,198,198,0.41);--awb-bg-color-hover:rgba(198,198,198,0.41);--awb-bg-size:cover;--awb-box-shadow:5px 5px 22px 0px #848484;;--awb-border-radius:8px 8px 8px 8px;--awb-width-large:33.333333333333%;--awb-margin-top-large:20px;--awb-spacing-right-large:5.76%;--awb-margin-bottom-large:20px;--awb-spacing-left-large:5.76%;--awb-width-medium:33.333333333333%;--awb-order-medium:0;--awb-spacing-right-medium:5.76%;--awb-spacing-left-medium:5.76%;--awb-width-small:100%;--awb-order-small:0;--awb-spacing-right-small:1.92%;--awb-spacing-left-small:1.92%;\"><div class=\"fusion-column-wrapper fusion-column-has-shadow fusion-flex-justify-content-flex-start fusion-content-layout-column\"><div class=\"fusion-image-element \" style=\"text-align:center;--awb-margin-top:20px;--awb-caption-title-font-family:var(--h2_typography-font-family);--awb-caption-title-font-weight:var(--h2_typography-font-weight);--awb-caption-title-font-style:var(--h2_typography-font-style);--awb-caption-title-size:var(--h2_typography-font-size);--awb-caption-title-transform:var(--h2_typography-text-transform);--awb-caption-title-line-height:var(--h2_typography-line-height);--awb-caption-title-letter-spacing:var(--h2_typography-letter-spacing);\"><span class=\" fusion-imageframe imageframe-none imageframe-1 hover-type-none\"><img decoding=\"async\" width=\"70\" height=\"70\" title=\"Nachhaltig\" src=\"https:\/\/www.colordruck.net\/wp-content\/uploads\/2021\/05\/Nachhaltig-e1621578026288.png\" alt class=\"img-responsive wp-image-8876\"\/><\/span><\/div><div class=\"fusion-title title fusion-title-1 fusion-sep-none fusion-title-center fusion-title-text fusion-title-size-four\"><h4 class=\"fusion-title-heading title-heading-center fusion-responsive-typography-calculated\" style=\"margin:0;--fontSize:24;line-height:1.42;\"><h4 style=\"text-align: center;\">Durabilit\u00e9<\/h4><\/h4><\/div><div class=\"fusion-text fusion-text-2\"><p style=\"text-align: center;\">Nous sommes particuli\u00e8rement attach\u00e9s \u00e0 l&rsquo;environnement et \u00e0 la soci\u00e9t\u00e9. Des facteurs de succ\u00e8s tels que l&rsquo;orientation client, l&rsquo;innovation et l&rsquo;engagement nous ont fortement influenc\u00e9s. Dans nos activit\u00e9s commerciales, nous misons sur des relations positives, de confiance, mutuellement fructueuses et \u00e0 long terme.<\/p>\n<\/div><\/div><\/div><div class=\"fusion-layout-column fusion_builder_column fusion-builder-column-2 fusion_builder_column_1_3 1_3 fusion-flex-column\" style=\"--awb-padding-top:0px;--awb-padding-right:30px;--awb-padding-bottom:16px;--awb-padding-left:30px;--awb-overflow:hidden;--awb-bg-color:rgba(198,198,198,0.41);--awb-bg-color-hover:rgba(198,198,198,0.41);--awb-bg-size:cover;--awb-box-shadow:5px 5px 22px 0px #848484;;--awb-border-radius:8px 8px 8px 8px;--awb-width-large:33.333333333333%;--awb-margin-top-large:20px;--awb-spacing-right-large:5.76%;--awb-margin-bottom-large:20px;--awb-spacing-left-large:5.76%;--awb-width-medium:33.333333333333%;--awb-order-medium:0;--awb-spacing-right-medium:5.76%;--awb-spacing-left-medium:5.76%;--awb-width-small:100%;--awb-order-small:0;--awb-spacing-right-small:1.92%;--awb-spacing-left-small:1.92%;\"><div class=\"fusion-column-wrapper fusion-column-has-shadow fusion-flex-justify-content-flex-start fusion-content-layout-column\"><div class=\"fusion-image-element \" style=\"text-align:center;--awb-margin-top:20px;--awb-caption-title-font-family:var(--h2_typography-font-family);--awb-caption-title-font-weight:var(--h2_typography-font-weight);--awb-caption-title-font-style:var(--h2_typography-font-style);--awb-caption-title-size:var(--h2_typography-font-size);--awb-caption-title-transform:var(--h2_typography-text-transform);--awb-caption-title-line-height:var(--h2_typography-line-height);--awb-caption-title-letter-spacing:var(--h2_typography-letter-spacing);\"><span class=\" fusion-imageframe imageframe-none imageframe-2 hover-type-none\"><img decoding=\"async\" width=\"70\" height=\"70\" title=\"Flexibel\" src=\"https:\/\/www.colordruck.net\/wp-content\/uploads\/2021\/05\/Flexibel-e1621578068673.png\" alt class=\"img-responsive wp-image-8879\"\/><\/span><\/div><div class=\"fusion-title title fusion-title-2 fusion-sep-none fusion-title-center fusion-title-text fusion-title-size-four\"><h4 class=\"fusion-title-heading title-heading-center fusion-responsive-typography-calculated\" style=\"margin:0;--fontSize:24;line-height:1.42;\"><h4 style=\"text-align: center;\">Flexibilit\u00e9<\/h4><\/h4><\/div><div class=\"fusion-text fusion-text-3\"><p style=\"font-size: 18px; text-align: center;\" data-fusion-font=\"true\">Le secteur de l&#8217;emballage offre des possibilit\u00e9s presque illimit\u00e9es. Seuls ceux qui remettent en question ce qu&rsquo;ils connaissent et qui entrent dans de nouveaux mondes de mani\u00e8re pr\u00e9voyante peuvent r\u00e9pondre pleinement aux exigences individuelles de leurs clients. Nous ouvrons de nouvelles voies et impliquons nos clients et nos partenaires commerciaux dans notre recherche d&rsquo;id\u00e9es en partenariat.<\/p>\n<\/div><\/div><\/div><div class=\"fusion-layout-column fusion_builder_column fusion-builder-column-3 fusion_builder_column_1_3 1_3 fusion-flex-column\" style=\"--awb-padding-right:30px;--awb-padding-bottom:16px;--awb-padding-left:30px;--awb-overflow:hidden;--awb-bg-color:rgba(198,198,198,0.41);--awb-bg-color-hover:rgba(198,198,198,0.41);--awb-bg-size:cover;--awb-box-shadow:5px 5px 22px 0px #848484;;--awb-border-radius:8px 8px 8px 8px;--awb-width-large:33.333333333333%;--awb-margin-top-large:20px;--awb-spacing-right-large:5.76%;--awb-margin-bottom-large:20px;--awb-spacing-left-large:5.76%;--awb-width-medium:33.333333333333%;--awb-order-medium:0;--awb-spacing-right-medium:5.76%;--awb-spacing-left-medium:5.76%;--awb-width-small:100%;--awb-order-small:0;--awb-spacing-right-small:1.92%;--awb-spacing-left-small:1.92%;\"><div class=\"fusion-column-wrapper fusion-column-has-shadow fusion-flex-justify-content-flex-start fusion-content-layout-column\"><div class=\"fusion-image-element \" style=\"text-align:center;--awb-margin-top:20px;--awb-caption-title-font-family:var(--h2_typography-font-family);--awb-caption-title-font-weight:var(--h2_typography-font-weight);--awb-caption-title-font-style:var(--h2_typography-font-style);--awb-caption-title-size:var(--h2_typography-font-size);--awb-caption-title-transform:var(--h2_typography-text-transform);--awb-caption-title-line-height:var(--h2_typography-line-height);--awb-caption-title-letter-spacing:var(--h2_typography-letter-spacing);\"><span class=\" fusion-imageframe imageframe-none imageframe-3 hover-type-none\"><img decoding=\"async\" width=\"70\" height=\"70\" title=\"Partnerschaftlich\" src=\"https:\/\/www.colordruck.net\/wp-content\/uploads\/2021\/05\/Partnerschaftlich-e1621578080351.png\" alt class=\"img-responsive wp-image-8882\"\/><\/span><\/div><div class=\"fusion-title title fusion-title-3 fusion-sep-none fusion-title-center fusion-title-text fusion-title-size-four\"><h4 class=\"fusion-title-heading title-heading-center fusion-responsive-typography-calculated\" style=\"margin:0;--fontSize:24;line-height:1.42;\"><h4 style=\"text-align: center;\">Partenariat<\/h4><\/h4><\/div><div class=\"fusion-text fusion-text-4\"><p style=\"font-size: 18px; text-align: center;\" data-fusion-font=\"true\">Des relations mutuellement positives avec les clients, les collaborateurs et les partenaires commerciaux constituent \u00e0 long terme la base essentielle d&rsquo;une gestion r\u00e9ussie. Dans ce contexte, l&rsquo;engagement, la confiance, le respect, l&rsquo;estime et la gratitude jouent un r\u00f4le essentiel.<\/p>\n<p style=\"font-size: 18px; text-align: center;\" data-fusion-font=\"true\">\n<\/div><\/div><\/div><div class=\"fusion-layout-column fusion_builder_column fusion-builder-column-4 fusion_builder_column_1_1 1_1 fusion-flex-column\" style=\"--awb-bg-size:cover;--awb-width-large:100%;--awb-margin-top-large:20px;--awb-spacing-right-large:1.92%;--awb-margin-bottom-large:20px;--awb-spacing-left-large:1.92%;--awb-width-medium:100%;--awb-order-medium:0;--awb-spacing-right-medium:1.92%;--awb-spacing-left-medium:1.92%;--awb-width-small:100%;--awb-order-small:0;--awb-spacing-right-small:1.92%;--awb-spacing-left-small:1.92%;\"><div class=\"fusion-column-wrapper fusion-column-has-shadow fusion-flex-justify-content-flex-start fusion-content-layout-column\"><div class=\"fusion-title title fusion-title-4 fusion-sep-none fusion-title-text fusion-title-size-two\"><h2 class=\"fusion-title-heading title-heading-left fusion-responsive-typography-calculated\" style=\"margin:0;--fontSize:40;line-height:1.2;\">Notre mission.<\/h2><\/div><div class=\"fusion-text fusion-text-5\" style=\"--awb-content-alignment:justify;\"><h4>But et mission<\/h4>\n<p>La mission de colordruck Baiersbronn est de soutenir les visions cr\u00e9atives et les succ\u00e8s commerciaux de nos clients gr\u00e2ce \u00e0 des emballages, des solutions de finition et des processus de conditionnement de haute qualit\u00e9, innovants et s\u00fbrs. Elle englobe les objectifs et les valeurs d&rsquo;entreprise (durabilit\u00e9, flexibilit\u00e9, partenariat) de colordruck Baiersbronn, y compris son engagement \u00e9lev\u00e9 pour la qualit\u00e9, la durabilit\u00e9 et la satisfaction des clients.<\/p>\n<h4>Propre ambition et avantages pour le client<\/h4>\n<p>Notre objectif est d&rsquo;\u00eatre l&rsquo;une des entreprises leaders dans l&rsquo;industrie de l&#8217;emballage, qui repr\u00e9sente l&rsquo;excellence en mati\u00e8re de satisfaction client, de qualit\u00e9 et de durabilit\u00e9. Nous travaillons en \u00e9troite collaboration avec nos clients afin de d\u00e9velopper des solutions d&#8217;emballage sur mesure de la plus haute qualit\u00e9 qui contribuent \u00e0 leur succ\u00e8s. Gr\u00e2ce \u00e0 notre d\u00e9veloppement cr\u00e9atif d&#8217;emballages, \u00e0 l&rsquo;utilisation de technologies de fabrication de pointe et \u00e0 un travail en partenariat avec des partenaires commerciaux et des parties prenantes innovants, nous nous assurons de r\u00e9pondre \u00e0 tout moment aux exigences du march\u00e9 et de renforcer encore notre comp\u00e9titivit\u00e9.<\/p>\n<h4>Entreprise familiale, responsabilit\u00e9, durabilit\u00e9<\/h4>\n<p>En tant qu&rsquo;entreprise familiale, nous sommes conscients de notre responsabilit\u00e9 sociale, \u00e9cologique et \u00e9conomique particuli\u00e8re vis-\u00e0-vis de nos collaborateurs et de la r\u00e9gion. Notre objectif est d&rsquo;utiliser des mat\u00e9riaux respectueux de l&rsquo;environnement, de minimiser les d\u00e9chets et d&rsquo;am\u00e9liorer continuellement nos processus d&rsquo;exploitation afin de r\u00e9duire notre empreinte \u00e9cologique.<\/p>\n<\/div><\/div><\/div><\/div><\/div>\n","protected":false},"excerpt":{"rendered":"","protected":false},"author":3,"featured_media":8871,"parent":7049,"menu_order":0,"comment_status":"closed","ping_status":"closed","template":"100-width.php","meta":{"footnotes":""},"class_list":["post-7156","page","type-page","status-publish","has-post-thumbnail","hentry"],"_links":{"self":[{"href":"https:\/\/www.colordruck.net\/fr\/wp-json\/wp\/v2\/pages\/7156","targetHints":{"allow":["GET"]}}],"collection":[{"href":"https:\/\/www.colordruck.net\/fr\/wp-json\/wp\/v2\/pages"}],"about":[{"href":"https:\/\/www.colordruck.net\/fr\/wp-json\/wp\/v2\/types\/page"}],"author":[{"embeddable":true,"href":"https:\/\/www.colordruck.net\/fr\/wp-json\/wp\/v2\/users\/3"}],"replies":[{"embeddable":true,"href":"https:\/\/www.colordruck.net\/fr\/wp-json\/wp\/v2\/comments?post=7156"}],"version-history":[{"count":53,"href":"https:\/\/www.colordruck.net\/fr\/wp-json\/wp\/v2\/pages\/7156\/revisions"}],"predecessor-version":[{"id":18217,"href":"https:\/\/www.colordruck.net\/fr\/wp-json\/wp\/v2\/pages\/7156\/revisions\/18217"}],"up":[{"embeddable":true,"href":"https:\/\/www.colordruck.net\/fr\/wp-json\/wp\/v2\/pages\/7049"}],"wp:featuredmedia":[{"embeddable":true,"href":"https:\/\/www.colordruck.net\/fr\/wp-json\/wp\/v2\/media\/8871"}],"wp:attachment":[{"href":"https:\/\/www.colordruck.net\/fr\/wp-json\/wp\/v2\/media?parent=7156"}],"curies":[{"name":"wp","href":"https:\/\/api.w.org\/{rel}","templated":true}]}}