{"id":6930,"date":"2021-05-04T10:35:03","date_gmt":"2021-05-04T08:35:03","guid":{"rendered":"http:\/\/wp.colordruck.net\/prestations\/conditionnements-climatiquement-neutres\/"},"modified":"2023-03-15T08:48:31","modified_gmt":"2023-03-15T07:48:31","slug":"emballages-durables","status":"publish","type":"page","link":"https:\/\/www.colordruck.net\/fr\/produits\/emballages-durables\/","title":{"rendered":"Emballages durables"},"content":{"rendered":"<p><div class=\"fusion-fullwidth fullwidth-box fusion-builder-row-1 fusion-flex-container nonhundred-percent-fullwidth non-hundred-percent-height-scrolling\" style=\"--awb-border-radius-top-left:0px;--awb-border-radius-top-right:0px;--awb-border-radius-bottom-right:0px;--awb-border-radius-bottom-left:0px;--awb-padding-top:60px;--awb-padding-bottom:60px;--awb-flex-wrap:wrap;\" ><div class=\"fusion-builder-row fusion-row fusion-flex-align-items-flex-start fusion-flex-content-wrap\" style=\"max-width:1248px;margin-left: calc(-4% \/ 2 );margin-right: calc(-4% \/ 2 );\"><div class=\"fusion-layout-column fusion_builder_column fusion-builder-column-0 fusion_builder_column_1_1 1_1 fusion-flex-column\" style=\"--awb-bg-size:cover;--awb-width-large:100%;--awb-margin-top-large:20px;--awb-spacing-right-large:1.92%;--awb-margin-bottom-large:20px;--awb-spacing-left-large:1.92%;--awb-width-medium:100%;--awb-order-medium:0;--awb-spacing-right-medium:1.92%;--awb-spacing-left-medium:1.92%;--awb-width-small:100%;--awb-order-small:0;--awb-spacing-right-small:1.92%;--awb-spacing-left-small:1.92%;\"><div class=\"fusion-column-wrapper fusion-column-has-shadow fusion-flex-justify-content-flex-start fusion-content-layout-column\"><div class=\"fusion-text fusion-text-1 awb-text-cols fusion-text-columns-2\" style=\"--awb-columns:2;--awb-column-spacing:50px;--awb-column-min-width:450px;\"><p style=\"text-align: justify;\">Il est incontestable qu&rsquo;aucun emballage de produit n&rsquo;est la solution la plus durable. Cependant, de nombreux produits n\u00e9cessitent imp\u00e9rativement un emballage \u2013 que ce soit pour la protection de la marchandise, pour un meilleur transport ou m\u00eame pour la durabilit\u00e9. Pour agir de la mani\u00e8re la plus \u00e9cologique possible, vous devez choisir des emballages durables.<\/p>\n<p style=\"text-align: justify;\">Les emballages de produits durables sont fabriqu\u00e9s \u00e0 partir de mati\u00e8res premi\u00e8res recyclables\/renouvelables. Un emballage climatiquement neutre a une empreinte carbone la plus faible possible et se caract\u00e9rise par des processus de production all\u00e9g\u00e9s et des cha\u00eenes d&rsquo;approvisionnement courtes. Pour cette raison, l&#8217;emballage en carton plein est tout \u00e0 fait le bon choix. Le carton est non seulement renouvelable, mais \u00e9galement recyclable et peut \u00eatre biod\u00e9gradable.<\/p>\n<p style=\"text-align: justify;\">En tant qu&rsquo;entreprise responsable qui a toujours fait de la \u00ab durabilit\u00e9 \u00bb l&rsquo;une de ses valeurs, nous sommes donc le partenaire id\u00e9al pour les emballages durables. Nous nous ferons un plaisir de vous conseiller sur le th\u00e8me de l&#8217;emballage durable.<\/p>\n<\/div><div style=\"text-align:right;\"><a class=\"fusion-button button-flat fusion-button-default-size button-default fusion-button-default button-1 fusion-button-default-span fusion-button-default-type\" target=\"_self\" href=\"https:\/\/www.colordruck.net\/fr\/contact\/\"><span class=\"fusion-button-text awb-button__text awb-button__text--default\">Demander maintenant<\/span><\/a><\/div><\/div><\/div><\/div><\/div><div class=\"fusion-fullwidth fullwidth-box fusion-builder-row-2 fusion-flex-container nonhundred-percent-fullwidth non-hundred-percent-height-scrolling\" style=\"--awb-border-radius-top-left:0px;--awb-border-radius-top-right:0px;--awb-border-radius-bottom-right:0px;--awb-border-radius-bottom-left:0px;--awb-padding-top:60px;--awb-padding-bottom:60px;--awb-background-color:rgba(198,198,198,0.41);--awb-flex-wrap:wrap;\" ><div class=\"fusion-builder-row fusion-row fusion-flex-align-items-flex-start fusion-flex-content-wrap\" style=\"max-width:1248px;margin-left: calc(-4% \/ 2 );margin-right: calc(-4% \/ 2 );\"><div class=\"fusion-layout-column fusion_builder_column fusion-builder-column-1 fusion_builder_column_1_2 1_2 fusion-flex-column\" style=\"--awb-bg-size:cover;--awb-width-large:50%;--awb-margin-top-large:20px;--awb-spacing-right-large:3.84%;--awb-margin-bottom-large:20px;--awb-spacing-left-large:3.84%;--awb-width-medium:50%;--awb-order-medium:0;--awb-spacing-right-medium:3.84%;--awb-spacing-left-medium:3.84%;--awb-width-small:100%;--awb-order-small:0;--awb-spacing-right-small:1.92%;--awb-spacing-left-small:1.92%;\"><div class=\"fusion-column-wrapper fusion-column-has-shadow fusion-flex-justify-content-flex-start fusion-content-layout-column\"><div class=\"fusion-image-element \" style=\"--awb-caption-title-font-family:var(--h2_typography-font-family);--awb-caption-title-font-weight:var(--h2_typography-font-weight);--awb-caption-title-font-style:var(--h2_typography-font-style);--awb-caption-title-size:var(--h2_typography-font-size);--awb-caption-title-transform:var(--h2_typography-text-transform);--awb-caption-title-line-height:var(--h2_typography-line-height);--awb-caption-title-letter-spacing:var(--h2_typography-letter-spacing);\"><span class=\" fusion-imageframe imageframe-none imageframe-1 hover-type-none\"><img decoding=\"async\" width=\"1424\" height=\"1099\" title=\"Infografik_Kreislauf-Karton_white\" src=\"https:\/\/www.colordruck.net\/wp-content\/uploads\/2022\/02\/Infografik_Kreislauf-Karton_white.png\" alt class=\"img-responsive wp-image-9602\" srcset=\"https:\/\/www.colordruck.net\/wp-content\/uploads\/2022\/02\/Infografik_Kreislauf-Karton_white-200x154.png 200w, https:\/\/www.colordruck.net\/wp-content\/uploads\/2022\/02\/Infografik_Kreislauf-Karton_white-400x309.png 400w, https:\/\/www.colordruck.net\/wp-content\/uploads\/2022\/02\/Infografik_Kreislauf-Karton_white-600x463.png 600w, https:\/\/www.colordruck.net\/wp-content\/uploads\/2022\/02\/Infografik_Kreislauf-Karton_white-800x617.png 800w, https:\/\/www.colordruck.net\/wp-content\/uploads\/2022\/02\/Infografik_Kreislauf-Karton_white-1200x926.png 1200w, https:\/\/www.colordruck.net\/wp-content\/uploads\/2022\/02\/Infografik_Kreislauf-Karton_white.png 1424w\" sizes=\"(max-width: 770px) 100vw, 600px\" \/><\/span><\/div><\/div><\/div><div class=\"fusion-layout-column fusion_builder_column fusion-builder-column-2 fusion_builder_column_1_2 1_2 fusion-flex-column fusion-flex-align-self-center\" style=\"--awb-bg-size:cover;--awb-width-large:50%;--awb-margin-top-large:20px;--awb-spacing-right-large:3.84%;--awb-margin-bottom-large:20px;--awb-spacing-left-large:3.84%;--awb-width-medium:50%;--awb-order-medium:0;--awb-spacing-right-medium:3.84%;--awb-spacing-left-medium:3.84%;--awb-width-small:100%;--awb-order-small:0;--awb-spacing-right-small:1.92%;--awb-spacing-left-small:1.92%;\"><div class=\"fusion-column-wrapper fusion-column-has-shadow fusion-flex-justify-content-flex-start fusion-content-layout-column\"><div class=\"fusion-title title fusion-title-1 fusion-sep-none fusion-title-text fusion-title-size-two\"><h2 class=\"fusion-title-heading title-heading-left fusion-responsive-typography-calculated\" style=\"margin:0;--fontSize:40;line-height:1.2;\"><h2>Le carton est recyclable<span style=\"color: #4eaf46;\">.\u00a0<\/span><\/h2><\/h2><\/div><div class=\"fusion-text fusion-text-2\"><p style=\"text-align: justify;\">Les bo\u00eetes pliantes, ainsi que les bo\u00eetes pliantes avec rev\u00eatement ou fen\u00eatre coll\u00e9e, s&rsquo;\u00e9liminent depuis de nombreuses ann\u00e9es avec les vieux papiers et sont recycl\u00e9es. La mati\u00e8re ainsi obtenue constitue la base de nouveaux produits en papier ou en carton.<\/p>\n<p style=\"text-align: justify;\">L&rsquo;\u00e9conomie circulaire est une solution extr\u00eamement fiable dans laquelle les produits recyclables jouent un r\u00f4le essentiel. Les mat\u00e9riaux utilis\u00e9s pour les produits sont pris en consid\u00e9ration d\u00e8s le processus de conception et sont toujours pris en compte jusqu&rsquo;\u00e0 la fin de la vie d&rsquo;un produit. Lorsque l&rsquo;on vise l&rsquo;\u00e9conomie circulaire, le devenir des mati\u00e8res premi\u00e8res et des ressources apr\u00e8s le cycle de vie proprement dit est d\u00e9j\u00e0 d\u00e9cid\u00e9 avant la production.<\/p>\n<\/div><\/div><\/div><\/div><\/div><div class=\"fusion-fullwidth fullwidth-box fusion-builder-row-3 fusion-flex-container nonhundred-percent-fullwidth non-hundred-percent-height-scrolling\" style=\"--awb-border-radius-top-left:0px;--awb-border-radius-top-right:0px;--awb-border-radius-bottom-right:0px;--awb-border-radius-bottom-left:0px;--awb-padding-top:60px;--awb-flex-wrap:wrap;\" ><div class=\"fusion-builder-row fusion-row fusion-flex-align-items-flex-start fusion-flex-content-wrap\" style=\"max-width:1248px;margin-left: calc(-4% \/ 2 );margin-right: calc(-4% \/ 2 );\"><div class=\"fusion-layout-column fusion_builder_column fusion-builder-column-3 fusion_builder_column_1_2 1_2 fusion-flex-column\" style=\"--awb-bg-size:cover;--awb-width-large:50%;--awb-margin-top-large:20px;--awb-spacing-right-large:3.84%;--awb-margin-bottom-large:20px;--awb-spacing-left-large:3.84%;--awb-width-medium:50%;--awb-order-medium:0;--awb-spacing-right-medium:3.84%;--awb-spacing-left-medium:3.84%;--awb-width-small:100%;--awb-order-small:0;--awb-spacing-right-small:1.92%;--awb-spacing-left-small:1.92%;\"><div class=\"fusion-column-wrapper fusion-column-has-shadow fusion-flex-justify-content-flex-start fusion-content-layout-column\"><div class=\"fusion-title title fusion-title-2 fusion-sep-none fusion-title-text fusion-title-size-two\"><h2 class=\"fusion-title-heading title-heading-left fusion-responsive-typography-calculated\" style=\"margin:0;--fontSize:40;line-height:1.2;\"><h2>Prot\u00e9ger durablement les for\u00eats<span style=\"color: #4eaf46;\">.<\/span><\/h2><\/h2><\/div><div class=\"fusion-text fusion-text-3 awb-text-cols fusion-text-columns-2\" style=\"--awb-columns:2;--awb-column-spacing:50px;--awb-column-min-width:450px;\"><p style=\"text-align: justify;\">Le carton utilis\u00e9 pour la fabrication des bo\u00eetes pliantes est obtenu \u00e0 100 % \u00e0 partir de mati\u00e8res premi\u00e8res renouvelables non fossiles telles que la fibre de bois et la cellulose (ou \u00e0 partir de vieux papiers recycl\u00e9s).<\/p>\n<p style=\"text-align: justify;\">En Europe, ces mati\u00e8res premi\u00e8res proviennent exclusivement d&rsquo;une exploitation foresti\u00e8re durable et g\u00e9n\u00e9ralement certifi\u00e9e (FSC, PEFC). Cela signifie avant tout qu&rsquo;aucune for\u00eat tropicale n&rsquo;est d\u00e9truite pour la fabrication du carton. Les sources utilis\u00e9es sont par exemple le bois d&rsquo;\u00e9claircie, les sous-produits de scierie ou le bois de plantation. De plus, la superficie des for\u00eats exploit\u00e9es ne diminue pas chaque ann\u00e9e, elle augmente m\u00eame d&rsquo;une surface \u00e9quivalente \u00e0 1,5 million de terrains de football.<\/p>\n<\/div><\/div><\/div><div class=\"fusion-layout-column fusion_builder_column fusion-builder-column-4 fusion_builder_column_1_2 1_2 fusion-flex-column\" style=\"--awb-overflow:hidden;--awb-bg-size:cover;--awb-border-radius:8px 8px 8px 8px;--awb-width-large:50%;--awb-margin-top-large:20px;--awb-spacing-right-large:3.84%;--awb-margin-bottom-large:20px;--awb-spacing-left-large:3.84%;--awb-width-medium:50%;--awb-order-medium:0;--awb-spacing-right-medium:3.84%;--awb-spacing-left-medium:3.84%;--awb-width-small:100%;--awb-order-small:0;--awb-spacing-right-small:1.92%;--awb-spacing-left-small:1.92%;\"><div class=\"fusion-column-wrapper fusion-column-has-shadow fusion-flex-justify-content-flex-start fusion-content-layout-column\"><div class=\"fusion-image-element \" style=\"--awb-caption-title-font-family:var(--h2_typography-font-family);--awb-caption-title-font-weight:var(--h2_typography-font-weight);--awb-caption-title-font-style:var(--h2_typography-font-style);--awb-caption-title-size:var(--h2_typography-font-size);--awb-caption-title-transform:var(--h2_typography-text-transform);--awb-caption-title-line-height:var(--h2_typography-line-height);--awb-caption-title-letter-spacing:var(--h2_typography-letter-spacing);\"><span class=\" fusion-imageframe imageframe-none imageframe-2 hover-type-none\"><img decoding=\"async\" width=\"1057\" height=\"806\" title=\"Nachhaltigkeit_Baum_1057x806\" src=\"https:\/\/www.colordruck.net\/wp-content\/uploads\/2022\/02\/Nachhaltigkeit_Baum_1057x806.png\" alt class=\"img-responsive wp-image-9598\" srcset=\"https:\/\/www.colordruck.net\/wp-content\/uploads\/2022\/02\/Nachhaltigkeit_Baum_1057x806-200x153.png 200w, https:\/\/www.colordruck.net\/wp-content\/uploads\/2022\/02\/Nachhaltigkeit_Baum_1057x806-400x305.png 400w, https:\/\/www.colordruck.net\/wp-content\/uploads\/2022\/02\/Nachhaltigkeit_Baum_1057x806-600x458.png 600w, https:\/\/www.colordruck.net\/wp-content\/uploads\/2022\/02\/Nachhaltigkeit_Baum_1057x806-800x610.png 800w, https:\/\/www.colordruck.net\/wp-content\/uploads\/2022\/02\/Nachhaltigkeit_Baum_1057x806.png 1057w\" sizes=\"(max-width: 770px) 100vw, 600px\" \/><\/span><\/div><\/div><\/div><\/div><\/div><div class=\"fusion-fullwidth fullwidth-box fusion-builder-row-4 fusion-flex-container nonhundred-percent-fullwidth non-hundred-percent-height-scrolling\" style=\"--awb-border-radius-top-left:0px;--awb-border-radius-top-right:0px;--awb-border-radius-bottom-right:0px;--awb-border-radius-bottom-left:0px;--awb-flex-wrap:wrap;\" ><div class=\"fusion-builder-row fusion-row fusion-flex-align-items-flex-start fusion-flex-content-wrap\" style=\"max-width:1248px;margin-left: calc(-4% \/ 2 );margin-right: calc(-4% \/ 2 );\"><div class=\"fusion-layout-column fusion_builder_column fusion-builder-column-5 fusion_builder_column_1_1 1_1 fusion-flex-column\" style=\"--awb-bg-size:cover;--awb-width-large:100%;--awb-margin-top-large:20px;--awb-spacing-right-large:1.92%;--awb-margin-bottom-large:20px;--awb-spacing-left-large:1.92%;--awb-width-medium:100%;--awb-order-medium:0;--awb-spacing-right-medium:1.92%;--awb-spacing-left-medium:1.92%;--awb-width-small:100%;--awb-order-small:0;--awb-spacing-right-small:1.92%;--awb-spacing-left-small:1.92%;\"><div class=\"fusion-column-wrapper fusion-column-has-shadow fusion-flex-justify-content-flex-start fusion-content-layout-column\"><div class=\"fusion-title title fusion-title-3 fusion-sep-none fusion-title-text fusion-title-size-two\"><h2 class=\"fusion-title-heading title-heading-left fusion-responsive-typography-calculated\" style=\"margin:0;--fontSize:40;line-height:1.2;\"><h2>Trouver un \u00e9quilibre avec ClimatePartner<span style=\"color: #4eaf46;\">.<\/span><\/h2><\/h2><\/div><div class=\"fusion-text fusion-text-4 awb-text-cols fusion-text-columns-2\" style=\"--awb-columns:2;--awb-column-spacing:50px;--awb-column-min-width:450px;\"><p>La probl\u00e9matique du changement climatique exige une clairvoyance entrepreneuriale. Gr\u00e2ce \u00e0 des emballages avec compensation CO2, vous pouvez faire preuve d&rsquo;un comportement durable exemplaire et vous positionner en tant qu&rsquo;entreprise tourn\u00e9e vers l&rsquo;avenir.<\/p>\n<p style=\"text-align: justify;\"><span style=\"background-color: rgba(255, 255, 255, 0); color: var(--body_typography-color); font-family: var(--body_typography-font-family); font-size: var(--body_typography-font-size); font-style: var(--body_typography-font-style,normal); font-weight: var(--body_typography-font-weight); letter-spacing: var(--body_typography-letter-spacing);\">\u00ab Climatiquement neutre \u00bb signifie que les \u00e9missions de gaz \u00e0 effet de serre des emballages sont calcul\u00e9es avec pr\u00e9cision et compens\u00e9es par l&rsquo;achat de certificats d&rsquo;\u00e9mission. Gr\u00e2ce \u00e0 l&rsquo;utilisation d&rsquo;un calculateur de CO2 de ClimatePartner, test\u00e9 par le T\u00dcV Austria et reconnu au niveau international, nous sommes en mesure de d\u00e9terminer les \u00e9missions de CO2 restantes des productions d&#8217;emballages aussi bien pour les commandes sp\u00e9cifiques que pour l&rsquo;ensemble de la cha\u00eene de processus. Le calcul est conforme aux exigences de la norme ISO 16759. Pour les commandes d&#8217;emballage compens\u00e9es, vous recevez le label \u00ab emballage climatiquement neutre \u00bb avec votre num\u00e9ro d&rsquo;identification individuel. Les co\u00fbts suppl\u00e9mentaires pour les emballages climatiquement neutres s&rsquo;\u00e9l\u00e8vent \u00e0 environ 2 % de la valeur de la commande, en fonction des sp\u00e9cifications du produit.<\/p>\n<\/div><div class=\"fusion-builder-row fusion-builder-row-inner fusion-row fusion-flex-align-items-flex-start fusion-flex-content-wrap\" style=\"width:104% !important;max-width:104% !important;margin-left: calc(-4% \/ 2 );margin-right: calc(-4% \/ 2 );\"><div class=\"fusion-layout-column fusion_builder_column_inner fusion-builder-nested-column-0 fusion_builder_column_inner_1_5 1_5 fusion-flex-column\" style=\"--awb-bg-size:cover;--awb-width-large:20%;--awb-margin-top-large:20px;--awb-spacing-right-large:9.6%;--awb-margin-bottom-large:20px;--awb-spacing-left-large:9.6%;--awb-width-medium:20%;--awb-order-medium:0;--awb-spacing-right-medium:9.6%;--awb-spacing-left-medium:9.6%;--awb-width-small:100%;--awb-order-small:0;--awb-spacing-right-small:1.92%;--awb-spacing-left-small:1.92%;\"><div class=\"fusion-column-wrapper fusion-column-has-shadow fusion-flex-justify-content-flex-start fusion-content-layout-column\"><\/div><\/div><div class=\"fusion-layout-column fusion_builder_column_inner fusion-builder-nested-column-1 fusion_builder_column_inner_1_5 1_5 fusion-flex-column\" style=\"--awb-bg-size:cover;--awb-width-large:20%;--awb-margin-top-large:20px;--awb-spacing-right-large:9.6%;--awb-margin-bottom-large:20px;--awb-spacing-left-large:9.6%;--awb-width-medium:20%;--awb-order-medium:0;--awb-spacing-right-medium:9.6%;--awb-spacing-left-medium:9.6%;--awb-width-small:100%;--awb-order-small:0;--awb-spacing-right-small:1.92%;--awb-spacing-left-small:1.92%;\"><div class=\"fusion-column-wrapper fusion-column-has-shadow fusion-flex-justify-content-flex-start fusion-content-layout-column\"><div class=\"fusion-image-element \" style=\"text-align:center;--awb-caption-title-font-family:var(--h2_typography-font-family);--awb-caption-title-font-weight:var(--h2_typography-font-weight);--awb-caption-title-font-style:var(--h2_typography-font-style);--awb-caption-title-size:var(--h2_typography-font-size);--awb-caption-title-transform:var(--h2_typography-text-transform);--awb-caption-title-line-height:var(--h2_typography-line-height);--awb-caption-title-letter-spacing:var(--h2_typography-letter-spacing);\"><span class=\" fusion-imageframe imageframe-none imageframe-3 hover-type-none\"><img decoding=\"async\" width=\"100\" height=\"100\" title=\"Taschenrechner\" src=\"https:\/\/www.colordruck.net\/wp-content\/uploads\/2021\/04\/Taschenrechner-e1618818802259.png\" alt class=\"img-responsive wp-image-6933\"\/><\/span><\/div><div class=\"fusion-text fusion-text-5\"><p style=\"text-align: center;\">Calcul des<br \/>\n\u00e9missions<\/p>\n<\/div><\/div><\/div><div class=\"fusion-layout-column fusion_builder_column_inner fusion-builder-nested-column-2 fusion_builder_column_inner_1_5 1_5 fusion-flex-column\" style=\"--awb-bg-size:cover;--awb-width-large:20%;--awb-margin-top-large:20px;--awb-spacing-right-large:9.6%;--awb-margin-bottom-large:20px;--awb-spacing-left-large:9.6%;--awb-width-medium:20%;--awb-order-medium:0;--awb-spacing-right-medium:9.6%;--awb-spacing-left-medium:9.6%;--awb-width-small:100%;--awb-order-small:0;--awb-spacing-right-small:1.92%;--awb-spacing-left-small:1.92%;\"><div class=\"fusion-column-wrapper fusion-column-has-shadow fusion-flex-justify-content-flex-start fusion-content-layout-column\"><div class=\"fusion-image-element \" style=\"text-align:center;--awb-caption-title-font-family:var(--h2_typography-font-family);--awb-caption-title-font-weight:var(--h2_typography-font-weight);--awb-caption-title-font-style:var(--h2_typography-font-style);--awb-caption-title-size:var(--h2_typography-font-size);--awb-caption-title-transform:var(--h2_typography-text-transform);--awb-caption-title-line-height:var(--h2_typography-line-height);--awb-caption-title-letter-spacing:var(--h2_typography-letter-spacing);\"><span class=\" fusion-imageframe imageframe-none imageframe-4 hover-type-none\"><img decoding=\"async\" width=\"100\" height=\"100\" title=\"Emissionen-reduzieren\" src=\"https:\/\/www.colordruck.net\/wp-content\/uploads\/2021\/04\/Emissionen-reduzieren-e1618818885571.png\" alt class=\"img-responsive wp-image-6936\"\/><\/span><\/div><div class=\"fusion-text fusion-text-6\"><p style=\"text-align: center;\">R\u00e9duire les \u00e9missions<br \/>\nde CO2<\/p>\n<\/div><\/div><\/div><div class=\"fusion-layout-column fusion_builder_column_inner fusion-builder-nested-column-3 fusion_builder_column_inner_1_5 1_5 fusion-flex-column\" style=\"--awb-bg-size:cover;--awb-width-large:20%;--awb-margin-top-large:20px;--awb-spacing-right-large:9.6%;--awb-margin-bottom-large:20px;--awb-spacing-left-large:9.6%;--awb-width-medium:20%;--awb-order-medium:0;--awb-spacing-right-medium:9.6%;--awb-spacing-left-medium:9.6%;--awb-width-small:100%;--awb-order-small:0;--awb-spacing-right-small:1.92%;--awb-spacing-left-small:1.92%;\"><div class=\"fusion-column-wrapper fusion-column-has-shadow fusion-flex-justify-content-flex-start fusion-content-layout-column\"><div class=\"fusion-image-element \" style=\"text-align:center;--awb-caption-title-font-family:var(--h2_typography-font-family);--awb-caption-title-font-weight:var(--h2_typography-font-weight);--awb-caption-title-font-style:var(--h2_typography-font-style);--awb-caption-title-size:var(--h2_typography-font-size);--awb-caption-title-transform:var(--h2_typography-text-transform);--awb-caption-title-line-height:var(--h2_typography-line-height);--awb-caption-title-letter-spacing:var(--h2_typography-letter-spacing);\"><span class=\" fusion-imageframe imageframe-none imageframe-5 hover-type-none\"><img decoding=\"async\" width=\"100\" height=\"100\" title=\"Ausgleich\" src=\"https:\/\/www.colordruck.net\/wp-content\/uploads\/2021\/04\/Ausgleich-e1618818907731.png\" alt class=\"img-responsive wp-image-6939\"\/><\/span><\/div><div class=\"fusion-text fusion-text-7\"><p style=\"text-align: center;\">Compenser les \u00e9missions in\u00e9vitables<\/p>\n<\/div><\/div><\/div><div class=\"fusion-layout-column fusion_builder_column_inner fusion-builder-nested-column-4 fusion_builder_column_inner_1_5 1_5 fusion-flex-column\" style=\"--awb-bg-size:cover;--awb-width-large:20%;--awb-margin-top-large:20px;--awb-spacing-right-large:9.6%;--awb-margin-bottom-large:20px;--awb-spacing-left-large:9.6%;--awb-width-medium:20%;--awb-order-medium:0;--awb-spacing-right-medium:9.6%;--awb-spacing-left-medium:9.6%;--awb-width-small:100%;--awb-order-small:0;--awb-spacing-right-small:1.92%;--awb-spacing-left-small:1.92%;\"><div class=\"fusion-column-wrapper fusion-column-has-shadow fusion-flex-justify-content-flex-start fusion-content-layout-column\"><\/div><\/div><\/div><div style=\"text-align:right;\"><a class=\"fusion-button button-flat fusion-button-default-size button-default fusion-button-default button-2 fusion-button-default-span fusion-button-default-type\" target=\"_self\" href=\"https:\/\/www.colordruck.net\/fr\/contact\/\"><span class=\"fusion-button-text awb-button__text awb-button__text--default\">Vers le formulaire de contact<\/span><\/a><\/div><\/div><\/div><\/div><\/div><\/p>\n","protected":false},"excerpt":{"rendered":"","protected":false},"author":3,"featured_media":9167,"parent":10734,"menu_order":3,"comment_status":"closed","ping_status":"closed","template":"100-width.php","meta":{"footnotes":""},"class_list":["post-6930","page","type-page","status-publish","has-post-thumbnail","hentry"],"_links":{"self":[{"href":"https:\/\/www.colordruck.net\/fr\/wp-json\/wp\/v2\/pages\/6930","targetHints":{"allow":["GET"]}}],"collection":[{"href":"https:\/\/www.colordruck.net\/fr\/wp-json\/wp\/v2\/pages"}],"about":[{"href":"https:\/\/www.colordruck.net\/fr\/wp-json\/wp\/v2\/types\/page"}],"author":[{"embeddable":true,"href":"https:\/\/www.colordruck.net\/fr\/wp-json\/wp\/v2\/users\/3"}],"replies":[{"embeddable":true,"href":"https:\/\/www.colordruck.net\/fr\/wp-json\/wp\/v2\/comments?post=6930"}],"version-history":[{"count":37,"href":"https:\/\/www.colordruck.net\/fr\/wp-json\/wp\/v2\/pages\/6930\/revisions"}],"predecessor-version":[{"id":13463,"href":"https:\/\/www.colordruck.net\/fr\/wp-json\/wp\/v2\/pages\/6930\/revisions\/13463"}],"up":[{"embeddable":true,"href":"https:\/\/www.colordruck.net\/fr\/wp-json\/wp\/v2\/pages\/10734"}],"wp:featuredmedia":[{"embeddable":true,"href":"https:\/\/www.colordruck.net\/fr\/wp-json\/wp\/v2\/media\/9167"}],"wp:attachment":[{"href":"https:\/\/www.colordruck.net\/fr\/wp-json\/wp\/v2\/media?parent=6930"}],"curies":[{"name":"wp","href":"https:\/\/api.w.org\/{rel}","templated":true}]}}