{"id":6786,"date":"2021-05-04T08:33:48","date_gmt":"2021-05-04T06:33:48","guid":{"rendered":"http:\/\/wp.colordruck.net\/page-daccueil\/"},"modified":"2022-12-15T14:01:29","modified_gmt":"2022-12-15T13:01:29","slug":"page-daccueil","status":"publish","type":"page","link":"https:\/\/www.colordruck.net\/fr\/","title":{"rendered":"Page d&rsquo;accueil"},"content":{"rendered":"<p><div class=\"fusion-fullwidth fullwidth-box fusion-builder-row-1 fusion-flex-container nonhundred-percent-fullwidth non-hundred-percent-height-scrolling\" style=\"--awb-border-radius-top-left:0px;--awb-border-radius-top-right:0px;--awb-border-radius-bottom-right:0px;--awb-border-radius-bottom-left:0px;--awb-padding-top:60px;--awb-padding-top-medium:20px;--awb-padding-right-medium:20px;--awb-padding-bottom-medium:20px;--awb-padding-left-medium:20px;--awb-background-color:rgba(255,255,255,0.41);--awb-flex-wrap:wrap;\" ><div class=\"fusion-builder-row fusion-row fusion-flex-align-items-flex-start fusion-flex-content-wrap\" style=\"max-width:1248px;margin-left: calc(-4% \/ 2 );margin-right: calc(-4% \/ 2 );\"><div class=\"fusion-layout-column fusion_builder_column fusion-builder-column-0 fusion_builder_column_1_1 1_1 fusion-flex-column\" style=\"--awb-padding-top:0px;--awb-bg-size:cover;--awb-width-large:100%;--awb-margin-top-large:20px;--awb-spacing-right-large:1.92%;--awb-margin-bottom-large:20px;--awb-spacing-left-large:1.92%;--awb-width-medium:100%;--awb-order-medium:0;--awb-spacing-right-medium:1.92%;--awb-spacing-left-medium:1.92%;--awb-width-small:100%;--awb-order-small:0;--awb-spacing-right-small:1.92%;--awb-spacing-left-small:1.92%;\"><div class=\"fusion-column-wrapper fusion-column-has-shadow fusion-flex-justify-content-flex-start fusion-content-layout-column\"><div class=\"fusion-text fusion-text-1 awb-text-cols fusion-text-columns-2\" style=\"--awb-columns:2;--awb-column-spacing:50px;--awb-column-min-width:450px;\"><p style=\"text-align: justify;\">En tant qu&rsquo;experts dans le domaine de l&#8217;emballage, nous d\u00e9veloppons des solutions d&#8217;emballage individuelles et durables \u00e0 partir de carton plein. Du d\u00e9veloppement de l&#8217;emballage \u00e0 la production, en passant par le conditionnement avec vos produits et l&rsquo;exp\u00e9dition de vos emballages de produits, nous sommes votre partenaire avec un service complet.<\/p>\n<p style=\"text-align: justify;\">\n<\/div><\/div><\/div><div class=\"fusion-layout-column fusion_builder_column fusion-builder-column-1 fusion_builder_column_1_3 1_3 fusion-flex-column fusion-column-inner-bg-wrapper\" style=\"--awb-padding-top:36px;--awb-padding-right:20px;--awb-padding-bottom:16px;--awb-padding-left:20px;--awb-overflow:hidden;--awb-inner-bg-color:rgba(198,198,198,0.41);--awb-inner-bg-color-hover:rgba(198,198,198,0.41);--awb-inner-bg-size:cover;--awb-box-shadow:5px 5px 22px 0px #848484;;--awb-border-radius:8px 8px 8px 8px;--awb-inner-bg-border-radius:8px 8px 8px 8px;--awb-inner-bg-overflow:hidden;--awb-width-large:33.333333333333%;--awb-margin-top-large:20px;--awb-spacing-right-large:5.76%;--awb-margin-bottom-large:20px;--awb-spacing-left-large:5.76%;--awb-width-medium:33.333333333333%;--awb-order-medium:0;--awb-spacing-right-medium:10px;--awb-spacing-left-medium:10px;--awb-width-small:100%;--awb-order-small:0;--awb-spacing-right-small:10px;--awb-margin-bottom-small:10px;--awb-spacing-left-small:10px;\"><span class=\"fusion-column-inner-bg hover-type-none\"><a class=\"fusion-column-anchor\" href=\"https:\/\/www.colordruck.net\/fr\/entreprise\/services\/\"><span class=\"fusion-column-inner-bg-image\"><\/span><\/a><\/span><div class=\"fusion-column-wrapper fusion-column-has-shadow fusion-flex-justify-content-flex-start fusion-content-layout-column\"><div class=\"fusion-image-element \" style=\"text-align:center;--awb-caption-title-font-family:var(--h2_typography-font-family);--awb-caption-title-font-weight:var(--h2_typography-font-weight);--awb-caption-title-font-style:var(--h2_typography-font-style);--awb-caption-title-size:var(--h2_typography-font-size);--awb-caption-title-transform:var(--h2_typography-text-transform);--awb-caption-title-line-height:var(--h2_typography-line-height);--awb-caption-title-letter-spacing:var(--h2_typography-letter-spacing);\"><span class=\" fusion-imageframe imageframe-none imageframe-1 hover-type-none\"><img decoding=\"async\" width=\"48\" height=\"50\" title=\"Packaging Production Icon\" src=\"https:\/\/www.colordruck.net\/wp-content\/uploads\/2021\/02\/Packaging-Production-Icon-e1617864937825.png\" alt class=\"img-responsive wp-image-6795\"\/><\/span><\/div><div class=\"fusion-title title fusion-title-1 fusion-sep-none fusion-title-center fusion-title-text fusion-title-size-four\"><h4 class=\"fusion-title-heading title-heading-center fusion-responsive-typography-calculated\" style=\"margin:0;--fontSize:24;line-height:1.42;\">PACKAGING PRODUCTION<\/h4><\/div><div class=\"fusion-text fusion-text-2\" style=\"--awb-content-alignment:center;\"><p>Impression et post-traitement analogiques<\/p>\n<\/div><\/div><\/div><div class=\"fusion-layout-column fusion_builder_column fusion-builder-column-2 fusion_builder_column_1_3 1_3 fusion-flex-column fusion-column-inner-bg-wrapper\" style=\"--awb-padding-top:36px;--awb-padding-right:20px;--awb-padding-bottom:16px;--awb-padding-left:20px;--awb-overflow:hidden;--awb-inner-bg-color:rgba(198,198,198,0.41);--awb-inner-bg-color-hover:rgba(198,198,198,0.41);--awb-inner-bg-size:cover;--awb-box-shadow:5px 5px 22px 0px #848484;;--awb-border-radius:8px 8px 8px 8px;--awb-inner-bg-border-radius:8px 8px 8px 8px;--awb-inner-bg-overflow:hidden;--awb-width-large:33.333333333333%;--awb-margin-top-large:20px;--awb-spacing-right-large:5.76%;--awb-margin-bottom-large:20px;--awb-spacing-left-large:5.76%;--awb-width-medium:33.333333333333%;--awb-order-medium:0;--awb-spacing-right-medium:10px;--awb-spacing-left-medium:10px;--awb-width-small:100%;--awb-order-small:0;--awb-spacing-right-small:1.92%;--awb-margin-bottom-small:10px;--awb-spacing-left-small:1.92%;\"><span class=\"fusion-column-inner-bg hover-type-none\"><a class=\"fusion-column-anchor\" href=\"https:\/\/www.colordruck.net\/fr\/entreprise\/services\/\"><span class=\"fusion-column-inner-bg-image\"><\/span><\/a><\/span><div class=\"fusion-column-wrapper fusion-column-has-shadow fusion-flex-justify-content-flex-start fusion-content-layout-column\"><div class=\"fusion-image-element \" style=\"text-align:center;--awb-caption-title-font-family:var(--h2_typography-font-family);--awb-caption-title-font-weight:var(--h2_typography-font-weight);--awb-caption-title-font-style:var(--h2_typography-font-style);--awb-caption-title-size:var(--h2_typography-font-size);--awb-caption-title-transform:var(--h2_typography-text-transform);--awb-caption-title-line-height:var(--h2_typography-line-height);--awb-caption-title-letter-spacing:var(--h2_typography-letter-spacing);\"><span class=\" fusion-imageframe imageframe-none imageframe-2 hover-type-none\"><img decoding=\"async\" width=\"48\" height=\"50\" title=\"Packaging Digital Icon\" src=\"https:\/\/www.colordruck.net\/wp-content\/uploads\/2021\/02\/Packaging-Digital-Icon-e1617865012376.png\" alt class=\"img-responsive wp-image-6792\"\/><\/span><\/div><div class=\"fusion-title title fusion-title-2 fusion-sep-none fusion-title-center fusion-title-text fusion-title-size-four\"><h4 class=\"fusion-title-heading title-heading-center fusion-responsive-typography-calculated\" style=\"margin:0;--fontSize:24;line-height:1.42;\">PACKAGING DIGITAL<\/h4><\/div><div class=\"fusion-text fusion-text-3\" style=\"--awb-content-alignment:center;\"><p>Impression num\u00e9rique et post-traitement<\/p>\n<\/div><\/div><\/div><div class=\"fusion-layout-column fusion_builder_column fusion-builder-column-3 fusion_builder_column_1_3 1_3 fusion-flex-column fusion-column-inner-bg-wrapper\" style=\"--awb-padding-top:36px;--awb-padding-right:20px;--awb-padding-bottom:16px;--awb-padding-left:20px;--awb-overflow:hidden;--awb-inner-bg-color:rgba(198,198,198,0.41);--awb-inner-bg-color-hover:rgba(198,198,198,0.41);--awb-inner-bg-size:cover;--awb-box-shadow:5px 5px 22px 0px #848484;;--awb-border-radius:8px 8px 8px 8px;--awb-inner-bg-border-radius:8px 8px 8px 8px;--awb-inner-bg-overflow:hidden;--awb-width-large:33.333333333333%;--awb-margin-top-large:20px;--awb-spacing-right-large:5.76%;--awb-margin-bottom-large:20px;--awb-spacing-left-large:5.76%;--awb-width-medium:33.333333333333%;--awb-order-medium:0;--awb-spacing-right-medium:10px;--awb-spacing-left-medium:10px;--awb-width-small:100%;--awb-order-small:0;--awb-spacing-right-small:1.92%;--awb-margin-bottom-small:10px;--awb-spacing-left-small:1.92%;\"><span class=\"fusion-column-inner-bg hover-type-none\"><a class=\"fusion-column-anchor\" href=\"https:\/\/www.colordruck.net\/fr\/entreprise\/services\/\"><span class=\"fusion-column-inner-bg-image\"><\/span><\/a><\/span><div class=\"fusion-column-wrapper fusion-column-has-shadow fusion-flex-justify-content-flex-start fusion-content-layout-column\"><div class=\"fusion-image-element \" style=\"text-align:center;--awb-caption-title-font-family:var(--h2_typography-font-family);--awb-caption-title-font-weight:var(--h2_typography-font-weight);--awb-caption-title-font-style:var(--h2_typography-font-style);--awb-caption-title-size:var(--h2_typography-font-size);--awb-caption-title-transform:var(--h2_typography-text-transform);--awb-caption-title-line-height:var(--h2_typography-line-height);--awb-caption-title-letter-spacing:var(--h2_typography-letter-spacing);\"><span class=\" fusion-imageframe imageframe-none imageframe-3 hover-type-none\"><img decoding=\"async\" width=\"63\" height=\"50\" title=\"Packaging Service Icon\" src=\"https:\/\/www.colordruck.net\/wp-content\/uploads\/2021\/04\/Packaging-Service-Icon-e1617865137449.png\" alt class=\"img-responsive wp-image-5208\"\/><\/span><\/div><div class=\"fusion-title title fusion-title-3 fusion-sep-none fusion-title-center fusion-title-text fusion-title-size-four\"><h4 class=\"fusion-title-heading title-heading-center fusion-responsive-typography-calculated\" style=\"margin:0;--fontSize:24;line-height:1.42;\">PACKAGING SERVICE<\/h4><\/div><div class=\"fusion-text fusion-text-4\" style=\"--awb-content-alignment:center;\"><p>Conditionnement et fullfillment<\/p>\n<\/div><\/div><\/div><\/div><\/div><div class=\"fusion-fullwidth fullwidth-box fusion-builder-row-2 fusion-flex-container nonhundred-percent-fullwidth non-hundred-percent-height-scrolling\" style=\"--awb-border-radius-top-left:0px;--awb-border-radius-top-right:0px;--awb-border-radius-bottom-right:0px;--awb-border-radius-bottom-left:0px;--awb-padding-top:60px;--awb-padding-bottom:60px;--awb-background-color:rgba(198,198,198,0.41);--awb-flex-wrap:wrap;\" ><div class=\"fusion-builder-row fusion-row fusion-flex-align-items-flex-start fusion-flex-content-wrap\" style=\"max-width:1248px;margin-left: calc(-4% \/ 2 );margin-right: calc(-4% \/ 2 );\"><div class=\"fusion-layout-column fusion_builder_column fusion-builder-column-4 fusion_builder_column_1_2 1_2 fusion-flex-column fusion-flex-align-self-center\" style=\"--awb-bg-size:cover;--awb-width-large:50%;--awb-margin-top-large:20px;--awb-spacing-right-large:3.84%;--awb-margin-bottom-large:20px;--awb-spacing-left-large:3.84%;--awb-width-medium:50%;--awb-order-medium:0;--awb-spacing-right-medium:3.84%;--awb-spacing-left-medium:3.84%;--awb-width-small:100%;--awb-order-small:0;--awb-spacing-right-small:1.92%;--awb-spacing-left-small:1.92%;\"><div class=\"fusion-column-wrapper fusion-column-has-shadow fusion-flex-justify-content-flex-start fusion-content-layout-column\"><div class=\"fusion-image-element \" style=\"--awb-max-width:700pxx;--awb-caption-title-font-family:var(--h2_typography-font-family);--awb-caption-title-font-weight:var(--h2_typography-font-weight);--awb-caption-title-font-style:var(--h2_typography-font-style);--awb-caption-title-size:var(--h2_typography-font-size);--awb-caption-title-transform:var(--h2_typography-text-transform);--awb-caption-title-line-height:var(--h2_typography-line-height);--awb-caption-title-letter-spacing:var(--h2_typography-letter-spacing);\"><span class=\" fusion-imageframe imageframe-none imageframe-4 hover-type-none\" style=\"border-radius:8px;\"><img decoding=\"async\" width=\"1708\" height=\"1708\" title=\"Fluss_shutterstock_170408744\" src=\"https:\/\/www.colordruck.net\/wp-content\/uploads\/2021\/02\/shutterstock_170408744-scaled-e1615559961677.jpg\" alt class=\"img-responsive wp-image-2178\" srcset=\"https:\/\/www.colordruck.net\/wp-content\/uploads\/2021\/02\/shutterstock_170408744-scaled-e1615559961677-200x200.jpg 200w, https:\/\/www.colordruck.net\/wp-content\/uploads\/2021\/02\/shutterstock_170408744-scaled-e1615559961677-400x400.jpg 400w, https:\/\/www.colordruck.net\/wp-content\/uploads\/2021\/02\/shutterstock_170408744-scaled-e1615559961677-600x600.jpg 600w, https:\/\/www.colordruck.net\/wp-content\/uploads\/2021\/02\/shutterstock_170408744-scaled-e1615559961677-800x800.jpg 800w, https:\/\/www.colordruck.net\/wp-content\/uploads\/2021\/02\/shutterstock_170408744-scaled-e1615559961677-1200x1200.jpg 1200w, https:\/\/www.colordruck.net\/wp-content\/uploads\/2021\/02\/shutterstock_170408744-scaled-e1615559961677.jpg 1708w\" sizes=\"(max-width: 770px) 100vw, 600px\" \/><\/span><\/div><\/div><\/div><div class=\"fusion-layout-column fusion_builder_column fusion-builder-column-5 fusion_builder_column_1_2 1_2 fusion-flex-column fusion-flex-align-self-center\" style=\"--awb-bg-size:cover;--awb-width-large:50%;--awb-margin-top-large:20px;--awb-spacing-right-large:3.84%;--awb-margin-bottom-large:20px;--awb-spacing-left-large:3.84%;--awb-width-medium:50%;--awb-order-medium:0;--awb-spacing-right-medium:3.84%;--awb-spacing-left-medium:3.84%;--awb-width-small:100%;--awb-order-small:0;--awb-spacing-right-small:1.92%;--awb-spacing-left-small:1.92%;\"><div class=\"fusion-column-wrapper fusion-column-has-shadow fusion-flex-justify-content-flex-start fusion-content-layout-column\"><div class=\"fusion-title title fusion-title-4 fusion-sep-none fusion-title-text fusion-title-size-two\"><h2 class=\"fusion-title-heading title-heading-left fusion-responsive-typography-calculated\" style=\"margin:0;--fontSize:40;line-height:1.2;\"><h2>Les valeurs v\u00e9cues consciemment font bouger les choses<span style=\"color: #4eaf46;\">.<\/span><\/h2><\/h2><\/div><div class=\"fusion-text fusion-text-5\"><p style=\"text-align: justify;\">Durabilit\u00e9, partenariat, flexibilit\u00e9. \u2013 Chez nous, ces valeurs ne sont pas seulement une priorit\u00e9 absolue, mais elles sont v\u00e9cues et entretenues au quotidien. Notre plus grand objectif est de prendre des mesures efficaces pour prendre en compte les aspects environnementaux, sociaux et \u00e9conomiques de la m\u00eame mani\u00e8re. Nous ne consid\u00e9rons pas notre syst\u00e8me de valeurs comme une construction rigide, mais comme une construction dynamique et \u00e9volutive qui se conditionne et se propulse mutuellement.<\/p>\n<\/div><div ><a class=\"fusion-button button-flat fusion-button-default-size button-default fusion-button-default button-1 fusion-button-default-span fusion-button-default-type\" target=\"_self\" href=\"https:\/\/www.colordruck.net\/fr\/entreprise\/valeurs-de-lentreprise\/\"><span class=\"fusion-button-text awb-button__text awb-button__text--default\">En savoir plus<\/span><\/a><\/div><\/div><\/div><\/div><\/div><div class=\"fusion-fullwidth fullwidth-box fusion-builder-row-3 fusion-flex-container nonhundred-percent-fullwidth non-hundred-percent-height-scrolling\" style=\"--awb-border-radius-top-left:0px;--awb-border-radius-top-right:0px;--awb-border-radius-bottom-right:0px;--awb-border-radius-bottom-left:0px;--awb-padding-top:60px;--awb-padding-bottom:0px;--awb-padding-top-medium:80px;--awb-padding-bottom-medium:60px;--awb-padding-top-small:32px;--awb-padding-bottom-small:32px;--awb-flex-wrap:wrap;\" ><div class=\"fusion-builder-row fusion-row fusion-flex-align-items-flex-start fusion-flex-justify-content-center fusion-flex-content-wrap\" style=\"max-width:1248px;margin-left: calc(-4% \/ 2 );margin-right: calc(-4% \/ 2 );\"><div class=\"fusion-layout-column fusion_builder_column fusion-builder-column-6 fusion_builder_column_1_1 1_1 fusion-flex-column\" style=\"--awb-bg-size:cover;--awb-width-large:100%;--awb-margin-top-large:0px;--awb-spacing-right-large:1.92%;--awb-margin-bottom-large:0px;--awb-spacing-left-large:1.92%;--awb-width-medium:83.333333333333%;--awb-order-medium:0;--awb-spacing-right-medium:2.304%;--awb-spacing-left-medium:2.304%;--awb-width-small:100%;--awb-order-small:0;--awb-spacing-right-small:1.92%;--awb-margin-bottom-small:12px;--awb-spacing-left-small:1.92%;\"><div class=\"fusion-column-wrapper fusion-column-has-shadow fusion-flex-justify-content-flex-start fusion-content-layout-column\"><div class=\"fusion-title title fusion-title-5 fusion-sep-none fusion-title-text fusion-title-size-two\"><h2 class=\"fusion-title-heading title-heading-left fusion-responsive-typography-calculated\" style=\"margin:0;--fontSize:40;line-height:1.2;\"><h2>colordruck Baiersbronn en tant qu&#8217;employeur<span style=\"color: #4eaf46;\">.<\/span><\/h2><\/h2><\/div><\/div><\/div><div class=\"fusion-layout-column fusion_builder_column fusion-builder-column-7 fusion_builder_column_1_1 1_1 fusion-flex-column\" style=\"--awb-padding-top:10px;--awb-bg-size:cover;--awb-width-large:100%;--awb-margin-top-large:0px;--awb-spacing-right-large:1.92%;--awb-margin-bottom-large:20px;--awb-spacing-left-large:1.92%;--awb-width-medium:83.333333333333%;--awb-order-medium:0;--awb-spacing-right-medium:2.304%;--awb-spacing-left-medium:2.304%;--awb-width-small:100%;--awb-order-small:0;--awb-spacing-right-small:1.92%;--awb-spacing-left-small:1.92%;\"><div class=\"fusion-column-wrapper fusion-column-has-shadow fusion-flex-justify-content-flex-start fusion-content-layout-column\"><div class=\"fusion-text fusion-text-6 awb-text-cols fusion-text-columns-2\" style=\"--awb-columns:2;--awb-column-spacing:50px;--awb-column-min-width:450px;\"><p style=\"text-align: justify;\">Nous sommes une entreprise familiale de taille moyenne et comptons parmi les leaders technologiques en Europe en tant que prestataire de services d&#8217;emballage. Nos divisions PACKAGING PRODUCTION, PACKAGING DIGITAL et PACKAGING SERVICE, associ\u00e9es \u00e0 nos technologies innovantes, au grand savoir-faire de nos collaborateurs et \u00e0 la qualit\u00e9 certifi\u00e9e, font de nous un partenaire solide pour les fabricants d&rsquo;articles de marque et les entreprises industrielles exigeants.<\/p>\n<p style=\"text-align: justify;\">Vous souhaitez \u00e9galement faire partie de notre \u00e9quipe et participer ? Alors postulez d\u00e8s maintenant!<\/p>\n<\/div><\/div><\/div><div class=\"fusion-layout-column fusion_builder_column fusion-builder-column-8 fusion_builder_column_1_3 1_3 fusion-flex-column fusion-column-inner-bg-wrapper\" style=\"--awb-padding-top:36px;--awb-padding-right:20px;--awb-padding-bottom:16px;--awb-padding-left:20px;--awb-overflow:hidden;--awb-inner-bg-color:rgba(198,198,198,0.41);--awb-inner-bg-color-hover:rgba(198,198,198,0.41);--awb-inner-bg-size:cover;--awb-box-shadow:5px 5px 22px 0px #848484;;--awb-border-radius:8px 8px 8px 8px;--awb-inner-bg-border-radius:8px 8px 8px 8px;--awb-inner-bg-overflow:hidden;--awb-width-large:33.333333333333%;--awb-margin-top-large:20px;--awb-spacing-right-large:5.76%;--awb-margin-bottom-large:20px;--awb-spacing-left-large:5.76%;--awb-width-medium:33.333333333333%;--awb-order-medium:0;--awb-spacing-right-medium:10px;--awb-spacing-left-medium:10px;--awb-width-small:100%;--awb-order-small:0;--awb-spacing-right-small:10px;--awb-margin-bottom-small:10px;--awb-spacing-left-small:10px;\"><span class=\"fusion-column-inner-bg hover-type-none\"><a class=\"fusion-column-anchor\" href=\"https:\/\/www.colordruck.net\/fr\/carriere\/professionnels-experimentes\/\"><span class=\"fusion-column-inner-bg-image\"><\/span><\/a><\/span><div class=\"fusion-column-wrapper fusion-column-has-shadow fusion-flex-justify-content-flex-start fusion-content-layout-column\"><div class=\"fusion-title title fusion-title-6 fusion-sep-none fusion-title-center fusion-title-text fusion-title-size-four\"><h4 class=\"fusion-title-heading title-heading-center fusion-responsive-typography-calculated\" style=\"margin:0;--fontSize:24;line-height:1.42;\">Professionnels exp\u00e9riment\u00e9s<\/h4><\/div><div class=\"fusion-text fusion-text-7\" style=\"--awb-content-alignment:center;\"><p>Postulez d\u00e8s maintenant \u00e0 l&rsquo;une de nos offres d&#8217;emploi attrayantes et passez \u00e0 l&rsquo;\u00e9tape suivante pour r\u00e9ussir votre carri\u00e8re.<\/p>\n<\/div><\/div><\/div><div class=\"fusion-layout-column fusion_builder_column fusion-builder-column-9 fusion_builder_column_1_3 1_3 fusion-flex-column fusion-column-inner-bg-wrapper\" style=\"--awb-padding-top:36px;--awb-padding-right:20px;--awb-padding-bottom:16px;--awb-padding-left:20px;--awb-overflow:hidden;--awb-inner-bg-color:rgba(198,198,198,0.41);--awb-inner-bg-color-hover:rgba(198,198,198,0.41);--awb-inner-bg-size:cover;--awb-box-shadow:5px 5px 22px 0px #848484;;--awb-border-radius:8px 8px 8px 8px;--awb-inner-bg-border-radius:8px 8px 8px 8px;--awb-inner-bg-overflow:hidden;--awb-width-large:33.333333333333%;--awb-margin-top-large:20px;--awb-spacing-right-large:5.76%;--awb-margin-bottom-large:20px;--awb-spacing-left-large:5.76%;--awb-width-medium:33.333333333333%;--awb-order-medium:0;--awb-spacing-right-medium:10px;--awb-spacing-left-medium:10px;--awb-width-small:100%;--awb-order-small:0;--awb-spacing-right-small:10px;--awb-margin-bottom-small:10px;--awb-spacing-left-small:10px;\"><span class=\"fusion-column-inner-bg hover-type-none\"><a class=\"fusion-column-anchor\" href=\"https:\/\/www.colordruck.net\/fr\/carriere\/formation\/\"><span class=\"fusion-column-inner-bg-image\"><\/span><\/a><\/span><div class=\"fusion-column-wrapper fusion-column-has-shadow fusion-flex-justify-content-flex-start fusion-content-layout-column\"><div class=\"fusion-title title fusion-title-7 fusion-sep-none fusion-title-center fusion-title-text fusion-title-size-four\"><h4 class=\"fusion-title-heading title-heading-center fusion-responsive-typography-calculated\" style=\"margin:0;--fontSize:24;line-height:1.42;\">Formation<\/h4><\/div><div class=\"fusion-text fusion-text-8\" style=\"--awb-content-alignment:center;\"><p>En tant qu&rsquo;entreprise de formation attrayante, nous proposons une gamme vari\u00e9e de profils professionnels int\u00e9ressants. Rejoignez-nous pour un avenir prosp\u00e8re.<\/p>\n<\/div><\/div><\/div><div class=\"fusion-layout-column fusion_builder_column fusion-builder-column-10 fusion_builder_column_1_3 1_3 fusion-flex-column fusion-column-inner-bg-wrapper\" style=\"--awb-padding-top:36px;--awb-padding-right:20px;--awb-padding-bottom:16px;--awb-padding-left:20px;--awb-overflow:hidden;--awb-inner-bg-color:rgba(198,198,198,0.41);--awb-inner-bg-color-hover:rgba(198,198,198,0.41);--awb-inner-bg-size:cover;--awb-box-shadow:5px 5px 22px 0px #848484;;--awb-border-radius:8px 8px 8px 8px;--awb-inner-bg-border-radius:8px 8px 8px 8px;--awb-inner-bg-overflow:hidden;--awb-width-large:33.333333333333%;--awb-margin-top-large:20px;--awb-spacing-right-large:5.76%;--awb-margin-bottom-large:20px;--awb-spacing-left-large:5.76%;--awb-width-medium:33.333333333333%;--awb-order-medium:0;--awb-spacing-right-medium:10px;--awb-spacing-left-medium:10px;--awb-width-small:100%;--awb-order-small:0;--awb-spacing-right-small:10px;--awb-margin-bottom-small:10px;--awb-spacing-left-small:10px;\"><span class=\"fusion-column-inner-bg hover-type-none\"><a class=\"fusion-column-anchor\" href=\"https:\/\/www.colordruck.net\/fr\/carriere\/stage\/\"><span class=\"fusion-column-inner-bg-image\"><\/span><\/a><\/span><div class=\"fusion-column-wrapper fusion-column-has-shadow fusion-flex-justify-content-flex-start fusion-content-layout-column\"><div class=\"fusion-title title fusion-title-8 fusion-sep-none fusion-title-center fusion-title-text fusion-title-size-four\"><h4 class=\"fusion-title-heading title-heading-center fusion-responsive-typography-calculated\" style=\"margin:0;--fontSize:24;line-height:1.42;\">Stage<\/h4><\/div><div class=\"fusion-text fusion-text-9\" style=\"--awb-content-alignment:center;\"><p>Vous souhaitez savoir encore plus pr\u00e9cis\u00e9ment ce qui vous attend chez nous dans le cadre de votre formation\u00a0? Alors postulez d\u00e8s maintenant pour la p\u00e9riode de votre choix.<\/p>\n<\/div><\/div><\/div><\/div><\/div><\/p>\n","protected":false},"excerpt":{"rendered":"","protected":false},"author":1,"featured_media":0,"parent":0,"menu_order":0,"comment_status":"closed","ping_status":"closed","template":"100-width.php","meta":{"footnotes":""},"class_list":["post-6786","page","type-page","status-publish","hentry"],"_links":{"self":[{"href":"https:\/\/www.colordruck.net\/fr\/wp-json\/wp\/v2\/pages\/6786","targetHints":{"allow":["GET"]}}],"collection":[{"href":"https:\/\/www.colordruck.net\/fr\/wp-json\/wp\/v2\/pages"}],"about":[{"href":"https:\/\/www.colordruck.net\/fr\/wp-json\/wp\/v2\/types\/page"}],"author":[{"embeddable":true,"href":"https:\/\/www.colordruck.net\/fr\/wp-json\/wp\/v2\/users\/1"}],"replies":[{"embeddable":true,"href":"https:\/\/www.colordruck.net\/fr\/wp-json\/wp\/v2\/comments?post=6786"}],"version-history":[{"count":51,"href":"https:\/\/www.colordruck.net\/fr\/wp-json\/wp\/v2\/pages\/6786\/revisions"}],"predecessor-version":[{"id":12483,"href":"https:\/\/www.colordruck.net\/fr\/wp-json\/wp\/v2\/pages\/6786\/revisions\/12483"}],"wp:attachment":[{"href":"https:\/\/www.colordruck.net\/fr\/wp-json\/wp\/v2\/media?parent=6786"}],"curies":[{"name":"wp","href":"https:\/\/api.w.org\/{rel}","templated":true}]}}