{"id":10822,"date":"2022-10-14T10:30:58","date_gmt":"2022-10-14T08:30:58","guid":{"rendered":"http:\/\/wp.colordruck.net\/faqs\/"},"modified":"2022-10-21T09:21:59","modified_gmt":"2022-10-21T07:21:59","slug":"faqs","status":"publish","type":"page","link":"https:\/\/www.colordruck.net\/fr\/faqs\/","title":{"rendered":"FAQs"},"content":{"rendered":"<p><div class=\"fusion-fullwidth fullwidth-box fusion-builder-row-1 fusion-flex-container nonhundred-percent-fullwidth non-hundred-percent-height-scrolling\" style=\"--awb-border-radius-top-left:0px;--awb-border-radius-top-right:0px;--awb-border-radius-bottom-right:0px;--awb-border-radius-bottom-left:0px;--awb-padding-top:80px;--awb-padding-bottom:80px;--awb-padding-top-medium:60px;--awb-padding-bottom-medium:60px;--awb-padding-top-small:20px;--awb-padding-bottom-small:60px;--awb-background-color:#f9fafb;--awb-flex-wrap:wrap;\" ><div class=\"fusion-builder-row fusion-row fusion-flex-align-items-flex-start fusion-flex-justify-content-center fusion-flex-content-wrap\" style=\"max-width:1248px;margin-left: calc(-4% \/ 2 );margin-right: calc(-4% \/ 2 );\"><div class=\"fusion-layout-column fusion_builder_column fusion-builder-column-0 fusion_builder_column_2_5 2_5 fusion-flex-column\" style=\"--awb-bg-size:cover;--awb-width-large:40%;--awb-margin-top-large:20px;--awb-spacing-right-large:9.6%;--awb-margin-bottom-large:20px;--awb-spacing-left-large:4.8%;--awb-width-medium:50%;--awb-order-medium:0;--awb-spacing-right-medium:7.68%;--awb-spacing-left-medium:7.68%;--awb-width-small:100%;--awb-order-small:0;--awb-spacing-right-small:1.92%;--awb-margin-bottom-small:0px;--awb-spacing-left-small:1.92%;\"><div class=\"fusion-column-wrapper fusion-column-has-shadow fusion-flex-justify-content-flex-start fusion-content-layout-column\"><div class=\"fusion-title title fusion-title-1 fusion-sep-none fusion-title-text fusion-title-size-four\" style=\"--awb-margin-bottom:16px;\"><h4 class=\"fusion-title-heading title-heading-left fusion-responsive-typography-calculated\" style=\"margin:0;--fontSize:24;line-height:1.42;\"><h4 style=\"background: #F9FAFB;\">Peut-on faire d\u00e9velopper des emballages chez colordruck Baiersbronn\u00a0?<\/h4><\/h4><\/div><div class=\"fusion-text fusion-text-1\"><p>Qu&rsquo;il s&rsquo;agisse d&#8217;emballages standard ou de solutions sp\u00e9ciales \u2013 chez nous, vous b\u00e9n\u00e9ficiez de tout le service, de votre id\u00e9e \u00e0 une solution compl\u00e8te. \u00c0 l&rsquo;aide d&rsquo;un \u00e9chantillon de produit et de vos souhaits, nous r\u00e9aliserons avec plaisir un emballage personnalis\u00e9 pour votre produit.<\/p>\n<\/div><div class=\"fusion-title title fusion-title-2 fusion-sep-none fusion-title-text fusion-title-size-four\" style=\"--awb-margin-top:24px;\"><h4 class=\"fusion-title-heading title-heading-left fusion-responsive-typography-calculated\" style=\"margin:0;--fontSize:24;line-height:1.42;\"><h4 style=\"background: #F9FAFB;\">Quel carton est utilis\u00e9 par colordruck Baiersbronn\u00a0?<\/h4><\/h4><\/div><div class=\"fusion-text fusion-text-2\"><p>Nous traitons aussi bien des cartons en fibres fra\u00eeches que des cartons recycl\u00e9s de 240\u00a0g \u00e0 550\u00a0g.<\/p>\n<\/div><div class=\"fusion-title title fusion-title-3 fusion-sep-none fusion-title-text fusion-title-size-four\" style=\"--awb-margin-top:24px;\"><h4 class=\"fusion-title-heading title-heading-left fusion-responsive-typography-calculated\" style=\"margin:0;--fontSize:24;line-height:1.42;\"><h4 style=\"background: #F9FAFB;\">Existe-t-il une quantit\u00e9 minimale d&rsquo;achat\u00a0?<\/h4><\/h4><\/div><div class=\"fusion-text fusion-text-3\"><p>Nous produisons \u00e0 partir d&rsquo;une seule pi\u00e8ce et jusqu&rsquo;\u00e0 des millions de pi\u00e8ces. Nous calculons si vous devez faire produire votre emballage en num\u00e9rique ou en offset et nous vous donnons la recommandation la plus efficace pour vous.<\/p>\n<\/div><\/div><\/div><div class=\"fusion-layout-column fusion_builder_column fusion-builder-column-1 fusion_builder_column_2_5 2_5 fusion-flex-column\" style=\"--awb-bg-size:cover;--awb-width-large:40%;--awb-margin-top-large:20px;--awb-spacing-right-large:4.8%;--awb-margin-bottom-large:20px;--awb-spacing-left-large:9.6%;--awb-width-medium:50%;--awb-order-medium:0;--awb-spacing-right-medium:7.68%;--awb-spacing-left-medium:7.68%;--awb-width-small:100%;--awb-order-small:0;--awb-margin-top-small:0px;--awb-spacing-right-small:1.92%;--awb-margin-bottom-small:0px;--awb-spacing-left-small:1.92%;\"><div class=\"fusion-column-wrapper fusion-column-has-shadow fusion-flex-justify-content-flex-start fusion-content-layout-column\"><div class=\"fusion-title title fusion-title-4 fusion-sep-none fusion-title-text fusion-title-size-four\"><h4 class=\"fusion-title-heading title-heading-left fusion-responsive-typography-calculated\" style=\"margin:0;--fontSize:24;line-height:1.42;\"><h4 style=\"background: #F9FAFB;\">Est-ce que colordruck Baiersbronn propose \u00e9galement la confection\u00a0?<\/h4><\/h4><\/div><div class=\"fusion-text fusion-text-4\"><p>Packaging Service, l&rsquo;une de nos trois divisions, se charge de l&rsquo;ex\u00e9cution compl\u00e8te pour vous et vous accompagne tout au long du processus d&#8217;emballage, de la planification \u00e0 la logistique en passant par la production. Nous offrons un maximum de flexibilit\u00e9.<\/p>\n<\/div><div class=\"fusion-title title fusion-title-5 fusion-sep-none fusion-title-text fusion-title-size-four\" style=\"--awb-margin-top:24px;\"><h4 class=\"fusion-title-heading title-heading-left fusion-responsive-typography-calculated\" style=\"margin:0;--fontSize:24;line-height:1.42;\"><h4 style=\"background: #F9FAFB;\">Quelle est la priorit\u00e9 du secteur\u00a0?<\/h4><\/h4><\/div><div class=\"fusion-text fusion-text-5\"><p>colordruck Baiersbronn est un prestataire de services d&#8217;emballage pour les secteurs de l&rsquo;alimentation, de la confiserie, du pharmaceutique et des produits non alimentaires et est donc \u00e9galement sp\u00e9cialis\u00e9 dans tous les secteurs.<\/p>\n<\/div><div class=\"fusion-title title fusion-title-6 fusion-sep-none fusion-title-text fusion-title-size-four\" style=\"--awb-margin-top:24px;\"><h4 class=\"fusion-title-heading title-heading-left fusion-responsive-typography-calculated\" style=\"margin:0;--fontSize:24;line-height:1.42;\"><h4 style=\"background: #F9FAFB;\">Quelles sont les finitions et les particularit\u00e9s de colordruck Baiersbronn\u00a0?<\/h4><\/h4><\/div><div class=\"fusion-text fusion-text-6\"><p>Pour rendre votre produit visible de l&rsquo;ext\u00e9rieur, nous vous offrons la possibilit\u00e9 d&rsquo;utiliser des films pour fen\u00eatres que nous collons en interne. Nous couvrons un large \u00e9ventail de possibilit\u00e9s de finition et de particularit\u00e9s, de l&rsquo;application de la finition d&rsquo;impression \u00e0 film chaud aux divers types de vernis tels que les combinaisons de vernis UV, les vernis pour blisters et bien d&rsquo;autres encore.<\/p>\n<\/div><\/div><\/div><\/div><\/div><div class=\"fusion-fullwidth fullwidth-box fusion-builder-row-2 fusion-flex-container nonhundred-percent-fullwidth non-hundred-percent-height-scrolling\" style=\"--awb-border-radius-top-left:0px;--awb-border-radius-top-right:0px;--awb-border-radius-bottom-right:0px;--awb-border-radius-bottom-left:0px;--awb-padding-top:102px;--awb-padding-bottom:60px;--awb-padding-bottom-medium:32px;--awb-padding-top-small:40px;--awb-padding-bottom-small:40px;--awb-flex-wrap:wrap;\" ><div class=\"fusion-builder-row fusion-row fusion-flex-align-items-flex-start fusion-flex-justify-content-center fusion-flex-content-wrap\" style=\"max-width:1248px;margin-left: calc(-4% \/ 2 );margin-right: calc(-4% \/ 2 );\"><div class=\"fusion-layout-column fusion_builder_column fusion-builder-column-2 fusion_builder_column_3_4 3_4 fusion-flex-column\" style=\"--awb-bg-size:cover;--awb-width-large:75%;--awb-margin-top-large:20px;--awb-spacing-right-large:2.56%;--awb-margin-bottom-large:20px;--awb-spacing-left-large:2.56%;--awb-width-medium:75%;--awb-spacing-right-medium:2.56%;--awb-margin-bottom-medium:30px;--awb-spacing-left-medium:2.56%;--awb-width-small:100%;--awb-spacing-right-small:1.92%;--awb-spacing-left-small:1.92%;\"><div class=\"fusion-column-wrapper fusion-column-has-shadow fusion-flex-justify-content-flex-start fusion-content-layout-column\"><div class=\"fusion-title title fusion-title-7 fusion-sep-none fusion-title-center fusion-title-text fusion-title-size-two\"><h2 class=\"fusion-title-heading title-heading-center fusion-responsive-typography-calculated\" style=\"margin:0;--fontSize:40;line-height:1.2;\">Laissez-nous vous conseiller<span style=\"color: #2cbc63;\">.<\/span><\/h2><\/div><div class=\"fusion-text fusion-text-7\" style=\"--awb-content-alignment:center;--awb-font-size:26px;--awb-line-height:36px;\"><p>Appelez-nous au <span style=\"color: #2cbc63;\">+49 (0)7442 \/ 830 \u2013 0<\/span><\/p>\n<\/div><div style=\"text-align:center;\"><a class=\"fusion-button button-flat fusion-button-default-size button-default fusion-button-default button-1 fusion-button-default-span fusion-button-default-type\" style=\"--button_margin-top:32px;--button_margin-bottom:12px;\" target=\"_self\" href=\"http:\/\/wp.colordruck.net\/fr\/contact\/\"><span class=\"fusion-button-text awb-button__text awb-button__text--default\">Demander un devis<\/span><\/a><\/div><\/div><\/div><\/div><\/div><\/p>\n","protected":false},"excerpt":{"rendered":"","protected":false},"author":1,"featured_media":0,"parent":0,"menu_order":0,"comment_status":"closed","ping_status":"closed","template":"100-width.php","meta":{"footnotes":""},"class_list":["post-10822","page","type-page","status-publish","hentry"],"_links":{"self":[{"href":"https:\/\/www.colordruck.net\/fr\/wp-json\/wp\/v2\/pages\/10822","targetHints":{"allow":["GET"]}}],"collection":[{"href":"https:\/\/www.colordruck.net\/fr\/wp-json\/wp\/v2\/pages"}],"about":[{"href":"https:\/\/www.colordruck.net\/fr\/wp-json\/wp\/v2\/types\/page"}],"author":[{"embeddable":true,"href":"https:\/\/www.colordruck.net\/fr\/wp-json\/wp\/v2\/users\/1"}],"replies":[{"embeddable":true,"href":"https:\/\/www.colordruck.net\/fr\/wp-json\/wp\/v2\/comments?post=10822"}],"version-history":[{"count":10,"href":"https:\/\/www.colordruck.net\/fr\/wp-json\/wp\/v2\/pages\/10822\/revisions"}],"predecessor-version":[{"id":11244,"href":"https:\/\/www.colordruck.net\/fr\/wp-json\/wp\/v2\/pages\/10822\/revisions\/11244"}],"wp:attachment":[{"href":"https:\/\/www.colordruck.net\/fr\/wp-json\/wp\/v2\/media?parent=10822"}],"curies":[{"name":"wp","href":"https:\/\/api.w.org\/{rel}","templated":true}]}}