{"id":10790,"date":"2022-10-12T14:54:45","date_gmt":"2022-10-12T12:54:45","guid":{"rendered":"http:\/\/wp.colordruck.net\/durabilite\/force-dinnovation\/"},"modified":"2024-12-05T15:33:21","modified_gmt":"2024-12-05T14:33:21","slug":"force-dinnovation","status":"publish","type":"page","link":"https:\/\/www.colordruck.net\/fr\/durabilite\/force-dinnovation\/","title":{"rendered":"Force d&rsquo;innovation"},"content":{"rendered":"<p><div class=\"fusion-fullwidth fullwidth-box fusion-builder-row-1 fusion-flex-container nonhundred-percent-fullwidth non-hundred-percent-height-scrolling\" style=\"--awb-border-radius-top-left:0px;--awb-border-radius-top-right:0px;--awb-border-radius-bottom-right:0px;--awb-border-radius-bottom-left:0px;--awb-padding-top:60px;--awb-padding-bottom:0px;--awb-flex-wrap:wrap;\" ><div class=\"fusion-builder-row fusion-row fusion-flex-align-items-flex-start fusion-flex-content-wrap\" style=\"max-width:1248px;margin-left: calc(-4% \/ 2 );margin-right: calc(-4% \/ 2 );\"><div class=\"fusion-layout-column fusion_builder_column fusion-builder-column-0 fusion_builder_column_1_1 1_1 fusion-flex-column\" style=\"--awb-bg-size:cover;--awb-width-large:100%;--awb-margin-top-large:20px;--awb-spacing-right-large:1.92%;--awb-margin-bottom-large:20px;--awb-spacing-left-large:1.92%;--awb-width-medium:100%;--awb-order-medium:0;--awb-spacing-right-medium:1.92%;--awb-spacing-left-medium:1.92%;--awb-width-small:100%;--awb-order-small:0;--awb-spacing-right-small:1.92%;--awb-spacing-left-small:1.92%;\"><div class=\"fusion-column-wrapper fusion-column-has-shadow fusion-flex-justify-content-flex-start fusion-content-layout-column\"><div class=\"fusion-text fusion-text-1 awb-text-cols fusion-text-columns-2\" style=\"--awb-columns:2;--awb-column-spacing:50px;--awb-column-min-width:450px;\"><p>Nous nous effor\u00e7ons d&rsquo;avoir un impact positif sur l&rsquo;environnement et la soci\u00e9t\u00e9 gr\u00e2ce \u00e0 une innovation continue, tout en \u00e9tablissant les normes de qualit\u00e9 les plus \u00e9lev\u00e9es dans notre secteur. Les r\u00e9compenses re\u00e7ues soulignent notre engagement en faveur du d\u00e9veloppement durable et des changements novateurs dans l&rsquo;industrie de l&#8217;emballage.<\/p>\n<\/div><\/div><\/div><\/div><\/div><div class=\"fusion-fullwidth fullwidth-box fusion-builder-row-2 fusion-flex-container has-pattern-background has-mask-background nonhundred-percent-fullwidth non-hundred-percent-height-scrolling\" style=\"--awb-border-radius-top-left:0px;--awb-border-radius-top-right:0px;--awb-border-radius-bottom-right:0px;--awb-border-radius-bottom-left:0px;--awb-flex-wrap:wrap;\" ><div class=\"fusion-builder-row fusion-row fusion-flex-align-items-flex-start fusion-flex-content-wrap\" style=\"max-width:1248px;margin-left: calc(-4% \/ 2 );margin-right: calc(-4% \/ 2 );\"><div class=\"fusion-layout-column fusion_builder_column fusion-builder-column-1 fusion_builder_column_1_1 1_1 fusion-flex-column\" style=\"--awb-bg-size:cover;--awb-width-large:100%;--awb-margin-top-large:20px;--awb-spacing-right-large:1.92%;--awb-margin-bottom-large:20px;--awb-spacing-left-large:1.92%;--awb-width-medium:100%;--awb-order-medium:0;--awb-spacing-right-medium:1.92%;--awb-spacing-left-medium:1.92%;--awb-width-small:100%;--awb-order-small:0;--awb-spacing-right-small:1.92%;--awb-spacing-left-small:1.92%;\"><div class=\"fusion-column-wrapper fusion-column-has-shadow fusion-flex-justify-content-flex-start fusion-content-layout-column\"><div class=\"fusion-builder-row fusion-builder-row-inner fusion-row fusion-flex-align-items-flex-start fusion-flex-content-wrap\" style=\"width:104% !important;max-width:104% !important;margin-left: calc(-4% \/ 2 );margin-right: calc(-4% \/ 2 );\"><div class=\"fusion-layout-column fusion_builder_column_inner fusion-builder-nested-column-0 fusion_builder_column_inner_1_2 1_2 fusion-flex-column\" style=\"--awb-padding-top:16px;--awb-padding-right:20px;--awb-padding-bottom:78px;--awb-padding-left:20px;--awb-overflow:hidden;--awb-bg-color:rgba(198,198,198,0.41);--awb-bg-color-hover:rgba(198,198,198,0.41);--awb-bg-size:cover;--awb-box-shadow:5px 5px 22px 0px #848484;;--awb-border-radius:8px 8px 8px 8px;--awb-width-large:50%;--awb-margin-top-large:20px;--awb-spacing-right-large:3.84%;--awb-margin-bottom-large:0px;--awb-spacing-left-large:3.84%;--awb-width-medium:50%;--awb-order-medium:0;--awb-spacing-right-medium:3.84%;--awb-spacing-left-medium:3.84%;--awb-width-small:100%;--awb-order-small:0;--awb-spacing-right-small:1.92%;--awb-spacing-left-small:1.92%;\"><div class=\"fusion-column-wrapper fusion-column-has-shadow fusion-flex-justify-content-flex-start fusion-content-layout-column\"><div class=\"fusion-title title fusion-title-1 fusion-sep-none fusion-title-text fusion-title-size-four\" style=\"--awb-text-color:#4eaf46;\"><h4 class=\"fusion-title-heading title-heading-left fusion-responsive-typography-calculated\" style=\"margin:0;--fontSize:24;line-height:1.42;\">Technologie de production<\/h4><\/div><ul style=\"--awb-iconcolor:#4eaf46;--awb-line-height:30.6px;--awb-icon-width:30.6px;--awb-icon-height:30.6px;--awb-icon-margin:12.6px;--awb-content-margin:43.2px;\" class=\"fusion-checklist fusion-checklist-1 fusion-checklist-default type-icons\"><li class=\"fusion-li-item\" style=\"\"><span class=\"icon-wrapper circle-no\"><i class=\"fusion-li-icon fa-check-circle fas\" aria-hidden=\"true\"><\/i><\/span><div class=\"fusion-li-item-content\">\n<p>99 % des transports de mat\u00e9riaux sont automatis\u00e9s. Utilisation de : convoyeurs verticaux, chariots \u00e0 d\u00e9placement transversal, v\u00e9hicules de transport sans conducteur et robots de transport de palettes..<\/p>\n<\/div><\/li><li class=\"fusion-li-item\" style=\"\"><span class=\"icon-wrapper circle-no\"><i class=\"fusion-li-icon fa-check-circle fas\" aria-hidden=\"true\"><\/i><\/span><div class=\"fusion-li-item-content\">\n<p>Plateforme e-commerce sur laquelle le client peut mesurer les emballages au millim\u00e8tre pr\u00e8s, les concevoir lui-m\u00eame et d\u00e9clencher le processus de commande de mani\u00e8re autonome. Le flux de travail (traitement des donn\u00e9es, division des feuilles, d\u00e9bordements, g\u00e9n\u00e9ration de donn\u00e9es de production, exportation de donn\u00e9es vers les machines) est enti\u00e8rement num\u00e9rique.<\/p>\n<\/div><\/li><\/ul><\/div><\/div><div class=\"fusion-layout-column fusion_builder_column_inner fusion-builder-nested-column-1 fusion_builder_column_inner_1_2 1_2 fusion-flex-column\" style=\"--awb-padding-top:16px;--awb-padding-right:20px;--awb-padding-bottom:45px;--awb-padding-left:20px;--awb-overflow:hidden;--awb-bg-color:rgba(198,198,198,0.41);--awb-bg-color-hover:rgba(198,198,198,0.41);--awb-bg-size:cover;--awb-box-shadow:5px 5px 22px 0px #848484;;--awb-border-radius:8px 8px 8px 8px;--awb-width-large:50%;--awb-margin-top-large:20px;--awb-spacing-right-large:3.84%;--awb-margin-bottom-large:10px;--awb-spacing-left-large:3.84%;--awb-width-medium:50%;--awb-order-medium:0;--awb-spacing-right-medium:3.84%;--awb-spacing-left-medium:3.84%;--awb-width-small:100%;--awb-order-small:0;--awb-spacing-right-small:1.92%;--awb-spacing-left-small:1.92%;\"><div class=\"fusion-column-wrapper fusion-column-has-shadow fusion-flex-justify-content-flex-start fusion-content-layout-column\"><div class=\"fusion-title title fusion-title-2 fusion-sep-none fusion-title-text fusion-title-size-four\" style=\"--awb-text-color:#4eaf46;\"><h4 class=\"fusion-title-heading title-heading-left fusion-responsive-typography-calculated\" style=\"margin:0;--fontSize:24;line-height:1.42;\">Recherche<\/h4><\/div><ul style=\"--awb-iconcolor:#4eaf46;--awb-line-height:30.6px;--awb-icon-width:30.6px;--awb-icon-height:30.6px;--awb-icon-margin:12.6px;--awb-content-margin:43.2px;\" class=\"fusion-checklist fusion-checklist-2 fusion-checklist-default type-icons\"><li class=\"fusion-li-item\" style=\"\"><span class=\"icon-wrapper circle-no\"><i class=\"fusion-li-icon fa-check-circle fas\" aria-hidden=\"true\"><\/i><\/span><div class=\"fusion-li-item-content\">\n<p>Dans notre qu\u00eate d&rsquo;alternatives plus \u00e9cologiques aux mat\u00e9riaux d&#8217;emballage traditionnels, nous avons test\u00e9 la plante silphe comme source d&rsquo;\u00e9nergie potentielle et donc comme alternative durable au carton. Les longues fibres de la plante peuvent ainsi \u00eatre extraites et utilis\u00e9es comme alternative de fibres fra\u00eeches dans la fabrication de produits en papier. Cette plante attire de plus en plus l&rsquo;attention de l&rsquo;agriculture et du secteur environnemental en raison de ses avantages. Les r\u00e9sultats de nos tests ont \u00e9t\u00e9 tr\u00e8s prometteurs, c&rsquo;est pourquoi l&rsquo;id\u00e9e d&rsquo;acqu\u00e9rir cette alternative est toujours d&rsquo;actualit\u00e9.<\/p>\n<\/div><\/li><\/ul><\/div><\/div><\/div><\/div><\/div><\/div><\/div><div class=\"fusion-fullwidth fullwidth-box fusion-builder-row-3 fusion-flex-container has-pattern-background has-mask-background nonhundred-percent-fullwidth non-hundred-percent-height-scrolling\" style=\"--awb-border-radius-top-left:0px;--awb-border-radius-top-right:0px;--awb-border-radius-bottom-right:0px;--awb-border-radius-bottom-left:0px;--awb-flex-wrap:wrap;\" ><div class=\"fusion-builder-row fusion-row fusion-flex-align-items-flex-start fusion-flex-content-wrap\" style=\"max-width:1248px;margin-left: calc(-4% \/ 2 );margin-right: calc(-4% \/ 2 );\"><div class=\"fusion-layout-column fusion_builder_column fusion-builder-column-2 fusion_builder_column_1_1 1_1 fusion-flex-column\" style=\"--awb-bg-size:cover;--awb-width-large:100%;--awb-margin-top-large:20px;--awb-spacing-right-large:1.92%;--awb-margin-bottom-large:20px;--awb-spacing-left-large:1.92%;--awb-width-medium:100%;--awb-order-medium:0;--awb-spacing-right-medium:1.92%;--awb-spacing-left-medium:1.92%;--awb-width-small:100%;--awb-order-small:0;--awb-spacing-right-small:1.92%;--awb-spacing-left-small:1.92%;\"><div class=\"fusion-column-wrapper fusion-column-has-shadow fusion-flex-justify-content-flex-start fusion-content-layout-column\"><div class=\"fusion-builder-row fusion-builder-row-inner fusion-row fusion-flex-align-items-flex-start fusion-flex-content-wrap\" style=\"width:104% !important;max-width:104% !important;margin-left: calc(-4% \/ 2 );margin-right: calc(-4% \/ 2 );\"><div class=\"fusion-layout-column fusion_builder_column_inner fusion-builder-nested-column-2 fusion_builder_column_inner_1_2 1_2 fusion-flex-column\" style=\"--awb-overflow:hidden;--awb-bg-size:cover;--awb-border-radius:8px 8px 8px 8px;--awb-width-large:50%;--awb-margin-top-large:20px;--awb-spacing-right-large:3.84%;--awb-margin-bottom-large:20px;--awb-spacing-left-large:3.84%;--awb-width-medium:50%;--awb-order-medium:0;--awb-spacing-right-medium:3.84%;--awb-spacing-left-medium:3.84%;--awb-width-small:100%;--awb-order-small:0;--awb-spacing-right-small:1.92%;--awb-spacing-left-small:1.92%;\" data-scroll-devices=\"small-visibility,medium-visibility,large-visibility\"><div class=\"fusion-column-wrapper fusion-column-has-shadow fusion-flex-justify-content-flex-start fusion-content-layout-column\"><div class=\"fusion-slider-sc\"><div class=\"fusion-flexslider-loading flexslider flexslider-hover-type-none\" data-slideshow_autoplay=\"1\" data-slideshow_smooth_height=\"0\" data-slideshow_speed=\"7000\" style=\"max-width:100%;height:100%;\"><ul class=\"slides\"><li class=\"image\"><span class=\"fusion-image-hover-element hover-type-none\"><img decoding=\"async\" src=\"https:\/\/www.colordruck.net\/wp-content\/uploads\/2024\/10\/241023_Top-company-kununu-2025.jpg\" alt=\"Top company 2025 kununu\" width=\"2040\" height=\"1470\" class=\"wp-image-18452\" srcset=\"https:\/\/www.colordruck.net\/wp-content\/uploads\/2024\/10\/241023_Top-company-kununu-2025-200x144.jpg 200w, https:\/\/www.colordruck.net\/wp-content\/uploads\/2024\/10\/241023_Top-company-kununu-2025-400x288.jpg 400w, https:\/\/www.colordruck.net\/wp-content\/uploads\/2024\/10\/241023_Top-company-kununu-2025-600x432.jpg 600w, https:\/\/www.colordruck.net\/wp-content\/uploads\/2024\/10\/241023_Top-company-kununu-2025-800x576.jpg 800w, https:\/\/www.colordruck.net\/wp-content\/uploads\/2024\/10\/241023_Top-company-kununu-2025-1200x865.jpg 1200w, https:\/\/www.colordruck.net\/wp-content\/uploads\/2024\/10\/241023_Top-company-kununu-2025.jpg 2040w\" sizes=\"(max-width: 770px) 100vw, 600px\" \/><\/span><\/li><li class=\"image\"><span class=\"fusion-image-hover-element hover-type-none\"><img decoding=\"async\" src=\"https:\/\/www.colordruck.net\/wp-content\/uploads\/2024\/12\/241205_Umweltpreis-BaWue-1.jpg\" width=\"2040\" height=\"1470\" class=\"wp-image-18632\" srcset=\"https:\/\/www.colordruck.net\/wp-content\/uploads\/2024\/12\/241205_Umweltpreis-BaWue-1-200x144.jpg 200w, https:\/\/www.colordruck.net\/wp-content\/uploads\/2024\/12\/241205_Umweltpreis-BaWue-1-400x288.jpg 400w, https:\/\/www.colordruck.net\/wp-content\/uploads\/2024\/12\/241205_Umweltpreis-BaWue-1-600x432.jpg 600w, https:\/\/www.colordruck.net\/wp-content\/uploads\/2024\/12\/241205_Umweltpreis-BaWue-1-800x576.jpg 800w, https:\/\/www.colordruck.net\/wp-content\/uploads\/2024\/12\/241205_Umweltpreis-BaWue-1-1200x865.jpg 1200w, https:\/\/www.colordruck.net\/wp-content\/uploads\/2024\/12\/241205_Umweltpreis-BaWue-1.jpg 2040w\" sizes=\"(max-width: 770px) 100vw, 600px\" \/><\/span><\/li><li class=\"image\"><span class=\"fusion-image-hover-element hover-type-none\"><img decoding=\"async\" src=\"https:\/\/www.colordruck.net\/wp-content\/uploads\/2024\/10\/241001_Preisverleihung-deutscher-Verpackungspreis.jpg\" width=\"2040\" height=\"1470\" class=\"wp-image-18176\" srcset=\"https:\/\/www.colordruck.net\/wp-content\/uploads\/2024\/10\/241001_Preisverleihung-deutscher-Verpackungspreis-200x144.jpg 200w, https:\/\/www.colordruck.net\/wp-content\/uploads\/2024\/10\/241001_Preisverleihung-deutscher-Verpackungspreis-400x288.jpg 400w, https:\/\/www.colordruck.net\/wp-content\/uploads\/2024\/10\/241001_Preisverleihung-deutscher-Verpackungspreis-600x432.jpg 600w, https:\/\/www.colordruck.net\/wp-content\/uploads\/2024\/10\/241001_Preisverleihung-deutscher-Verpackungspreis-800x576.jpg 800w, https:\/\/www.colordruck.net\/wp-content\/uploads\/2024\/10\/241001_Preisverleihung-deutscher-Verpackungspreis-1200x865.jpg 1200w, https:\/\/www.colordruck.net\/wp-content\/uploads\/2024\/10\/241001_Preisverleihung-deutscher-Verpackungspreis.jpg 2040w\" sizes=\"(max-width: 770px) 100vw, 600px\" \/><\/span><\/li><li class=\"image\"><span class=\"fusion-image-hover-element hover-type-none\"><img decoding=\"async\" src=\"https:\/\/www.colordruck.net\/wp-content\/uploads\/2024\/01\/240201_TOP100.jpg\" width=\"2040\" height=\"1470\" class=\"wp-image-16198\" srcset=\"https:\/\/www.colordruck.net\/wp-content\/uploads\/2024\/01\/240201_TOP100-200x144.jpg 200w, https:\/\/www.colordruck.net\/wp-content\/uploads\/2024\/01\/240201_TOP100-400x288.jpg 400w, https:\/\/www.colordruck.net\/wp-content\/uploads\/2024\/01\/240201_TOP100-600x432.jpg 600w, https:\/\/www.colordruck.net\/wp-content\/uploads\/2024\/01\/240201_TOP100-800x576.jpg 800w, https:\/\/www.colordruck.net\/wp-content\/uploads\/2024\/01\/240201_TOP100-1200x865.jpg 1200w, https:\/\/www.colordruck.net\/wp-content\/uploads\/2024\/01\/240201_TOP100.jpg 2040w\" sizes=\"(max-width: 770px) 100vw, 600px\" \/><\/span><\/li><li class=\"image\"><span class=\"fusion-image-hover-element hover-type-none\"><img decoding=\"async\" src=\"https:\/\/www.colordruck.net\/wp-content\/uploads\/2024\/03\/1A-Ausbildungsbetrieb_News_2040x1470.jpg\" width=\"2040\" height=\"1470\" class=\"wp-image-16445\" srcset=\"https:\/\/www.colordruck.net\/wp-content\/uploads\/2024\/03\/1A-Ausbildungsbetrieb_News_2040x1470-200x144.jpg 200w, https:\/\/www.colordruck.net\/wp-content\/uploads\/2024\/03\/1A-Ausbildungsbetrieb_News_2040x1470-400x288.jpg 400w, https:\/\/www.colordruck.net\/wp-content\/uploads\/2024\/03\/1A-Ausbildungsbetrieb_News_2040x1470-600x432.jpg 600w, https:\/\/www.colordruck.net\/wp-content\/uploads\/2024\/03\/1A-Ausbildungsbetrieb_News_2040x1470-800x576.jpg 800w, https:\/\/www.colordruck.net\/wp-content\/uploads\/2024\/03\/1A-Ausbildungsbetrieb_News_2040x1470-1200x865.jpg 1200w, https:\/\/www.colordruck.net\/wp-content\/uploads\/2024\/03\/1A-Ausbildungsbetrieb_News_2040x1470.jpg 2040w\" sizes=\"(max-width: 770px) 100vw, 600px\" \/><\/span><\/li><li class=\"image\"><span class=\"fusion-image-hover-element hover-type-none\"><img decoding=\"async\" src=\"https:\/\/www.colordruck.net\/wp-content\/uploads\/2024\/01\/240119_kununu_topcompany.png\" width=\"2040\" height=\"1470\" class=\"wp-image-16159\" srcset=\"https:\/\/www.colordruck.net\/wp-content\/uploads\/2024\/01\/240119_kununu_topcompany-200x144.png 200w, https:\/\/www.colordruck.net\/wp-content\/uploads\/2024\/01\/240119_kununu_topcompany-400x288.png 400w, https:\/\/www.colordruck.net\/wp-content\/uploads\/2024\/01\/240119_kununu_topcompany-600x432.png 600w, https:\/\/www.colordruck.net\/wp-content\/uploads\/2024\/01\/240119_kununu_topcompany-800x576.png 800w, https:\/\/www.colordruck.net\/wp-content\/uploads\/2024\/01\/240119_kununu_topcompany-1200x865.png 1200w, https:\/\/www.colordruck.net\/wp-content\/uploads\/2024\/01\/240119_kununu_topcompany.png 2040w\" sizes=\"(max-width: 770px) 100vw, 600px\" \/><\/span><\/li><\/ul><\/div><\/div><\/div><\/div><div class=\"fusion-layout-column fusion_builder_column_inner fusion-builder-nested-column-3 fusion_builder_column_inner_1_2 1_2 fusion-flex-column\" style=\"--awb-bg-size:cover;--awb-width-large:50%;--awb-margin-top-large:20px;--awb-spacing-right-large:3.84%;--awb-margin-bottom-large:20px;--awb-spacing-left-large:3.84%;--awb-width-medium:50%;--awb-order-medium:0;--awb-spacing-right-medium:3.84%;--awb-spacing-left-medium:3.84%;--awb-width-small:100%;--awb-order-small:0;--awb-spacing-right-small:1.92%;--awb-spacing-left-small:1.92%;\"><div class=\"fusion-column-wrapper fusion-column-has-shadow fusion-flex-justify-content-flex-start fusion-content-layout-column\"><div class=\"fusion-title title fusion-title-3 fusion-sep-none fusion-title-text fusion-title-size-two\"><h2 class=\"fusion-title-heading title-heading-left fusion-responsive-typography-calculated\" style=\"margin:0;--fontSize:40;line-height:1.2;\"><h2>Nous sommes excellents<span style=\"color: #4eaf46;\">.<\/span><\/h2><\/h2><\/div><div class=\"fusion-text fusion-text-2\"><ul>\n<li>Top Company kununu, 2025<\/li>\n<li>Prix de l&rsquo;environnement Bade-Wurtemberg, 2024<\/li>\n<li>Prix allemand de l&#8217;emballage, 2024<\/li>\n<li>TOP 100 Innovateur, 2024<\/li>\n<li>Top Company kununu, 2024<\/li>\n<li>Entreprise de formation 1A IHK, 2024<\/li>\n<li>Druck&amp;Medien Awards dans la cat\u00e9gorie Imprimeur d&#8217;emballages de l&rsquo;ann\u00e9e, 2023<\/li>\n<li>Innovateur TOP 100, 2021<\/li>\n<li>Druck&amp;Medien Awards dans la cat\u00e9gorie Entreprise la plus innovante de l&rsquo;ann\u00e9e, 2021<\/li>\n<li>Entreprise de formation 1A IHK, 2020<\/li>\n<\/ul>\n<\/div><\/div><\/div><\/div><\/div><\/div><\/div><\/div><\/p>\n","protected":false},"excerpt":{"rendered":"","protected":false},"author":6,"featured_media":16453,"parent":7172,"menu_order":4,"comment_status":"closed","ping_status":"closed","template":"100-width.php","meta":{"footnotes":""},"class_list":["post-10790","page","type-page","status-publish","has-post-thumbnail","hentry"],"_links":{"self":[{"href":"https:\/\/www.colordruck.net\/fr\/wp-json\/wp\/v2\/pages\/10790","targetHints":{"allow":["GET"]}}],"collection":[{"href":"https:\/\/www.colordruck.net\/fr\/wp-json\/wp\/v2\/pages"}],"about":[{"href":"https:\/\/www.colordruck.net\/fr\/wp-json\/wp\/v2\/types\/page"}],"author":[{"embeddable":true,"href":"https:\/\/www.colordruck.net\/fr\/wp-json\/wp\/v2\/users\/6"}],"replies":[{"embeddable":true,"href":"https:\/\/www.colordruck.net\/fr\/wp-json\/wp\/v2\/comments?post=10790"}],"version-history":[{"count":13,"href":"https:\/\/www.colordruck.net\/fr\/wp-json\/wp\/v2\/pages\/10790\/revisions"}],"predecessor-version":[{"id":18657,"href":"https:\/\/www.colordruck.net\/fr\/wp-json\/wp\/v2\/pages\/10790\/revisions\/18657"}],"up":[{"embeddable":true,"href":"https:\/\/www.colordruck.net\/fr\/wp-json\/wp\/v2\/pages\/7172"}],"wp:featuredmedia":[{"embeddable":true,"href":"https:\/\/www.colordruck.net\/fr\/wp-json\/wp\/v2\/media\/16453"}],"wp:attachment":[{"href":"https:\/\/www.colordruck.net\/fr\/wp-json\/wp\/v2\/media?parent=10790"}],"curies":[{"name":"wp","href":"https:\/\/api.w.org\/{rel}","templated":true}]}}