{"id":10782,"date":"2022-10-12T14:44:54","date_gmt":"2022-10-12T12:44:54","guid":{"rendered":"http:\/\/wp.colordruck.net\/durabilite\/responsabilite-sociale\/"},"modified":"2025-02-26T10:17:22","modified_gmt":"2025-02-26T09:17:22","slug":"responsabilite-sociale","status":"publish","type":"page","link":"https:\/\/www.colordruck.net\/fr\/durabilite\/responsabilite-sociale\/","title":{"rendered":"Responsabilit\u00e9 sociale"},"content":{"rendered":"<p><div class=\"fusion-fullwidth fullwidth-box fusion-builder-row-1 fusion-flex-container nonhundred-percent-fullwidth non-hundred-percent-height-scrolling\" style=\"--awb-border-radius-top-left:0px;--awb-border-radius-top-right:0px;--awb-border-radius-bottom-right:0px;--awb-border-radius-bottom-left:0px;--awb-padding-top:60px;--awb-padding-bottom:0px;--awb-flex-wrap:wrap;\" ><div class=\"fusion-builder-row fusion-row fusion-flex-align-items-flex-start fusion-flex-content-wrap\" style=\"max-width:1248px;margin-left: calc(-4% \/ 2 );margin-right: calc(-4% \/ 2 );\"><div class=\"fusion-layout-column fusion_builder_column fusion-builder-column-0 fusion_builder_column_1_1 1_1 fusion-flex-column\" style=\"--awb-bg-size:cover;--awb-width-large:100%;--awb-margin-top-large:20px;--awb-spacing-right-large:1.92%;--awb-margin-bottom-large:20px;--awb-spacing-left-large:1.92%;--awb-width-medium:100%;--awb-order-medium:0;--awb-spacing-right-medium:1.92%;--awb-spacing-left-medium:1.92%;--awb-width-small:100%;--awb-order-small:0;--awb-spacing-right-small:1.92%;--awb-spacing-left-small:1.92%;\"><div class=\"fusion-column-wrapper fusion-column-has-shadow fusion-flex-justify-content-flex-start fusion-content-layout-column\"><div class=\"fusion-text fusion-text-1 awb-text-cols fusion-text-columns-2\" style=\"--awb-columns:2;--awb-column-spacing:50px;--awb-column-min-width:450px;\"><p>Le niveau de performance d&rsquo;une entreprise est celui de ses collaborateurs. Nous sommes tr\u00e8s conscients de notre responsabilit\u00e9 sociale. Un environnement de travail ergonomique favorise la motivation et le maintien de la sant\u00e9 de nos collaborateurs. Parce qu&rsquo;ils portent chaque jour une grande partie du succ\u00e8s de l&rsquo;entreprise entre leurs mains.<\/p>\n<p>En tant qu&rsquo;entreprise r\u00e9gionale soucieuse de l&rsquo;environnement, nous attachons une grande importance au bien-\u00eatre de la r\u00e9gion. Ici aussi, l&rsquo;engagement social est primordial pour nous. Avec des dons, nous soutenons r\u00e9guli\u00e8rement des projets sociaux.<\/p>\n<\/div><\/div><\/div><\/div><\/div><div class=\"fusion-fullwidth fullwidth-box fusion-builder-row-2 fusion-flex-container nonhundred-percent-fullwidth non-hundred-percent-height-scrolling\" style=\"--awb-border-radius-top-left:0px;--awb-border-radius-top-right:0px;--awb-border-radius-bottom-right:0px;--awb-border-radius-bottom-left:0px;--awb-flex-wrap:wrap;\" ><div class=\"fusion-builder-row fusion-row fusion-flex-align-items-flex-start fusion-flex-content-wrap\" style=\"max-width:1248px;margin-left: calc(-4% \/ 2 );margin-right: calc(-4% \/ 2 );\"><div class=\"fusion-layout-column fusion_builder_column fusion-builder-column-1 fusion_builder_column_1_1 1_1 fusion-flex-column\" style=\"--awb-bg-size:cover;--awb-width-large:100%;--awb-margin-top-large:20px;--awb-spacing-right-large:1.92%;--awb-margin-bottom-large:20px;--awb-spacing-left-large:1.92%;--awb-width-medium:100%;--awb-order-medium:0;--awb-spacing-right-medium:1.92%;--awb-spacing-left-medium:1.92%;--awb-width-small:100%;--awb-order-small:0;--awb-spacing-right-small:1.92%;--awb-spacing-left-small:1.92%;\"><div class=\"fusion-column-wrapper fusion-column-has-shadow fusion-flex-justify-content-flex-start fusion-content-layout-column\"><div class=\"fusion-title title fusion-title-1 fusion-sep-none fusion-title-text fusion-title-size-two\"><h2 class=\"fusion-title-heading title-heading-left fusion-responsive-typography-calculated\" style=\"margin:0;--fontSize:40;line-height:1.2;\">Indicateurs sociaux<span style=\"color: #4eaf46;\">.<\/span><\/h2><\/div><div class=\"fusion-counters-box counters-box row fusion-clearfix fusion-columns-3\" style=\"--awb-body-color:#002a5c;--awb-body-size:18;--awb-border-color:#ffffff;--awb-color:#4eaf46;--awb-title-size:50;--awb-icon-size:22;--awb-border-color:#ffffff;\"><div class=\"fusion-counter-box fusion-column col-counter-box counter-box-wrapper col-lg-4 col-md-4 col-sm-4\" data-animationOffset=\"top-into-view\"><div class=\"counter-box-container\"><div class=\"content-box-percentage content-box-counter\"><span class=\"display-counter\" data-value=\"312\" data-direction=\"up\" data-decimals=\"0\">0<\/span><\/div><div class=\"counter-box-content\">Nombre d&#8217;employ\u00e9s<\/div><\/div><\/div><div class=\"fusion-counter-box fusion-column col-counter-box counter-box-wrapper col-lg-4 col-md-4 col-sm-4\" data-animationOffset=\"top-into-view\"><div class=\"counter-box-container\"><div class=\"content-box-percentage content-box-counter\"><span class=\"display-counter\" data-value=\"2.8\" data-direction=\"up\" data-decimals=\"1\">0<\/span><span class=\"unit\">%<\/span><\/div><div class=\"counter-box-content\">Taux de fluctuation<\/div><\/div><\/div><div class=\"fusion-counter-box fusion-column col-counter-box counter-box-wrapper col-lg-4 col-md-4 col-sm-4\" data-animationOffset=\"top-into-view\"><div class=\"counter-box-container\"><div class=\"content-box-percentage content-box-counter\"><span class=\"display-counter\" data-value=\"4.7\" data-direction=\"up\" data-decimals=\"1\">0<\/span><span class=\"unit\">%<\/span><\/div><div class=\"counter-box-content\">Taux de personnes gravement handicap\u00e9es<\/div><\/div><\/div><div class=\"fusion-counter-box fusion-column col-counter-box counter-box-wrapper col-lg-4 col-md-4 col-sm-4\" data-animationOffset=\"top-into-view\"><div class=\"counter-box-container\"><div class=\"content-box-percentage content-box-counter\"><span class=\"display-counter\" data-value=\"95.9\" data-direction=\"up\" data-decimals=\"1\">0<\/span><span class=\"unit\">%<\/span><\/div><div class=\"counter-box-content\">Taux de sant\u00e9<\/div><\/div><\/div><div class=\"fusion-counter-box fusion-column col-counter-box counter-box-wrapper col-lg-4 col-md-4 col-sm-4\" data-animationOffset=\"top-into-view\"><div class=\"counter-box-container\"><div class=\"content-box-percentage content-box-counter\"><span class=\"display-counter\" data-value=\"18\" data-direction=\"up\" data-decimals=\"0\">0<\/span><\/div><div class=\"counter-box-content\">Nombre d&rsquo;apprentis<\/div><\/div><\/div><div class=\"fusion-counter-box fusion-column col-counter-box counter-box-wrapper col-lg-4 col-md-4 col-sm-4\" data-animationOffset=\"top-into-view\"><div class=\"counter-box-container\"><div class=\"content-box-percentage content-box-counter\"><span class=\"display-counter\" data-value=\"6\" data-direction=\"up\" data-decimals=\"0\">0<\/span><span class=\"unit\">%<\/span><\/div><div class=\"counter-box-content\">Taux de formation<\/div><\/div><\/div><\/div><\/div><\/div><\/div><\/div><div class=\"fusion-fullwidth fullwidth-box fusion-builder-row-3 fusion-flex-container has-pattern-background has-mask-background nonhundred-percent-fullwidth non-hundred-percent-height-scrolling\" style=\"--awb-border-radius-top-left:0px;--awb-border-radius-top-right:0px;--awb-border-radius-bottom-right:0px;--awb-border-radius-bottom-left:0px;--awb-background-color:rgba(198,198,198,0.41);--awb-flex-wrap:wrap;\" ><div class=\"fusion-builder-row fusion-row fusion-flex-align-items-flex-start fusion-flex-content-wrap\" style=\"max-width:1248px;margin-left: calc(-4% \/ 2 );margin-right: calc(-4% \/ 2 );\"><div class=\"fusion-layout-column fusion_builder_column fusion-builder-column-2 fusion_builder_column_1_2 1_2 fusion-flex-column\" style=\"--awb-bg-size:cover;--awb-width-large:50%;--awb-margin-top-large:20px;--awb-spacing-right-large:3.84%;--awb-margin-bottom-large:20px;--awb-spacing-left-large:3.84%;--awb-width-medium:50%;--awb-order-medium:0;--awb-spacing-right-medium:3.84%;--awb-spacing-left-medium:3.84%;--awb-width-small:100%;--awb-order-small:0;--awb-spacing-right-small:1.92%;--awb-spacing-left-small:1.92%;\"><div class=\"fusion-column-wrapper fusion-column-has-shadow fusion-flex-justify-content-flex-start fusion-content-layout-column\"><div class=\"fusion-image-element \" style=\"--awb-caption-title-font-family:var(--h2_typography-font-family);--awb-caption-title-font-weight:var(--h2_typography-font-weight);--awb-caption-title-font-style:var(--h2_typography-font-style);--awb-caption-title-size:var(--h2_typography-font-size);--awb-caption-title-transform:var(--h2_typography-text-transform);--awb-caption-title-line-height:var(--h2_typography-line-height);--awb-caption-title-letter-spacing:var(--h2_typography-letter-spacing);\"><span class=\" fusion-imageframe imageframe-none imageframe-1 hover-type-none\" style=\"border-radius:8px;\"><img decoding=\"async\" width=\"1024\" height=\"768\" title=\"Sozial_Team_Gemeinsam\" src=\"https:\/\/www.colordruck.net\/wp-content\/uploads\/2022\/08\/Sozial_Team_Gemeinsam-1024x768.jpg\" alt class=\"img-responsive wp-image-10032\" srcset=\"https:\/\/www.colordruck.net\/wp-content\/uploads\/2022\/08\/Sozial_Team_Gemeinsam-200x150.jpg 200w, https:\/\/www.colordruck.net\/wp-content\/uploads\/2022\/08\/Sozial_Team_Gemeinsam-400x300.jpg 400w, https:\/\/www.colordruck.net\/wp-content\/uploads\/2022\/08\/Sozial_Team_Gemeinsam-600x450.jpg 600w, https:\/\/www.colordruck.net\/wp-content\/uploads\/2022\/08\/Sozial_Team_Gemeinsam-800x600.jpg 800w, https:\/\/www.colordruck.net\/wp-content\/uploads\/2022\/08\/Sozial_Team_Gemeinsam-1200x900.jpg 1200w\" sizes=\"(max-width: 770px) 100vw, 600px\" \/><\/span><\/div><\/div><\/div><div class=\"fusion-layout-column fusion_builder_column fusion-builder-column-3 fusion_builder_column_1_2 1_2 fusion-flex-column\" style=\"--awb-bg-size:cover;--awb-width-large:50%;--awb-margin-top-large:20px;--awb-spacing-right-large:3.84%;--awb-margin-bottom-large:20px;--awb-spacing-left-large:3.84%;--awb-width-medium:50%;--awb-order-medium:0;--awb-spacing-right-medium:3.84%;--awb-spacing-left-medium:3.84%;--awb-width-small:100%;--awb-order-small:0;--awb-spacing-right-small:1.92%;--awb-spacing-left-small:1.92%;\"><div class=\"fusion-column-wrapper fusion-column-has-shadow fusion-flex-justify-content-flex-start fusion-content-layout-column\"><div class=\"fusion-title title fusion-title-2 fusion-sep-none fusion-title-text fusion-title-size-two\"><h2 class=\"fusion-title-heading title-heading-left fusion-responsive-typography-calculated\" style=\"margin:0;--fontSize:40;line-height:1.2;\">Politique du personnel<span style=\"color: #4eaf46;\">.<\/span><\/h2><\/div><div class=\"fusion-text fusion-text-2\"><p>Pour nous, la responsabilit\u00e9 implique d&rsquo;int\u00e9grer \u00e9galement les questions sociales dans les d\u00e9cisions entrepreneuriales. Employant 284 collaborateurs, colordruck Baiersbronn repr\u00e9sente un employeur industriel important dans la r\u00e9gion. Nos racines sont profond\u00e9ment ancr\u00e9es dans la communaut\u00e9 locale et ce n&rsquo;est pas la seule raison pour laquelle nous sommes conscients de notre responsabilit\u00e9 sociale. Nos collaborateurs constituent notre bien le plus pr\u00e9cieux \u2013 ils soutiennent l&rsquo;entreprise et son succ\u00e8s. Notre mission est de positionner durablement l&rsquo;entreprise en tant que marque employeur attrayante et de le prouver activement.<\/p>\n<\/div><div ><a class=\"fusion-button button-flat fusion-button-default-size button-default fusion-button-default button-1 fusion-button-default-span fusion-button-default-type\" target=\"_self\" href=\"https:\/\/www.colordruck.net\/fr\/carriere\/\"><span class=\"fusion-button-text awb-button__text awb-button__text--default\">Nos avantages<\/span><\/a><\/div><\/div><\/div><\/div><\/div><div class=\"fusion-fullwidth fullwidth-box fusion-builder-row-4 fusion-flex-container nonhundred-percent-fullwidth non-hundred-percent-height-scrolling\" style=\"--awb-border-radius-top-left:0px;--awb-border-radius-top-right:0px;--awb-border-radius-bottom-right:0px;--awb-border-radius-bottom-left:0px;--awb-padding-top:60px;--awb-padding-bottom:0px;--awb-flex-wrap:wrap;\" ><div class=\"fusion-builder-row fusion-row fusion-flex-align-items-flex-start fusion-flex-content-wrap\" style=\"max-width:1248px;margin-left: calc(-4% \/ 2 );margin-right: calc(-4% \/ 2 );\"><div class=\"fusion-layout-column fusion_builder_column fusion-builder-column-4 fusion_builder_column_1_1 1_1 fusion-flex-column\" style=\"--awb-bg-size:cover;--awb-width-large:100%;--awb-margin-top-large:20px;--awb-spacing-right-large:1.92%;--awb-margin-bottom-large:20px;--awb-spacing-left-large:1.92%;--awb-width-medium:100%;--awb-order-medium:0;--awb-spacing-right-medium:1.92%;--awb-spacing-left-medium:1.92%;--awb-width-small:100%;--awb-order-small:0;--awb-spacing-right-small:1.92%;--awb-spacing-left-small:1.92%;\"><div class=\"fusion-column-wrapper fusion-column-has-shadow fusion-flex-justify-content-flex-start fusion-content-layout-column\"><div class=\"fusion-title title fusion-title-3 fusion-sep-none fusion-title-text fusion-title-size-two\"><h2 class=\"fusion-title-heading title-heading-left fusion-responsive-typography-calculated\" style=\"margin:0;--fontSize:40;line-height:1.2;\">Engagement social<span style=\"color: #4eaf46;\">.<\/span><\/h2><\/div><div class=\"fusion-text fusion-text-3\"><p>En tant qu&rsquo;entreprise fortement enracin\u00e9e dans la r\u00e9gion, l&rsquo;engagement social nous tient particuli\u00e8rement \u00e0 c\u0153ur. Depuis des ann\u00e9es, nous soutenons des projets sociaux cibl\u00e9s par des dons et nous nous engageons activement pour le bien-\u00eatre de nos concitoyens. Pour nous, il est \u00e9vident d&rsquo;assumer une responsabilit\u00e9 sociale et d&rsquo;apporter une contribution positive \u00e0 la communaut\u00e9.<\/p>\n<p>Outre les dons \u00e0 des fins caritatives, nous nous engageons \u00e9galement en tant que sponsor afin de soutenir durablement les associations et initiatives locales. Nous sommes heureux d&rsquo;\u00eatre le sponsor principal de la SG Oberes Murgtal, de renforcer la rel\u00e8ve sportive et de soutenir le travail associatif r\u00e9gional.<\/p>\n<p>Gr\u00e2ce \u00e0 nos dons et \u00e0 notre sponsoring, nous contribuons \u00e0 maintenir et \u00e0 d\u00e9velopper les offres sociales et culturelles dans la r\u00e9gion. Car nous sommes convaincus qu&rsquo;ensemble, nous pouvons faire de grandes choses et participer activement \u00e0 la construction de l&rsquo;avenir.<\/p>\n<\/div><div class=\"fusion-builder-row fusion-builder-row-inner fusion-row fusion-flex-align-items-flex-start fusion-flex-content-wrap\" style=\"width:104% !important;max-width:104% !important;margin-left: calc(-4% \/ 2 );margin-right: calc(-4% \/ 2 );\"><div class=\"fusion-layout-column fusion_builder_column_inner fusion-builder-nested-column-0 fusion_builder_column_inner_1_3 1_3 fusion-flex-column\" style=\"--awb-bg-size:cover;--awb-width-large:33.333333333333%;--awb-margin-top-large:20px;--awb-spacing-right-large:5.76%;--awb-margin-bottom-large:20px;--awb-spacing-left-large:5.76%;--awb-width-medium:33.333333333333%;--awb-order-medium:0;--awb-spacing-right-medium:5.76%;--awb-spacing-left-medium:5.76%;--awb-width-small:100%;--awb-order-small:0;--awb-spacing-right-small:1.92%;--awb-spacing-left-small:1.92%;\"><div class=\"fusion-column-wrapper fusion-column-has-shadow fusion-flex-justify-content-flex-start fusion-content-layout-column\"><div class=\"fusion-image-element \" style=\"--awb-caption-title-font-family:var(--h2_typography-font-family);--awb-caption-title-font-weight:var(--h2_typography-font-weight);--awb-caption-title-font-style:var(--h2_typography-font-style);--awb-caption-title-size:var(--h2_typography-font-size);--awb-caption-title-transform:var(--h2_typography-text-transform);--awb-caption-title-line-height:var(--h2_typography-line-height);--awb-caption-title-letter-spacing:var(--h2_typography-letter-spacing);\"><span class=\" fusion-imageframe imageframe-none imageframe-2 hover-type-none\"><img decoding=\"async\" width=\"2040\" height=\"1470\" title=\"250225_Sponsoring-SG-Oberes-Murgtal\" src=\"https:\/\/www.colordruck.net\/wp-content\/uploads\/2025\/02\/250225_Sponsoring-SG-Oberes-Murgtal.jpg\" alt class=\"img-responsive wp-image-19042\" srcset=\"https:\/\/www.colordruck.net\/wp-content\/uploads\/2025\/02\/250225_Sponsoring-SG-Oberes-Murgtal-200x144.jpg 200w, https:\/\/www.colordruck.net\/wp-content\/uploads\/2025\/02\/250225_Sponsoring-SG-Oberes-Murgtal-400x288.jpg 400w, https:\/\/www.colordruck.net\/wp-content\/uploads\/2025\/02\/250225_Sponsoring-SG-Oberes-Murgtal-600x432.jpg 600w, https:\/\/www.colordruck.net\/wp-content\/uploads\/2025\/02\/250225_Sponsoring-SG-Oberes-Murgtal-800x576.jpg 800w, https:\/\/www.colordruck.net\/wp-content\/uploads\/2025\/02\/250225_Sponsoring-SG-Oberes-Murgtal-1200x865.jpg 1200w, https:\/\/www.colordruck.net\/wp-content\/uploads\/2025\/02\/250225_Sponsoring-SG-Oberes-Murgtal.jpg 2040w\" sizes=\"(max-width: 770px) 100vw, 400px\" \/><\/span><\/div><div class=\"fusion-title title fusion-title-4 fusion-sep-none fusion-title-center fusion-title-text fusion-title-size-four\"><h4 class=\"fusion-title-heading title-heading-center fusion-responsive-typography-calculated\" style=\"margin:0;--fontSize:24;line-height:1.42;\"><h1 class=\"fusion-title-heading title-heading-left fusion-responsive-typography-calculated\" style=\"text-align: center;\">Sponsor principal de la SG Oberes Murgtal<\/h1><\/h4><\/div><div class=\"fusion-text fusion-text-4\"><p>En tant qu&rsquo;entreprise responsable avec des racines r\u00e9gionales fortes, nous nous engageons d\u00e8s maintenant comme sponsor principal de l&rsquo;association SG Oberes Murgtal [&#8230;].<\/p>\n<\/div><div ><a class=\"fusion-button button-flat fusion-button-default-size button-default fusion-button-default button-2 fusion-button-default-span fusion-button-default-type\" target=\"_self\" href=\"https:\/\/www.colordruck.net\/fr\/2025\/02\/21\/avec-colordruck-baiersbronn-au-ballon-sponsor-principal-de-sg-oberes-murgtal\/\"><span class=\"fusion-button-text awb-button__text awb-button__text--default\">Vers l&rsquo;article<\/span><\/a><\/div><\/div><\/div><div class=\"fusion-layout-column fusion_builder_column_inner fusion-builder-nested-column-1 fusion_builder_column_inner_1_3 1_3 fusion-flex-column\" style=\"--awb-bg-size:cover;--awb-width-large:33.333333333333%;--awb-margin-top-large:20px;--awb-spacing-right-large:5.76%;--awb-margin-bottom-large:20px;--awb-spacing-left-large:5.76%;--awb-width-medium:33.333333333333%;--awb-order-medium:0;--awb-spacing-right-medium:5.76%;--awb-spacing-left-medium:5.76%;--awb-width-small:100%;--awb-order-small:0;--awb-spacing-right-small:1.92%;--awb-spacing-left-small:1.92%;\"><div class=\"fusion-column-wrapper fusion-column-has-shadow fusion-flex-justify-content-flex-start fusion-content-layout-column\"><div class=\"fusion-image-element \" style=\"--awb-caption-title-font-family:var(--h2_typography-font-family);--awb-caption-title-font-weight:var(--h2_typography-font-weight);--awb-caption-title-font-style:var(--h2_typography-font-style);--awb-caption-title-size:var(--h2_typography-font-size);--awb-caption-title-transform:var(--h2_typography-text-transform);--awb-caption-title-line-height:var(--h2_typography-line-height);--awb-caption-title-letter-spacing:var(--h2_typography-letter-spacing);\"><span class=\" fusion-imageframe imageframe-none imageframe-3 hover-type-none\"><img decoding=\"async\" width=\"2040\" height=\"1470\" title=\"250130_Spenden\u00fcbergabe_Jugendmusikschule-Baiersbronn\" src=\"https:\/\/www.colordruck.net\/wp-content\/uploads\/2025\/01\/250130_Spendenuebergabe_Jugendmusikschule-Baiersbronn.png\" alt class=\"img-responsive wp-image-18866\" srcset=\"https:\/\/www.colordruck.net\/wp-content\/uploads\/2025\/01\/250130_Spendenuebergabe_Jugendmusikschule-Baiersbronn-200x144.png 200w, https:\/\/www.colordruck.net\/wp-content\/uploads\/2025\/01\/250130_Spendenuebergabe_Jugendmusikschule-Baiersbronn-400x288.png 400w, https:\/\/www.colordruck.net\/wp-content\/uploads\/2025\/01\/250130_Spendenuebergabe_Jugendmusikschule-Baiersbronn-600x432.png 600w, https:\/\/www.colordruck.net\/wp-content\/uploads\/2025\/01\/250130_Spendenuebergabe_Jugendmusikschule-Baiersbronn-800x576.png 800w, https:\/\/www.colordruck.net\/wp-content\/uploads\/2025\/01\/250130_Spendenuebergabe_Jugendmusikschule-Baiersbronn-1200x865.png 1200w, https:\/\/www.colordruck.net\/wp-content\/uploads\/2025\/01\/250130_Spendenuebergabe_Jugendmusikschule-Baiersbronn.png 2040w\" sizes=\"(max-width: 770px) 100vw, 400px\" \/><\/span><\/div><div class=\"fusion-title title fusion-title-5 fusion-sep-none fusion-title-center fusion-title-text fusion-title-size-four\"><h4 class=\"fusion-title-heading title-heading-center fusion-responsive-typography-calculated\" style=\"margin:0;--fontSize:24;line-height:1.42;\"><h1 style=\"text-align: center;\">Soutien \u00e0 l&rsquo;\u00e9ducation musicale dans la r\u00e9gion<\/h1><\/h4><\/div><div class=\"fusion-text fusion-text-5\"><p>La promotion des initiatives locales et de notre patrie nous tient \u00e0 c\u0153ur. C&rsquo;est pourquoi nous avons fait un don de 15.000 euros \u00e0 l&rsquo;\u00e9cole de musique pour jeunes de Baiersbronn [&#8230;].<\/p>\n<\/div><div ><a class=\"fusion-button button-flat fusion-button-default-size button-default fusion-button-default button-3 fusion-button-default-span fusion-button-default-type\" target=\"_self\" href=\"https:\/\/www.colordruck.net\/fr\/2025\/01\/30\/soutien-a-leducation-musicale-dans-la-region\/\"><span class=\"fusion-button-text awb-button__text awb-button__text--default\">Vers l&rsquo;article<\/span><\/a><\/div><\/div><\/div><div class=\"fusion-layout-column fusion_builder_column_inner fusion-builder-nested-column-2 fusion_builder_column_inner_1_3 1_3 fusion-flex-column\" style=\"--awb-bg-size:cover;--awb-width-large:33.333333333333%;--awb-margin-top-large:20px;--awb-spacing-right-large:5.76%;--awb-margin-bottom-large:20px;--awb-spacing-left-large:5.76%;--awb-width-medium:33.333333333333%;--awb-order-medium:0;--awb-spacing-right-medium:5.76%;--awb-spacing-left-medium:5.76%;--awb-width-small:100%;--awb-order-small:0;--awb-spacing-right-small:1.92%;--awb-spacing-left-small:1.92%;\"><div class=\"fusion-column-wrapper fusion-column-has-shadow fusion-flex-justify-content-flex-start fusion-content-layout-column\"><div class=\"fusion-image-element \" style=\"--awb-caption-title-font-family:var(--h2_typography-font-family);--awb-caption-title-font-weight:var(--h2_typography-font-weight);--awb-caption-title-font-style:var(--h2_typography-font-style);--awb-caption-title-size:var(--h2_typography-font-size);--awb-caption-title-transform:var(--h2_typography-text-transform);--awb-caption-title-line-height:var(--h2_typography-line-height);--awb-caption-title-letter-spacing:var(--h2_typography-letter-spacing);\"><span class=\" fusion-imageframe imageframe-none imageframe-4 hover-type-none\"><img decoding=\"async\" width=\"2040\" height=\"1470\" title=\"300425_Wasserspender-JGS\" src=\"https:\/\/www.colordruck.net\/wp-content\/uploads\/2024\/04\/300425_Wasserspender-JGS.jpg\" alt class=\"img-responsive wp-image-17207\" srcset=\"https:\/\/www.colordruck.net\/wp-content\/uploads\/2024\/04\/300425_Wasserspender-JGS-200x144.jpg 200w, https:\/\/www.colordruck.net\/wp-content\/uploads\/2024\/04\/300425_Wasserspender-JGS-400x288.jpg 400w, https:\/\/www.colordruck.net\/wp-content\/uploads\/2024\/04\/300425_Wasserspender-JGS-600x432.jpg 600w, https:\/\/www.colordruck.net\/wp-content\/uploads\/2024\/04\/300425_Wasserspender-JGS-800x576.jpg 800w, https:\/\/www.colordruck.net\/wp-content\/uploads\/2024\/04\/300425_Wasserspender-JGS-1200x865.jpg 1200w, https:\/\/www.colordruck.net\/wp-content\/uploads\/2024\/04\/300425_Wasserspender-JGS.jpg 2040w\" sizes=\"(max-width: 770px) 100vw, 400px\" \/><\/span><\/div><div class=\"fusion-title title fusion-title-6 fusion-sep-none fusion-title-center fusion-title-text fusion-title-size-four\"><h4 class=\"fusion-title-heading title-heading-center fusion-responsive-typography-calculated\" style=\"margin:0;--fontSize:24;line-height:1.42;\"><h1 class=\"fusion-title-heading title-heading-left fusion-responsive-typography-calculated\" style=\"text-align: center;\">Fontaine \u00e0 eau pour l&rsquo;\u00e9cole Johannes-Gaiser<\/h1><\/h4><\/div><div class=\"fusion-text fusion-text-6\"><p>L&rsquo;\u00e9cole Johannes Gaiser de Baiersbronn est heureuse d&rsquo;avoir re\u00e7u un don mat\u00e9riel g\u00e9n\u00e9reux pour une fontaine \u00e0 eau, y compris un premier lot de gourdes [&#8230;].<\/p>\n<\/div><div ><a class=\"fusion-button button-flat fusion-button-default-size button-default fusion-button-default button-4 fusion-button-default-span fusion-button-default-type\" target=\"_self\" href=\"https:\/\/www.colordruck.net\/fr\/2024\/04\/30\/fontaine-a-eau-pour-lecole-johannes-gaiser\/\"><span class=\"fusion-button-text awb-button__text awb-button__text--default\">Vers l&rsquo;article<\/span><\/a><\/div><\/div><\/div><\/div><\/div><\/div><\/div><\/div><\/p>\n","protected":false},"excerpt":{"rendered":"","protected":false},"author":6,"featured_media":20813,"parent":7172,"menu_order":4,"comment_status":"closed","ping_status":"closed","template":"100-width.php","meta":{"footnotes":""},"class_list":["post-10782","page","type-page","status-publish","has-post-thumbnail","hentry"],"_links":{"self":[{"href":"https:\/\/www.colordruck.net\/fr\/wp-json\/wp\/v2\/pages\/10782","targetHints":{"allow":["GET"]}}],"collection":[{"href":"https:\/\/www.colordruck.net\/fr\/wp-json\/wp\/v2\/pages"}],"about":[{"href":"https:\/\/www.colordruck.net\/fr\/wp-json\/wp\/v2\/types\/page"}],"author":[{"embeddable":true,"href":"https:\/\/www.colordruck.net\/fr\/wp-json\/wp\/v2\/users\/6"}],"replies":[{"embeddable":true,"href":"https:\/\/www.colordruck.net\/fr\/wp-json\/wp\/v2\/comments?post=10782"}],"version-history":[{"count":21,"href":"https:\/\/www.colordruck.net\/fr\/wp-json\/wp\/v2\/pages\/10782\/revisions"}],"predecessor-version":[{"id":19083,"href":"https:\/\/www.colordruck.net\/fr\/wp-json\/wp\/v2\/pages\/10782\/revisions\/19083"}],"up":[{"embeddable":true,"href":"https:\/\/www.colordruck.net\/fr\/wp-json\/wp\/v2\/pages\/7172"}],"wp:featuredmedia":[{"embeddable":true,"href":"https:\/\/www.colordruck.net\/fr\/wp-json\/wp\/v2\/media\/20813"}],"wp:attachment":[{"href":"https:\/\/www.colordruck.net\/fr\/wp-json\/wp\/v2\/media?parent=10782"}],"curies":[{"name":"wp","href":"https:\/\/api.w.org\/{rel}","templated":true}]}}